{"id":411,"date":"2023-10-11T09:00:26","date_gmt":"2023-10-11T09:00:26","guid":{"rendered":"https:\/\/www.minunhyvinvointi.fi\/?page_id=411"},"modified":"2025-06-25T20:18:55","modified_gmt":"2025-06-25T17:18:55","slug":"kukkaterapia","status":"publish","type":"page","link":"https:\/\/minunhyvinvointi.fi\/fi\/kukkaterapia\/","title":{"rendered":"Mit\u00e4 Bachin kukkaterapia on?"},"content":{"rendered":"\t\t<div data-elementor-type=\"wp-page\" data-elementor-id=\"411\" class=\"elementor elementor-411\">\n\t\t\t\t<div class=\"elementor-element elementor-element-ab7ae28 e-flex e-con-boxed parallax_section_no qode_elementor_container_no e-con e-parent\" data-id=\"ab7ae28\" data-element_type=\"container\" data-e-type=\"container\">\n\t\t\t\t\t<div class=\"e-con-inner\">\n\t\t<div class=\"elementor-element elementor-element-9e64ebf e-con-full e-flex parallax_section_no qode_elementor_container_no e-con e-child\" data-id=\"9e64ebf\" data-element_type=\"container\" data-e-type=\"container\">\n\t\t\t\t<div class=\"elementor-element elementor-element-88b0857 elementor-widget elementor-widget-image\" data-id=\"88b0857\" data-element_type=\"widget\" data-e-type=\"widget\" data-widget_type=\"image.default\">\n\t\t\t\t<div class=\"elementor-widget-container\">\n\t\t\t\t\t\t\t\t\t\t\t\t\t\t\t<img fetchpriority=\"high\" decoding=\"async\" width=\"1024\" height=\"683\" src=\"https:\/\/minunhyvinvointi.fi\/wp-content\/uploads\/2023\/11\/Bach-kukkatipat-1024x683.jpg\" class=\"attachment-large size-large wp-image-1515\" alt=\"\" srcset=\"https:\/\/minunhyvinvointi.fi\/wp-content\/uploads\/2023\/11\/Bach-kukkatipat-1024x683.jpg 1024w, https:\/\/minunhyvinvointi.fi\/wp-content\/uploads\/2023\/11\/Bach-kukkatipat-300x200.jpg 300w, https:\/\/minunhyvinvointi.fi\/wp-content\/uploads\/2023\/11\/Bach-kukkatipat-768x512.jpg 768w, https:\/\/minunhyvinvointi.fi\/wp-content\/uploads\/2023\/11\/Bach-kukkatipat-1536x1024.jpg 1536w, https:\/\/minunhyvinvointi.fi\/wp-content\/uploads\/2023\/11\/Bach-kukkatipat-2048x1365.jpg 2048w, https:\/\/minunhyvinvointi.fi\/wp-content\/uploads\/2023\/11\/Bach-kukkatipat-700x467.jpg 700w, https:\/\/minunhyvinvointi.fi\/wp-content\/uploads\/2023\/11\/Bach-kukkatipat-600x400.jpg 600w\" sizes=\"(max-width: 1024px) 100vw, 1024px\" \/>\t\t\t\t\t\t\t\t\t\t\t\t\t\t\t<\/div>\n\t\t\t\t<\/div>\n\t\t\t\t<\/div>\n\t\t\t\t<div class=\"elementor-element elementor-element-76a446c elementor-widget elementor-widget-spacer\" data-id=\"76a446c\" data-element_type=\"widget\" data-e-type=\"widget\" data-widget_type=\"spacer.default\">\n\t\t\t\t<div class=\"elementor-widget-container\">\n\t\t\t\t\t\t\t<div class=\"elementor-spacer\">\n\t\t\t<div class=\"elementor-spacer-inner\"><\/div>\n\t\t<\/div>\n\t\t\t\t\t\t<\/div>\n\t\t\t\t<\/div>\n\t\t<div class=\"elementor-element elementor-element-997c2ac e-con-full e-flex parallax_section_no qode_elementor_container_no e-con e-child\" data-id=\"997c2ac\" data-element_type=\"container\" data-e-type=\"container\">\n\t\t\t\t<\/div>\n\t\t\t\t\t<\/div>\n\t\t\t\t<\/div>\n\t\t<div class=\"elementor-element elementor-element-d35da30 e-flex e-con-boxed parallax_section_no qode_elementor_container_no e-con e-parent\" data-id=\"d35da30\" data-element_type=\"container\" data-e-type=\"container\">\n\t\t\t\t\t<div class=\"e-con-inner\">\n\t\t\t\t<div class=\"elementor-element elementor-element-b597dd0 elementor-widget elementor-widget-text-editor\" data-id=\"b597dd0\" data-element_type=\"widget\" data-e-type=\"widget\" data-widget_type=\"text-editor.default\">\n\t\t\t\t<div class=\"elementor-widget-container\">\n\t\t\t\t\t\t\t\t\t<p>Yksi kokonaisvaltaisen luonnonhoidon tyypeist\u00e4, jossa k\u00e4ytet\u00e4\u00e4n kasvin kukkia. Kukkanektaripisaravalmisteet sis\u00e4lt\u00e4v\u00e4t tunnetilaa tasapainottavaa ja mielenterveysongelmia lievitt\u00e4v\u00e4\u00e4 kasvienergiaa, mik\u00e4 palauttaa ihmiskehon itseparantumiskyvyn. Kun sielu on loukkaantunut, se antaa meille signaalin kehon kautta. Kukkaterapia on dr. Edward Bachin el\u00e4m\u00e4nty\u00f6, jonka tunnuslause on &#8221;Hoito tautia, \u00e4l\u00e4 tautia&#8221;, joka perustuu 38 kukasta valmistettuun valmisteeseen.<\/p><p>\u00a0<\/p><p>Englantilainen l\u00e4\u00e4k\u00e4ri, bakteriologi, kirurgi ja patologi Edward Bach (1886-1936) kiinnitti suurta huomiota sairaiden syviin syihin hoitaessaan sairaita, koska h\u00e4n oli vakuuttunut siit\u00e4, ett\u00e4 kehossa ilmentyv\u00e4 sairaus on per\u00e4isin ihmisen sielun tilasta. . . Etsiess\u00e4\u00e4n kroonisten sairauksien perimm\u00e4ist\u00e4 syyt\u00e4 Bach tuli siihen tulokseen, ett\u00e4 kyseess\u00e4 on ep\u00e4harmonia kehon ja sielun v\u00e4lill\u00e4.<\/p><p>\u00a0<\/p><p>Bach loi parantava j\u00e4rjestelm\u00e4ns\u00e4 yksinkertaisella tavalla, jotta se olisi nopeasti kaikkien saatavilla ja ymm\u00e4rrett\u00e4v\u00e4. Suurin osa valmisteista on nestem\u00e4isess\u00e4 muodossa, joten ihminen voi sekoittaa erilaisia tippoja monimutkaiseksi valmisteeksi, joka vastaa h\u00e4nen nykyist\u00e4 tunnetilaansa. Tunteiden parantaminen ja tasapainottaminen k\u00e4ynnist\u00e4\u00e4 fyysisen kehon luonnolliset paranemisprosessit.<\/p><p>\u00a0<\/p><p>Sairaudet aiheuttavat ihmisiss\u00e4 pelkoa ja ep\u00e4varmuutta. Toisaalta pelko vie meilt\u00e4 voiman taistella tautia vastaan. Jokaisella ehdolla on oma kukkavalmistelunsa. Kukkatipat soveltuvat samanaikaisesti k\u00e4ytett\u00e4v\u00e4ksi yrtti- ja perinteisten l\u00e4\u00e4kehoitojen kanssa ja ovat my\u00f6s tehokas terapiamenetelm\u00e4 el\u00e4inten parantamiseen. Kukkavalmisteilla ei ole haitallisia sivuvaikutuksia eiv\u00e4tk\u00e4 ne aiheuta riippuvuutta.<\/p><p>Allergia: Vaikka allergiset reaktiot ovat harvinaisia.<\/p><p>\u00a0<\/p><p>Monet ihmiset tiet\u00e4v\u00e4t my\u00f6nteisi\u00e4 kokemuksia Bachin kukkal\u00e4\u00e4kkeiden k\u00e4yt\u00f6st\u00e4, tieteellist\u00e4 n\u00e4ytt\u00f6\u00e4 on.<\/p><p>\u00a0<\/p><p>Kun sielu on loukkaantunut, se antaa meille signaalin kehon kautta.<br \/>Kasvien energia tasapainottaa tunnetilaa ja lievitt\u00e4\u00e4 mielenterveysongelmia, mik\u00e4 palauttaa ihmiskehon kyvyn parantaa itsens\u00e4.<br \/>Kasvi jokaiseen tunnelmaan.<br \/>Jokainen l\u00e4\u00e4ke liittyy yhteen perustunteeseen.<br \/>Esimerkiksi Mimulus vastaa tietyn tunnetun asian aiheuttamaa pelkoa ja ahdistusta. Ruusunmarja tai villiruusu vastaa tylsyytt\u00e4 ja kiinnostuksen puutetta kaikessa, mit\u00e4 el\u00e4m\u00e4ll\u00e4 on tarjottavanaan.<\/p><p><br \/>Kukkaterapiasta on hy\u00f6ty\u00e4, jos<\/p>\t\t\t\t\t\t\t\t<\/div>\n\t\t\t\t<\/div>\n\t\t\t\t\t<\/div>\n\t\t\t\t<\/div>\n\t\t<div class=\"elementor-element elementor-element-4c443b0 e-flex e-con-boxed parallax_section_no qode_elementor_container_no e-con e-parent\" data-id=\"4c443b0\" data-element_type=\"container\" data-e-type=\"container\">\n\t\t\t\t\t<div class=\"e-con-inner\">\n\t\t\t\t<div class=\"elementor-element elementor-element-af349ad elementor-icon-list--layout-traditional elementor-list-item-link-full_width elementor-widget elementor-widget-icon-list\" data-id=\"af349ad\" data-element_type=\"widget\" data-e-type=\"widget\" data-widget_type=\"icon-list.default\">\n\t\t\t\t<div class=\"elementor-widget-container\">\n\t\t\t\t\t\t\t<ul class=\"elementor-icon-list-items\">\n\t\t\t\t\t\t\t<li class=\"elementor-icon-list-item\">\n\t\t\t\t\t\t\t\t\t\t\t<span class=\"elementor-icon-list-icon\">\n\t\t\t\t\t\t\t<i aria-hidden=\"true\" class=\"fas fa-leaf\"><\/i>\t\t\t\t\t\t<\/span>\n\t\t\t\t\t\t\t\t\t\t<span class=\"elementor-icon-list-text\">sinusta tuntuu, ett\u00e4 el\u00e4m\u00e4ss\u00e4si on monia pelkoja ja\/tai huolia<\/span>\n\t\t\t\t\t\t\t\t\t<\/li>\n\t\t\t\t\t\t\t\t<li class=\"elementor-icon-list-item\">\n\t\t\t\t\t\t\t\t\t\t\t<span class=\"elementor-icon-list-icon\">\n\t\t\t\t\t\t\t<i aria-hidden=\"true\" class=\"fas fa-leaf\"><\/i>\t\t\t\t\t\t<\/span>\n\t\t\t\t\t\t\t\t\t\t<span class=\"elementor-icon-list-text\">sinun on vaikea tehd\u00e4 p\u00e4\u00e4t\u00f6ksi\u00e4, lykk\u00e4\u00e4t asioita j\u00e4tkuvasti<\/span>\n\t\t\t\t\t\t\t\t\t<\/li>\n\t\t\t\t\t\t\t\t<li class=\"elementor-icon-list-item\">\n\t\t\t\t\t\t\t\t\t\t\t<span class=\"elementor-icon-list-icon\">\n\t\t\t\t\t\t\t<i aria-hidden=\"true\" class=\"fas fa-leaf\"><\/i>\t\t\t\t\t\t<\/span>\n\t\t\t\t\t\t\t\t\t\t<span class=\"elementor-icon-list-text\">mik\u00e4\u00e4n ei tee sinua iloiseksi tai surulliseksi<\/span>\n\t\t\t\t\t\t\t\t\t<\/li>\n\t\t\t\t\t\t\t\t<li class=\"elementor-icon-list-item\">\n\t\t\t\t\t\t\t\t\t\t\t<span class=\"elementor-icon-list-icon\">\n\t\t\t\t\t\t\t<i aria-hidden=\"true\" class=\"fas fa-leaf\"><\/i>\t\t\t\t\t\t<\/span>\n\t\t\t\t\t\t\t\t\t\t<span class=\"elementor-icon-list-text\">sinusta tuntuu, ett\u00e4 kaikki oli ennen hyvin<\/span>\n\t\t\t\t\t\t\t\t\t<\/li>\n\t\t\t\t\t\t\t\t<li class=\"elementor-icon-list-item\">\n\t\t\t\t\t\t\t\t\t\t\t<span class=\"elementor-icon-list-icon\">\n\t\t\t\t\t\t\t<i aria-hidden=\"true\" class=\"fas fa-leaf\"><\/i>\t\t\t\t\t\t<\/span>\n\t\t\t\t\t\t\t\t\t\t<span class=\"elementor-icon-list-text\">sinua vaivaavat toistuvat ei-toivotut ajatukset<\/span>\n\t\t\t\t\t\t\t\t\t<\/li>\n\t\t\t\t\t\t\t\t<li class=\"elementor-icon-list-item\">\n\t\t\t\t\t\t\t\t\t\t\t<span class=\"elementor-icon-list-icon\">\n\t\t\t\t\t\t\t<i aria-hidden=\"true\" class=\"fas fa-leaf\"><\/i>\t\t\t\t\t\t<\/span>\n\t\t\t\t\t\t\t\t\t\t<span class=\"elementor-icon-list-text\">haluat parempaa keskittymist\u00e4<\/span>\n\t\t\t\t\t\t\t\t\t<\/li>\n\t\t\t\t\t\t\t\t<li class=\"elementor-icon-list-item\">\n\t\t\t\t\t\t\t\t\t\t\t<span class=\"elementor-icon-list-icon\">\n\t\t\t\t\t\t\t<i aria-hidden=\"true\" class=\"fas fa-leaf\"><\/i>\t\t\t\t\t\t<\/span>\n\t\t\t\t\t\t\t\t\t\t<span class=\"elementor-icon-list-text\">haluat lis\u00e4\u00e4 itseluottamusta<\/span>\n\t\t\t\t\t\t\t\t\t<\/li>\n\t\t\t\t\t\t\t\t<li class=\"elementor-icon-list-item\">\n\t\t\t\t\t\t\t\t\t\t\t<span class=\"elementor-icon-list-icon\">\n\t\t\t\t\t\t\t<i aria-hidden=\"true\" class=\"fas fa-leaf\"><\/i>\t\t\t\t\t\t<\/span>\n\t\t\t\t\t\t\t\t\t\t<span class=\"elementor-icon-list-text\">olet v\u00e4synyt, kyll\u00e4stynyt etk\u00e4 onnistu kokeilemaan uusia asioita<\/span>\n\t\t\t\t\t\t\t\t\t<\/li>\n\t\t\t\t\t\t\t\t<li class=\"elementor-icon-list-item\">\n\t\t\t\t\t\t\t\t\t\t\t<span class=\"elementor-icon-list-icon\">\n\t\t\t\t\t\t\t<i aria-hidden=\"true\" class=\"fas fa-leaf\"><\/i>\t\t\t\t\t\t<\/span>\n\t\t\t\t\t\t\t\t\t\t<span class=\"elementor-icon-list-text\">el\u00e4m\u00e4ss\u00e4si on paljon yksin\u00e4isyytt\u00e4, yksin olemista (vaikka kest\u00e4isit sen hyvin)<\/span>\n\t\t\t\t\t\t\t\t\t<\/li>\n\t\t\t\t\t\t\t\t<li class=\"elementor-icon-list-item\">\n\t\t\t\t\t\t\t\t\t\t\t<span class=\"elementor-icon-list-icon\">\n\t\t\t\t\t\t\t<i aria-hidden=\"true\" class=\"fas fa-leaf\"><\/i>\t\t\t\t\t\t<\/span>\n\t\t\t\t\t\t\t\t\t\t<span class=\"elementor-icon-list-text\">menet\u00e4t malttisi helposti<\/span>\n\t\t\t\t\t\t\t\t\t<\/li>\n\t\t\t\t\t\t\t\t<li class=\"elementor-icon-list-item\">\n\t\t\t\t\t\t\t\t\t\t\t<span class=\"elementor-icon-list-icon\">\n\t\t\t\t\t\t\t<i aria-hidden=\"true\" class=\"fas fa-leaf\"><\/i>\t\t\t\t\t\t<\/span>\n\t\t\t\t\t\t\t\t\t\t<span class=\"elementor-icon-list-text\">ihmiset ymp\u00e4rill\u00e4si saavat sinut hermostumaan<\/span>\n\t\t\t\t\t\t\t\t\t<\/li>\n\t\t\t\t\t\t\t\t<li class=\"elementor-icon-list-item\">\n\t\t\t\t\t\t\t\t\t\t\t<span class=\"elementor-icon-list-icon\">\n\t\t\t\t\t\t\t<i aria-hidden=\"true\" class=\"fas fa-leaf\"><\/i>\t\t\t\t\t\t<\/span>\n\t\t\t\t\t\t\t\t\t\t<span class=\"elementor-icon-list-text\">teht\u00e4v\u00e4t ovat kasvaneet liikaa<\/span>\n\t\t\t\t\t\t\t\t\t<\/li>\n\t\t\t\t\t\t\t\t<li class=\"elementor-icon-list-item\">\n\t\t\t\t\t\t\t\t\t\t\t<span class=\"elementor-icon-list-icon\">\n\t\t\t\t\t\t\t<i aria-hidden=\"true\" class=\"fas fa-leaf\"><\/i>\t\t\t\t\t\t<\/span>\n\t\t\t\t\t\t\t\t\t\t<span class=\"elementor-icon-list-text\">el\u00e4m\u00e4ss\u00e4si on paljon ahdistavaa ja masentavaa<\/span>\n\t\t\t\t\t\t\t\t\t<\/li>\n\t\t\t\t\t\t\t\t<li class=\"elementor-icon-list-item\">\n\t\t\t\t\t\t\t\t\t\t\t<span class=\"elementor-icon-list-icon\">\n\t\t\t\t\t\t\t<i aria-hidden=\"true\" class=\"fas fa-leaf\"><\/i>\t\t\t\t\t\t<\/span>\n\t\t\t\t\t\t\t\t\t\t<span class=\"elementor-icon-list-text\">sinusta tuntuu, ett\u00e4 el\u00e4m\u00e4 on sinulle liian vaikeaa<\/span>\n\t\t\t\t\t\t\t\t\t<\/li>\n\t\t\t\t\t\t\t\t<li class=\"elementor-icon-list-item\">\n\t\t\t\t\t\t\t\t\t\t\t<span class=\"elementor-icon-list-icon\">\n\t\t\t\t\t\t\t<i aria-hidden=\"true\" class=\"fas fa-leaf\"><\/i>\t\t\t\t\t\t<\/span>\n\t\t\t\t\t\t\t\t\t\t<span class=\"elementor-icon-list-text\">toisinaan, kun tunnet tunteesi olevan ep\u00e4tasapainossa<\/span>\n\t\t\t\t\t\t\t\t\t<\/li>\n\t\t\t\t\t\t<\/ul>\n\t\t\t\t\t\t<\/div>\n\t\t\t\t<\/div>\n\t\t\t\t<div class=\"elementor-element elementor-element-d6fdaa4 elementor-widget elementor-widget-text-editor\" data-id=\"d6fdaa4\" data-element_type=\"widget\" data-e-type=\"widget\" data-widget_type=\"text-editor.default\">\n\t\t\t\t<div class=\"elementor-widget-container\">\n\t\t\t\t\t\t\t\t\t<p>Se, mit\u00e4 el\u00e4m\u00e4ss\u00e4mme tapahtuu, heijastaa sis\u00e4ist\u00e4 maailmaamme.<\/p>\t\t\t\t\t\t\t\t<\/div>\n\t\t\t\t<\/div>\n\t\t\t\t\t<\/div>\n\t\t\t\t<\/div>\n\t\t<div class=\"elementor-element elementor-element-169f255 e-flex e-con-boxed parallax_section_no qode_elementor_container_no e-con e-parent\" data-id=\"169f255\" data-element_type=\"container\" data-e-type=\"container\">\n\t\t\t\t\t<div class=\"e-con-inner\">\n\t\t\t\t<div class=\"elementor-element elementor-element-673e28c elementor-widget elementor-widget-bridge_button\" data-id=\"673e28c\" data-element_type=\"widget\" data-e-type=\"widget\" data-widget_type=\"bridge_button.default\">\n\t\t\t\t<div class=\"elementor-widget-container\">\n\t\t\t\t\t<a  itemprop=\"url\" href=\"https:\/\/varaa.timma.fi\/reservation\/terapiahuoneminunhyvinvointi\" target=\"_blank\"  class=\"qbutton  default\" style=\"border-radius: 64px;-moz-border-radius: 64px;-webkit-border-radius: 64px; \">VARAA T\u00c4\u00c4LT\u00c4<\/a>\t\t\t\t<\/div>\n\t\t\t\t<\/div>\n\t\t\t\t\t<\/div>\n\t\t\t\t<\/div>\n\t\t\t\t<\/div>\n\t\t","protected":false},"excerpt":{"rendered":"<p>Yksi kokonaisvaltaisen luonnonhoidon tyypeist\u00e4, jossa k\u00e4ytet\u00e4\u00e4n kasvin kukkia. Kukkanektaripisaravalmisteet sis\u00e4lt\u00e4v\u00e4t tunnetilaa tasapainottavaa ja mielenterveysongelmia lievitt\u00e4v\u00e4\u00e4 kasvienergiaa, mik\u00e4 palauttaa ihmiskehon itseparantumiskyvyn. Kun sielu on loukkaantunut, se antaa meille signaalin kehon kautta. Kukkaterapia on dr. Edward Bachin el\u00e4m\u00e4nty\u00f6, jonka tunnuslause on &#8221;Hoito tautia, \u00e4l\u00e4 tautia&#8221;, joka perustuu&#8230;<\/p>\n","protected":false},"author":1,"featured_media":0,"parent":0,"menu_order":0,"comment_status":"closed","ping_status":"closed","template":"","meta":{"_monsterinsights_skip_tracking":false,"_monsterinsights_sitenote_active":false,"_monsterinsights_sitenote_note":"","_monsterinsights_sitenote_category":0,"footnotes":""},"class_list":["post-411","page","type-page","status-publish","hentry"],"_links":{"self":[{"href":"https:\/\/minunhyvinvointi.fi\/fi\/wp-json\/wp\/v2\/pages\/411","targetHints":{"allow":["GET"]}}],"collection":[{"href":"https:\/\/minunhyvinvointi.fi\/fi\/wp-json\/wp\/v2\/pages"}],"about":[{"href":"https:\/\/minunhyvinvointi.fi\/fi\/wp-json\/wp\/v2\/types\/page"}],"author":[{"embeddable":true,"href":"https:\/\/minunhyvinvointi.fi\/fi\/wp-json\/wp\/v2\/users\/1"}],"replies":[{"embeddable":true,"href":"https:\/\/minunhyvinvointi.fi\/fi\/wp-json\/wp\/v2\/comments?post=411"}],"version-history":[{"count":0,"href":"https:\/\/minunhyvinvointi.fi\/fi\/wp-json\/wp\/v2\/pages\/411\/revisions"}],"wp:attachment":[{"href":"https:\/\/minunhyvinvointi.fi\/fi\/wp-json\/wp\/v2\/media?parent=411"}],"curies":[{"name":"wp","href":"https:\/\/api.w.org\/{rel}","templated":true}]}}