{"id":375,"date":"2023-10-11T08:38:16","date_gmt":"2023-10-11T08:38:16","guid":{"rendered":"https:\/\/www.minunhyvinvointi.fi\/?page_id=375"},"modified":"2025-06-25T20:20:49","modified_gmt":"2025-06-25T17:20:49","slug":"raskashieronta","status":"publish","type":"page","link":"https:\/\/minunhyvinvointi.fi\/fi\/raskashieronta\/","title":{"rendered":"Raskaushieronta"},"content":{"rendered":"\t\t<div data-elementor-type=\"wp-page\" data-elementor-id=\"375\" class=\"elementor elementor-375\">\n\t\t\t\t<div class=\"elementor-element elementor-element-e24f2f5 e-flex e-con-boxed parallax_section_no qode_elementor_container_no e-con e-parent\" data-id=\"e24f2f5\" data-element_type=\"container\" data-e-type=\"container\">\n\t\t\t\t\t<div class=\"e-con-inner\">\n\t\t\t\t<div class=\"elementor-element elementor-element-ba635fd elementor-widget elementor-widget-heading\" data-id=\"ba635fd\" data-element_type=\"widget\" data-e-type=\"widget\" data-widget_type=\"heading.default\">\n\t\t\t\t<div class=\"elementor-widget-container\">\n\t\t\t\t\t<h5 class=\"elementor-heading-title elementor-size-default\">Raskauden aikana hieronta voi tarjota useita etuja, mutta on t\u00e4rke\u00e4\u00e4, ett\u00e4 se tehd\u00e4\u00e4n oikein ja asiantuntevasti. T\u00e4ss\u00e4 on muutamia syit\u00e4, miksi raskaana olevat naiset voivat hy\u00f6ty\u00e4 hieronnasta:\n\nRentoutuminen ja stressin lievitys: Raskaus voi olla henkisesti ja fyysisesti kuormittavaa. Hieronta auttaa rentoutumaan ja lievitt\u00e4m\u00e4\u00e4n j\u00e4nnityst\u00e4, mik\u00e4 voi edist\u00e4\u00e4 yleist\u00e4 hyvinvointia ja mielialaa.\n\nLihasj\u00e4nnityksen ja kivun lievitys: Raskauden aikana kehon painopiste muuttuu, mik\u00e4 voi aiheuttaa niska-, selk\u00e4- ja lantion alueen lihasj\u00e4nnityst\u00e4. Hieronta voi auttaa lievitt\u00e4m\u00e4\u00e4n n\u00e4it\u00e4 kipuja ja j\u00e4nnityksi\u00e4.\n\nVerenkierron ja nesteiden kierron parantaminen: Hieronta voi stimuloida verenkiertoa ja parantaa nesteiden kiertoa, mik\u00e4 voi v\u00e4hent\u00e4\u00e4 turvotusta erityisesti jalkoihin ja k\u00e4sivarsiin.\n\nParantaa unen laatua: Raskauden aikana unen saaminen voi olla vaikeaa, mutta hieronta voi auttaa rentoutumaan ja parantaa unen laatua, erityisesti, jos hieronnan j\u00e4lkeen on mahdollista lev\u00e4t\u00e4.\n\nV\u00e4hent\u00e4\u00e4 p\u00e4\u00e4ns\u00e4rkyj\u00e4 ja migreenej\u00e4: Raskauden aikana hormonimuutokset voivat aiheuttaa p\u00e4\u00e4ns\u00e4rkyj\u00e4 ja migreenej\u00e4. Hieronta voi auttaa lievitt\u00e4m\u00e4\u00e4n n\u00e4it\u00e4 oireita ja parantaa yleist\u00e4 hyvinvointia.\n\nTukee hormonitasapainoa: Rentoutuminen ja stressin lievitys voivat auttaa s\u00e4\u00e4telem\u00e4\u00e4n hormonitasapainoa ja v\u00e4hent\u00e4m\u00e4\u00e4n raskausajan stressin negatiivisia vaikutuksia.\n\nOn t\u00e4rke\u00e4\u00e4, ett\u00e4 hierontaa saa vain kokeneelta ja koulutetulta hierojalta, joka on perehtynyt raskauden aikaisiin erityistarpeisiin ja turvallisiin hierontatekniikoihin. On my\u00f6s suositeltavaa keskustella l\u00e4\u00e4k\u00e4rin kanssa ennen hieronnan aloittamista.<\/h5>\t\t\t\t<\/div>\n\t\t\t\t<\/div>\n\t\t\t\t<div class=\"elementor-element elementor-element-7ce190a elementor-widget elementor-widget-image\" data-id=\"7ce190a\" data-element_type=\"widget\" data-e-type=\"widget\" data-widget_type=\"image.default\">\n\t\t\t\t<div class=\"elementor-widget-container\">\n\t\t\t\t\t\t\t\t\t\t\t\t\t\t\t<img fetchpriority=\"high\" decoding=\"async\" width=\"988\" height=\"1024\" src=\"https:\/\/minunhyvinvointi.fi\/wp-content\/uploads\/2023\/10\/pregnancy-massage-scaled-e1698746912573-988x1024.jpg\" class=\"attachment-large size-large wp-image-855\" alt=\"pregnancy massage\" srcset=\"https:\/\/minunhyvinvointi.fi\/wp-content\/uploads\/2023\/10\/pregnancy-massage-scaled-e1698746912573-988x1024.jpg 988w, https:\/\/minunhyvinvointi.fi\/wp-content\/uploads\/2023\/10\/pregnancy-massage-scaled-e1698746912573-289x300.jpg 289w, https:\/\/minunhyvinvointi.fi\/wp-content\/uploads\/2023\/10\/pregnancy-massage-scaled-e1698746912573-768x796.jpg 768w, https:\/\/minunhyvinvointi.fi\/wp-content\/uploads\/2023\/10\/pregnancy-massage-scaled-e1698746912573-700x726.jpg 700w, https:\/\/minunhyvinvointi.fi\/wp-content\/uploads\/2023\/10\/pregnancy-massage-scaled-e1698746912573-600x622.jpg 600w, https:\/\/minunhyvinvointi.fi\/wp-content\/uploads\/2023\/10\/pregnancy-massage-scaled-e1698746912573.jpg 1440w\" sizes=\"(max-width: 988px) 100vw, 988px\" \/>\t\t\t\t\t\t\t\t\t\t\t\t\t\t\t<\/div>\n\t\t\t\t<\/div>\n\t\t\t\t<div class=\"elementor-element elementor-element-18032e8 elementor-widget elementor-widget-heading\" data-id=\"18032e8\" data-element_type=\"widget\" data-e-type=\"widget\" data-widget_type=\"heading.default\">\n\t\t\t\t<div class=\"elementor-widget-container\">\n\t\t\t\t\t<h5 class=\"elementor-heading-title elementor-size-default\">Raskauden aikana keho k\u00e4y l\u00e4pi monia fyysisi\u00e4 muutoksia, jotka voivat aiheuttaa lihaskireytt\u00e4 ja j\u00e4nnityst\u00e4 erityisesti tietyill\u00e4 alueilla. Hieronta voi olla tehokas tapa lievitt\u00e4\u00e4 n\u00e4it\u00e4 vaivoja. T\u00e4ss\u00e4 on tarkemmin, miten hieronta voi auttaa:<\/h5>\t\t\t\t<\/div>\n\t\t\t\t<\/div>\n\t\t\t\t\t<\/div>\n\t\t\t\t<\/div>\n\t\t<div class=\"elementor-element elementor-element-45ca5dd e-flex e-con-boxed parallax_section_no qode_elementor_container_no e-con e-parent\" data-id=\"45ca5dd\" data-element_type=\"container\" data-e-type=\"container\">\n\t\t\t\t\t<div class=\"e-con-inner\">\n\t\t\t\t<div class=\"elementor-element elementor-element-ec68337 elementor-icon-list--layout-traditional elementor-list-item-link-full_width elementor-widget elementor-widget-icon-list\" data-id=\"ec68337\" data-element_type=\"widget\" data-e-type=\"widget\" data-widget_type=\"icon-list.default\">\n\t\t\t\t<div class=\"elementor-widget-container\">\n\t\t\t\t\t\t\t<ul class=\"elementor-icon-list-items\">\n\t\t\t\t\t\t\t<li class=\"elementor-icon-list-item\">\n\t\t\t\t\t\t\t\t\t\t\t<span class=\"elementor-icon-list-icon\">\n\t\t\t\t\t\t\t<i aria-hidden=\"true\" class=\"fas fa-leaf\"><\/i>\t\t\t\t\t\t<\/span>\n\t\t\t\t\t\t\t\t\t\t<span class=\"elementor-icon-list-text\">Selk\u00e4kipujen lievitys: Raskauden aikana painopiste siirtyy, mik\u00e4 voi aiheuttaa kipua alasel\u00e4ss\u00e4 ja lannerangassa. Hieronta voi lievitt\u00e4\u00e4 t\u00e4t\u00e4 kipua rentouttamalla j\u00e4nnittyneit\u00e4 lihaksia ja parantamalla verenkiertoa.<\/span>\n\t\t\t\t\t\t\t\t\t<\/li>\n\t\t\t\t\t\t\t\t<li class=\"elementor-icon-list-item\">\n\t\t\t\t\t\t\t\t\t\t\t<span class=\"elementor-icon-list-icon\">\n\t\t\t\t\t\t\t<i aria-hidden=\"true\" class=\"fas fa-leaf\"><\/i>\t\t\t\t\t\t<\/span>\n\t\t\t\t\t\t\t\t\t\t<span class=\"elementor-icon-list-text\">Niskaj\u00e4nnityksen helpottaminen: Raskauden aikana rintakeh\u00e4n ja niskan lihakset voivat kireyty\u00e4 huonon asennon tai lis\u00e4\u00e4ntyneen kuormituksen vuoksi. Hieronta voi auttaa rentouttamaan n\u00e4it\u00e4 lihaksia ja lievitt\u00e4m\u00e4\u00e4n kipua.<\/span>\n\t\t\t\t\t\t\t\t\t<\/li>\n\t\t\t\t\t\t\t\t<li class=\"elementor-icon-list-item\">\n\t\t\t\t\t\t\t\t\t\t\t<span class=\"elementor-icon-list-icon\">\n\t\t\t\t\t\t\t<i aria-hidden=\"true\" class=\"fas fa-leaf\"><\/i>\t\t\t\t\t\t<\/span>\n\t\t\t\t\t\t\t\t\t\t<span class=\"elementor-icon-list-text\">Lantion alueen rentoutus: Lantion seudun lihakset voivat my\u00f6s olla j\u00e4nnittyneit\u00e4 raskausajan aikana, erityisesti jos naiset kokevat painetta alasel\u00e4ss\u00e4 ja lantiossa. Hieronta voi auttaa lievitt\u00e4m\u00e4\u00e4n t\u00e4t\u00e4 kipua ja parantamaan lantion alueen liikkuvuutta.<\/span>\n\t\t\t\t\t\t\t\t\t<\/li>\n\t\t\t\t\t\t\t\t<li class=\"elementor-icon-list-item\">\n\t\t\t\t\t\t\t\t\t\t\t<span class=\"elementor-icon-list-icon\">\n\t\t\t\t\t\t\t<i aria-hidden=\"true\" class=\"fas fa-leaf\"><\/i>\t\t\t\t\t\t<\/span>\n\t\t\t\t\t\t\t\t\t\t<span class=\"elementor-icon-list-text\">Lepoon siirtymisen helpottaminen: Hieronta voi auttaa rauhoittamaan mielen ja valmistamaan kehoa nukkumiseen. Yksi syy siihen, miksi monet kokevat hieronnan edist\u00e4v\u00e4n parempaa unta, on sen kyky luoda rauhoittava ilmapiiri ja tukea kehon valmistautumista y\u00f6lepoon.<\/span>\n\t\t\t\t\t\t\t\t\t<\/li>\n\t\t\t\t\t\t\t\t<li class=\"elementor-icon-list-item\">\n\t\t\t\t\t\t\t\t\t\t\t<span class=\"elementor-icon-list-icon\">\n\t\t\t\t\t\t\t<i aria-hidden=\"true\" class=\"fas fa-leaf\"><\/i>\t\t\t\t\t\t<\/span>\n\t\t\t\t\t\t\t\t\t\t<span class=\"elementor-icon-list-text\">Rentoutuminen ja stressin v\u00e4heneminen: Hieronta edist\u00e4\u00e4 parasympaattisen hermoston aktivoitumista, joka tunnetaan my\u00f6s \"rentoutumisj\u00e4rjestelm\u00e4n\u00e4\". T\u00e4m\u00e4 auttaa lievitt\u00e4m\u00e4\u00e4n stressi\u00e4 ja j\u00e4nnityst\u00e4, mik\u00e4 puolestaan tukee tasapainoista hormonitoimintaa. V\u00e4hemm\u00e4n stressi\u00e4 tarkoittaa, ett\u00e4 keho ei erit\u00e4 liiallisia stressihormoneja, kuten kortisolia, mik\u00e4 parantaa kokonaisvaltaista hyvinvointia.<\/span>\n\t\t\t\t\t\t\t\t\t<\/li>\n\t\t\t\t\t\t\t\t<li class=\"elementor-icon-list-item\">\n\t\t\t\t\t\t\t\t\t\t\t<span class=\"elementor-icon-list-icon\">\n\t\t\t\t\t\t\t<i aria-hidden=\"true\" class=\"fas fa-leaf\"><\/i>\t\t\t\t\t\t<\/span>\n\t\t\t\t\t\t\t\t\t\t<span class=\"elementor-icon-list-text\">Nesteen kierron stimulaatio: Hieronta voi edist\u00e4\u00e4 verenkiertoa ja imusolmukkeiden toimintaa. Erityisesti imukudoksen hieronta, kuten lymfaattinen hieronta, voi auttaa poistamaan ylim\u00e4\u00e4r\u00e4ist\u00e4 nestett\u00e4 ja kuona-aineita kehosta. T\u00e4m\u00e4 voi v\u00e4hent\u00e4\u00e4 turvotusta, erityisesti jaloista, nilkoista ja s\u00e4\u00e4ren alueelta, jotka usein ovat turvoksissa raskauden aikana.<\/span>\n\t\t\t\t\t\t\t\t\t<\/li>\n\t\t\t\t\t\t\t\t<li class=\"elementor-icon-list-item\">\n\t\t\t\t\t\t\t\t\t\t\t<span class=\"elementor-icon-list-icon\">\n\t\t\t\t\t\t\t<i aria-hidden=\"true\" class=\"fas fa-leaf\"><\/i>\t\t\t\t\t\t<\/span>\n\t\t\t\t\t\t\t\t\t\t<span class=\"elementor-icon-list-text\">Parantaa kehon elastisuutta ja joustavuutta: Raskauden aikana keho valmistautuu synnytykseen, ja erityisesti lantion alueen lihakset ja nivelet venyv\u00e4t ja muuttuvat joustavammiksi. Hieronta voi auttaa parantamaan lihasten ja kudosten elastisuutta, joka voi tukea kehoa muutosten aikana.<\/span>\n\t\t\t\t\t\t\t\t\t<\/li>\n\t\t\t\t\t\t<\/ul>\n\t\t\t\t\t\t<\/div>\n\t\t\t\t<\/div>\n\t\t\t\t<div class=\"elementor-element elementor-element-0a72f71 elementor-widget elementor-widget-text-editor\" data-id=\"0a72f71\" data-element_type=\"widget\" data-e-type=\"widget\" data-widget_type=\"text-editor.default\">\n\t\t\t\t<div class=\"elementor-widget-container\">\n\t\t\t\t\t\t\t\t\t<p data-start=\"0\" data-end=\"320\">Aivan, raskauden aikana hieronnassa on t\u00e4rke\u00e4\u00e4, ett\u00e4 terapeutti on kokenut ja koulutettu erityisesti raskausajan hoitoon. T\u00e4llainen asiantuntemus takaa, ett\u00e4 hoito on turvallista ja mukautettu juuri raskaana olevan naisen tarpeisiin. Raskaus tuo kehoon monia muutoksia, ja hieronnan tulee ottaa n\u00e4m\u00e4 muutokset huomioon.<\/p><p data-start=\"322\" data-end=\"349\">Koulutettu terapeutti osaa:<\/p><ol data-start=\"351\" data-end=\"1645\"><li data-start=\"351\" data-end=\"749\"><p data-start=\"354\" data-end=\"749\"><strong data-start=\"354\" data-end=\"381\">Valita oikeat tekniikat<\/strong>: Raskaana oleville naisille sopivat hierontatekniikat voivat poiketa tavanomaisista. Esimerkiksi syv\u00e4kudoshieronta tai liian voimakas paine eiv\u00e4t ole suositeltuja tietyill\u00e4 alueilla, kuten vatsassa tai alasel\u00e4ss\u00e4. Sen sijaan lempe\u00e4mm\u00e4t, rentouttavat ja turvalliset tekniikat, kuten kevyet venytykset ja verenkiertoa edist\u00e4v\u00e4t hieronnat, voivat tarjota suuria hy\u00f6tyj\u00e4.<\/p><\/li><li data-start=\"751\" data-end=\"1087\"><p data-start=\"754\" data-end=\"1087\"><strong data-start=\"754\" data-end=\"779\">V\u00e4ltell\u00e4 riskialueita<\/strong>: Tietyt alueet, kuten vatsa ja tietyt akupunktiopisteet, voivat olla herkki\u00e4 raskauden aikana, ja asiantunteva terapeutti osaa v\u00e4ltt\u00e4\u00e4 n\u00e4it\u00e4 alueita, erityisesti varhaisessa vaiheessa. Hieronnassa on my\u00f6s t\u00e4rke\u00e4\u00e4 v\u00e4ltt\u00e4\u00e4 liian voimakasta painetta tietyill\u00e4 kehon alueilla, kuten alavatsassa ja sis\u00e4reisiss\u00e4.<\/p><\/li><li data-start=\"1089\" data-end=\"1321\"><p data-start=\"1092\" data-end=\"1321\"><strong data-start=\"1092\" data-end=\"1126\">Mukauttaa hoito yksil\u00f6llisesti<\/strong>: Raskauden edetess\u00e4 naisen keho muuttuu ja saattaa kokea uusia kipuja ja j\u00e4nnityksi\u00e4. Hyv\u00e4 hieroja kuuntelee asiakkaan tarpeita ja mukauttaa hoidon ajankohtaan ja raskauden vaiheeseen sopivaksi.<\/p><\/li><li data-start=\"1323\" data-end=\"1645\"><p data-start=\"1326\" data-end=\"1645\"><strong data-start=\"1326\" data-end=\"1365\">Tukea rentoutumista ja hyvinvointia<\/strong>: Raskaus voi aiheuttaa paljon stressi\u00e4 ja j\u00e4nnityst\u00e4, ja ammattilaisen tarjoama rentoutumishoito voi olla t\u00e4rke\u00e4 osa kokonaisvaltaista hyvinvointia. Hieronta auttaa lievitt\u00e4m\u00e4\u00e4n kipuja, edist\u00e4\u00e4 verenkiertoa ja parantaa mielialaa, mik\u00e4 voi olla erityisen t\u00e4rke\u00e4\u00e4 raskauden aikana.<\/p><\/li><\/ol><p data-start=\"1647\" data-end=\"1885\" data-is-last-node=\"\" data-is-only-node=\"\">Jos harkitset hierontaa, varmista, ett\u00e4 terapeutilla on kokemusta raskausajan hoidoista ja ett\u00e4 h\u00e4n k\u00e4ytt\u00e4\u00e4 turvallisia ja mukautettuja tekniikoita. T\u00e4m\u00e4 varmistaa, ett\u00e4 hoito on sek\u00e4 tehokasta ett\u00e4 turvallista niin \u00e4idille kuin siki\u00f6lle.<\/p>\t\t\t\t\t\t\t\t<\/div>\n\t\t\t\t<\/div>\n\t\t\t\t\t<\/div>\n\t\t\t\t<\/div>\n\t\t<div class=\"elementor-element elementor-element-02e80bc e-flex e-con-boxed parallax_section_no qode_elementor_container_no e-con e-parent\" data-id=\"02e80bc\" data-element_type=\"container\" data-e-type=\"container\">\n\t\t\t\t\t<div class=\"e-con-inner\">\n\t\t\t\t<div class=\"elementor-element elementor-element-6f40894 elementor-widget elementor-widget-bridge_button\" data-id=\"6f40894\" data-element_type=\"widget\" data-e-type=\"widget\" data-widget_type=\"bridge_button.default\">\n\t\t\t\t<div class=\"elementor-widget-container\">\n\t\t\t\t\t<a  itemprop=\"url\" href=\"https:\/\/varaa.timma.fi\/reservation\/terapiahuoneminunhyvinvointi\" target=\"_blank\"  class=\"qbutton  default\" style=\"border-radius: 64px;-moz-border-radius: 64px;-webkit-border-radius: 64px; \">VARAA T\u00c4\u00c4LT\u00c4<\/a>\t\t\t\t<\/div>\n\t\t\t\t<\/div>\n\t\t\t\t<div class=\"elementor-element elementor-element-ea9712d elementor-widget elementor-widget-heading\" data-id=\"ea9712d\" data-element_type=\"widget\" data-e-type=\"widget\" data-widget_type=\"heading.default\">\n\t\t\t\t<div class=\"elementor-widget-container\">\n\t\t\t\t\t<span class=\"elementor-heading-title elementor-size-default\">Lahjakortit ja sarjakortit myynniss\u00e4 verkkokaupassa<\/span>\t\t\t\t<\/div>\n\t\t\t\t<\/div>\n\t\t\t\t\t<\/div>\n\t\t\t\t<\/div>\n\t\t\t\t<\/div>\n\t\t","protected":false},"excerpt":{"rendered":"<p>Raskauden aikana hieronta voi tarjota useita etuja, mutta on t\u00e4rke\u00e4\u00e4, ett\u00e4 se tehd\u00e4\u00e4n oikein ja asiantuntevasti. T\u00e4ss\u00e4 on muutamia syit\u00e4, miksi raskaana olevat naiset voivat hy\u00f6ty\u00e4 hieronnasta: Rentoutuminen ja stressin lievitys: Raskaus voi olla henkisesti ja fyysisesti kuormittavaa. Hieronta auttaa rentoutumaan ja lievitt\u00e4m\u00e4\u00e4n j\u00e4nnityst\u00e4, mik\u00e4&#8230;<\/p>\n","protected":false},"author":1,"featured_media":0,"parent":0,"menu_order":0,"comment_status":"closed","ping_status":"closed","template":"","meta":{"_monsterinsights_skip_tracking":false,"_monsterinsights_sitenote_active":false,"_monsterinsights_sitenote_note":"","_monsterinsights_sitenote_category":0,"footnotes":""},"class_list":["post-375","page","type-page","status-publish","hentry"],"_links":{"self":[{"href":"https:\/\/minunhyvinvointi.fi\/fi\/wp-json\/wp\/v2\/pages\/375","targetHints":{"allow":["GET"]}}],"collection":[{"href":"https:\/\/minunhyvinvointi.fi\/fi\/wp-json\/wp\/v2\/pages"}],"about":[{"href":"https:\/\/minunhyvinvointi.fi\/fi\/wp-json\/wp\/v2\/types\/page"}],"author":[{"embeddable":true,"href":"https:\/\/minunhyvinvointi.fi\/fi\/wp-json\/wp\/v2\/users\/1"}],"replies":[{"embeddable":true,"href":"https:\/\/minunhyvinvointi.fi\/fi\/wp-json\/wp\/v2\/comments?post=375"}],"version-history":[{"count":0,"href":"https:\/\/minunhyvinvointi.fi\/fi\/wp-json\/wp\/v2\/pages\/375\/revisions"}],"wp:attachment":[{"href":"https:\/\/minunhyvinvointi.fi\/fi\/wp-json\/wp\/v2\/media?parent=375"}],"curies":[{"name":"wp","href":"https:\/\/api.w.org\/{rel}","templated":true}]}}