{"id":296,"date":"2023-10-06T08:49:13","date_gmt":"2023-10-06T08:49:13","guid":{"rendered":"https:\/\/www.minunhyvinvointi.fi\/?page_id=296"},"modified":"2025-06-25T20:11:38","modified_gmt":"2025-06-25T17:11:38","slug":"aromahieronta","status":"publish","type":"page","link":"https:\/\/minunhyvinvointi.fi\/fi\/aromahieronta\/","title":{"rendered":"Aromaterapiahieronta"},"content":{"rendered":"\t\t<div data-elementor-type=\"wp-page\" data-elementor-id=\"296\" class=\"elementor elementor-296\">\n\t\t\t\t<div class=\"elementor-element elementor-element-bb04f13 e-flex e-con-boxed parallax_section_no qode_elementor_container_no e-con e-parent\" data-id=\"bb04f13\" data-element_type=\"container\" data-e-type=\"container\">\n\t\t\t\t\t<div class=\"e-con-inner\">\n\t\t\t\t<div class=\"elementor-element elementor-element-b1c21ca elementor-widget elementor-widget-text-editor\" data-id=\"b1c21ca\" data-element_type=\"widget\" data-e-type=\"widget\" data-widget_type=\"text-editor.default\">\n\t\t\t\t<div class=\"elementor-widget-container\">\n\t\t\t\t\t\t\t\t\t<p data-start=\"0\" data-end=\"398\">Aromaterapeuttinen hieronta on upea yhdistelm\u00e4 fyysist\u00e4 rentoutumista ja henkist\u00e4 hyvinvointia. Eteeriset \u00f6ljyt voivat vaikuttaa kehoon ja mieleen monin tavoin \u2013 ne voivat rauhoittaa, virkist\u00e4\u00e4 tai jopa tasapainottaa tunteita ja mielialaa. Esimerkiksi laventeli on tunnettu rauhoittavista ja stressi\u00e4 lievitt\u00e4vist\u00e4 ominaisuuksistaan, kun taas piparminttu voi virkist\u00e4\u00e4 ja parantaa keskittymiskyky\u00e4.<\/p><p data-start=\"400\" data-end=\"772\">Aromaterapeuttisessa hieronnassa hieroja voi k\u00e4ytt\u00e4\u00e4 erilaisia hierontatekniikoita, kuten kevytt\u00e4 painetta, sively\u00e4 tai napautusta, yhdistettyn\u00e4 eteeristen \u00f6ljyjen tuoksuun ja imeytymiseen iholle. Hieronnan aikana eteeriset \u00f6ljyt imeytyv\u00e4t ihoon ja niiden vaikuttavat ainesosat kulkeutuvat kehoon parantaen verenkiertoa, lievitt\u00e4en lihasj\u00e4nnityst\u00e4 ja auttaen rentoutumaan.<\/p><p data-start=\"774\" data-end=\"1140\" data-is-last-node=\"\" data-is-only-node=\"\">T\u00e4m\u00e4 kokonaisvaltainen hoito voi olla erityisen hy\u00f6dyllinen ihmisille, jotka kokevat stressi\u00e4, ahdistusta tai univaikeuksia. Se voi my\u00f6s parantaa ihon terveytt\u00e4 ja edist\u00e4\u00e4 kehon ja mielen tasapainoa. On t\u00e4rke\u00e4\u00e4 valita oikeat eteeriset \u00f6ljyt tarpeen mukaan, ja siksi aromaterapeuttinen hieronta kannattaa aina ottaa vastaan koulutetulta ja kokeneelta ammattilaiselta.<\/p>\t\t\t\t\t\t\t\t<\/div>\n\t\t\t\t<\/div>\n\t\t\t\t\t<\/div>\n\t\t\t\t<\/div>\n\t\t<div class=\"elementor-element elementor-element-da4ecb6 e-flex e-con-boxed parallax_section_no qode_elementor_container_no e-con e-parent\" data-id=\"da4ecb6\" data-element_type=\"container\" data-e-type=\"container\">\n\t\t\t\t\t<div class=\"e-con-inner\">\n\t\t<div class=\"elementor-element elementor-element-3524d22 e-con-full e-flex parallax_section_no qode_elementor_container_no e-con e-child\" data-id=\"3524d22\" data-element_type=\"container\" data-e-type=\"container\">\n\t\t\t\t<div class=\"elementor-element elementor-element-8b4080d elementor-widget elementor-widget-image\" data-id=\"8b4080d\" data-element_type=\"widget\" data-e-type=\"widget\" data-widget_type=\"image.default\">\n\t\t\t\t<div class=\"elementor-widget-container\">\n\t\t\t\t\t\t\t\t\t\t\t\t\t\t\t<img fetchpriority=\"high\" decoding=\"async\" width=\"576\" height=\"1024\" src=\"https:\/\/minunhyvinvointi.fi\/wp-content\/uploads\/2023\/10\/Aromahieronta-576x1024.jpg\" class=\"attachment-large size-large wp-image-836\" alt=\"\" srcset=\"https:\/\/minunhyvinvointi.fi\/wp-content\/uploads\/2023\/10\/Aromahieronta-576x1024.jpg 576w, https:\/\/minunhyvinvointi.fi\/wp-content\/uploads\/2023\/10\/Aromahieronta-169x300.jpg 169w, https:\/\/minunhyvinvointi.fi\/wp-content\/uploads\/2023\/10\/Aromahieronta-768x1365.jpg 768w, https:\/\/minunhyvinvointi.fi\/wp-content\/uploads\/2023\/10\/Aromahieronta-864x1536.jpg 864w, https:\/\/minunhyvinvointi.fi\/wp-content\/uploads\/2023\/10\/Aromahieronta-1152x2048.jpg 1152w, https:\/\/minunhyvinvointi.fi\/wp-content\/uploads\/2023\/10\/Aromahieronta-700x1244.jpg 700w, https:\/\/minunhyvinvointi.fi\/wp-content\/uploads\/2023\/10\/Aromahieronta-600x1067.jpg 600w, https:\/\/minunhyvinvointi.fi\/wp-content\/uploads\/2023\/10\/Aromahieronta-scaled.jpg 1440w\" sizes=\"(max-width: 576px) 100vw, 576px\" \/>\t\t\t\t\t\t\t\t\t\t\t\t\t\t\t<\/div>\n\t\t\t\t<\/div>\n\t\t\t\t<\/div>\n\t\t\t\t<div class=\"elementor-element elementor-element-23be680 elementor-widget elementor-widget-spacer\" data-id=\"23be680\" data-element_type=\"widget\" data-e-type=\"widget\" data-widget_type=\"spacer.default\">\n\t\t\t\t<div class=\"elementor-widget-container\">\n\t\t\t\t\t\t\t<div class=\"elementor-spacer\">\n\t\t\t<div class=\"elementor-spacer-inner\"><\/div>\n\t\t<\/div>\n\t\t\t\t\t\t<\/div>\n\t\t\t\t<\/div>\n\t\t<div class=\"elementor-element elementor-element-abb5528 e-con-full e-flex parallax_section_no qode_elementor_container_no e-con e-child\" data-id=\"abb5528\" data-element_type=\"container\" data-e-type=\"container\">\n\t\t\t\t<\/div>\n\t\t\t\t\t<\/div>\n\t\t\t\t<\/div>\n\t\t<div class=\"elementor-element elementor-element-5b3b792 e-flex e-con-boxed parallax_section_no qode_elementor_container_no e-con e-parent\" data-id=\"5b3b792\" data-element_type=\"container\" data-e-type=\"container\">\n\t\t\t\t\t<div class=\"e-con-inner\">\n\t\t\t\t<div class=\"elementor-element elementor-element-2eaf8b9 elementor-widget elementor-widget-spacer\" data-id=\"2eaf8b9\" data-element_type=\"widget\" data-e-type=\"widget\" data-widget_type=\"spacer.default\">\n\t\t\t\t<div class=\"elementor-widget-container\">\n\t\t\t\t\t\t\t<div class=\"elementor-spacer\">\n\t\t\t<div class=\"elementor-spacer-inner\"><\/div>\n\t\t<\/div>\n\t\t\t\t\t\t<\/div>\n\t\t\t\t<\/div>\n\t\t\t\t<div class=\"elementor-element elementor-element-7ba5c9c elementor-widget elementor-widget-heading\" data-id=\"7ba5c9c\" data-element_type=\"widget\" data-e-type=\"widget\" data-widget_type=\"heading.default\">\n\t\t\t\t<div class=\"elementor-widget-container\">\n\t\t\t\t\t<h4 class=\"elementor-heading-title elementor-size-default\">T\u00e4ss\u00e4 aromaterapiahieronnan t\u00e4rkeimm\u00e4t ominaisuudet ja edut:<\/h4>\t\t\t\t<\/div>\n\t\t\t\t<\/div>\n\t\t\t\t<div class=\"elementor-element elementor-element-1c21e29 elementor-widget elementor-widget-accordion\" data-id=\"1c21e29\" data-element_type=\"widget\" data-e-type=\"widget\" data-widget_type=\"accordion.default\">\n\t\t\t\t<div class=\"elementor-widget-container\">\n\t\t\t\t\t\t\t<div class=\"elementor-accordion\">\n\t\t\t\t\t\t\t<div class=\"elementor-accordion-item\">\n\t\t\t\t\t<div id=\"elementor-tab-title-2941\" class=\"elementor-tab-title\" data-tab=\"1\" role=\"button\" aria-controls=\"elementor-tab-content-2941\" aria-expanded=\"false\">\n\t\t\t\t\t\t\t\t\t\t\t\t\t<span class=\"elementor-accordion-icon elementor-accordion-icon-left\" aria-hidden=\"true\">\n\t\t\t\t\t\t\t\t\t\t\t\t\t\t\t<span class=\"elementor-accordion-icon-closed\"><i class=\"fas fa-plus\"><\/i><\/span>\n\t\t\t\t\t\t\t\t<span class=\"elementor-accordion-icon-opened\"><i class=\"fas fa-minus\"><\/i><\/span>\n\t\t\t\t\t\t\t\t\t\t\t\t\t\t<\/span>\n\t\t\t\t\t\t\t\t\t\t\t\t<a class=\"elementor-accordion-title\" tabindex=\"0\">Eteeriset \u00f6ljyt:<\/a>\n\t\t\t\t\t<\/div>\n\t\t\t\t\t<div id=\"elementor-tab-content-2941\" class=\"elementor-tab-content elementor-clearfix\" data-tab=\"1\" role=\"region\" aria-labelledby=\"elementor-tab-title-2941\"><p data-start=\"0\" data-end=\"101\">Aromaterapeuttisessa hieronnassa \u00f6ljyt valitaan juuri asiakkaan tarpeiden mukaan. Esimerkiksi:<\/p><ul data-start=\"103\" data-end=\"748\"><li data-start=\"103\" data-end=\"256\"><p data-start=\"105\" data-end=\"256\"><strong data-start=\"105\" data-end=\"127\">Rentouttavat \u00f6ljyt<\/strong> kuten laventeli, kamomilla ja bergamotti voivat auttaa lievitt\u00e4m\u00e4\u00e4n stressi\u00e4 ja ahdistusta, sek\u00e4 edist\u00e4m\u00e4\u00e4n syv\u00e4\u00e4 rentoutumista.<\/p><\/li><li data-start=\"260\" data-end=\"454\"><p data-start=\"262\" data-end=\"454\"><strong data-start=\"262\" data-end=\"283\">Virkist\u00e4v\u00e4t \u00f6ljyt<\/strong>, kuten sitruuna, piparminttu ja eukalyptus, voivat tuoda energiaa ja parantaa keskittymiskyky\u00e4, erityisesti jos asiakas tuntee olonsa v\u00e4syneeksi tai tarvitsee piristyst\u00e4.<\/p><\/li><li data-start=\"456\" data-end=\"592\"><p data-start=\"458\" data-end=\"592\"><strong data-start=\"458\" data-end=\"485\">Kipua lievitt\u00e4v\u00e4t \u00f6ljyt<\/strong> kuten inkiv\u00e4\u00e4ri, rosmariini ja mustapippuri voivat auttaa lievitt\u00e4m\u00e4\u00e4n lihaskipuja, j\u00e4nnityst\u00e4 ja s\u00e4rkyj\u00e4.<\/p><\/li><li data-start=\"594\" data-end=\"748\"><p data-start=\"596\" data-end=\"748\"><strong data-start=\"596\" data-end=\"626\">Mielialaa kohottavat \u00f6ljyt<\/strong> kuten ylang-ylang, ruusu ja santelipuu voivat nostaa mielialaa, tasapainottaa tunteita ja edist\u00e4\u00e4 positiivista ajattelua.<\/p><\/li><\/ul><p data-start=\"750\" data-end=\"1159\" data-is-last-node=\"\" data-is-only-node=\"\">T\u00e4m\u00e4n r\u00e4\u00e4t\u00e4l\u00f6idyn l\u00e4hestymistavan ansiosta asiakas saa juuri niit\u00e4 hy\u00f6tyj\u00e4, joita h\u00e4n tarvitsee. Hieronnan aikana asiakkaan keho ja mieli voivat yhdisty\u00e4 t\u00e4ydellisesti, ja eteeristen \u00f6ljyjen tuoksut sek\u00e4 vaikutukset tukevat rentoutumista ja hyvinvointia. T\u00e4rke\u00e4\u00e4 on my\u00f6s muistaa, ett\u00e4 eteeriset \u00f6ljyt vaikuttaa syvemmin, kun niit\u00e4 k\u00e4ytet\u00e4\u00e4n oikein ja ne valitaan huolellisesti yksil\u00f6n tarpeiden mukaan.<\/p><\/div>\n\t\t\t\t<\/div>\n\t\t\t\t\t\t\t<div class=\"elementor-accordion-item\">\n\t\t\t\t\t<div id=\"elementor-tab-title-2942\" class=\"elementor-tab-title\" data-tab=\"2\" role=\"button\" aria-controls=\"elementor-tab-content-2942\" aria-expanded=\"false\">\n\t\t\t\t\t\t\t\t\t\t\t\t\t<span class=\"elementor-accordion-icon elementor-accordion-icon-left\" aria-hidden=\"true\">\n\t\t\t\t\t\t\t\t\t\t\t\t\t\t\t<span class=\"elementor-accordion-icon-closed\"><i class=\"fas fa-plus\"><\/i><\/span>\n\t\t\t\t\t\t\t\t<span class=\"elementor-accordion-icon-opened\"><i class=\"fas fa-minus\"><\/i><\/span>\n\t\t\t\t\t\t\t\t\t\t\t\t\t\t<\/span>\n\t\t\t\t\t\t\t\t\t\t\t\t<a class=\"elementor-accordion-title\" tabindex=\"0\">Rentoutuminen: <\/a>\n\t\t\t\t\t<\/div>\n\t\t\t\t\t<div id=\"elementor-tab-content-2942\" class=\"elementor-tab-content elementor-clearfix\" data-tab=\"2\" role=\"region\" aria-labelledby=\"elementor-tab-title-2942\"><p data-start=\"0\" data-end=\"383\">Aromaterapiahieronta on todella tehokas tapa rentoutua ja palautua. Eteeriset \u00f6ljyt eiv\u00e4t vain tuo ihanaa tuoksua, vaan niiden terapeuttiset vaikutukset auttavat kehoa ja mielt\u00e4 p\u00e4\u00e4sem\u00e4\u00e4n syvemp\u00e4\u00e4n rentoutumiseen. Esimerkiksi laventeli ja kamomilla ovat tunnettuja stressi\u00e4 lievitt\u00e4vist\u00e4 ja rauhoittavista ominaisuuksistaan, ja ne voivat todella auttaa rentouttamaan mielen ja kehon.<\/p><p data-start=\"385\" data-end=\"744\">Rauhoittava hieronta yhdistettyn\u00e4 n\u00e4ihin \u00f6ljyihin voi parantaa unenlaatua, v\u00e4hent\u00e4\u00e4 ahdistusta ja lievitt\u00e4\u00e4 j\u00e4nnityst\u00e4, joka usein kertyy erityisesti niska- ja hartia-alueille. T\u00e4m\u00e4 tekee aromaterapiahieronnasta erinomaisen valinnan niille, jotka kaipaavat syv\u00e4\u00e4 rentoutumista kiireisen arjen keskell\u00e4 tai tarvitsevat apua stressin ja j\u00e4nnityksen hallintaan.<\/p><p data-start=\"746\" data-end=\"916\" data-is-last-node=\"\" data-is-only-node=\"\">Kun rentouttavat \u00f6ljyt imeytyv\u00e4t ihoon hieronnan aikana, ne voivat auttaa tasapainottamaan kehon luonnollista energiatasapainoa ja edist\u00e4\u00e4 kokonaisvaltaista hyvinvointia.<\/p><\/div>\n\t\t\t\t<\/div>\n\t\t\t\t\t\t\t<div class=\"elementor-accordion-item\">\n\t\t\t\t\t<div id=\"elementor-tab-title-2943\" class=\"elementor-tab-title\" data-tab=\"3\" role=\"button\" aria-controls=\"elementor-tab-content-2943\" aria-expanded=\"false\">\n\t\t\t\t\t\t\t\t\t\t\t\t\t<span class=\"elementor-accordion-icon elementor-accordion-icon-left\" aria-hidden=\"true\">\n\t\t\t\t\t\t\t\t\t\t\t\t\t\t\t<span class=\"elementor-accordion-icon-closed\"><i class=\"fas fa-plus\"><\/i><\/span>\n\t\t\t\t\t\t\t\t<span class=\"elementor-accordion-icon-opened\"><i class=\"fas fa-minus\"><\/i><\/span>\n\t\t\t\t\t\t\t\t\t\t\t\t\t\t<\/span>\n\t\t\t\t\t\t\t\t\t\t\t\t<a class=\"elementor-accordion-title\" tabindex=\"0\">Edist\u00e4\u00e4 verenkiertoa: <\/a>\n\t\t\t\t\t<\/div>\n\t\t\t\t\t<div id=\"elementor-tab-content-2943\" class=\"elementor-tab-content elementor-clearfix\" data-tab=\"3\" role=\"region\" aria-labelledby=\"elementor-tab-title-2943\"><p data-start=\"0\" data-end=\"279\">Hieronta on todella tehokas keino edist\u00e4\u00e4 verenkiertoa, ja t\u00e4m\u00e4 puolestaan voi tuoda monia etuja keholle. Parantunut verenkierto tarkoittaa, ett\u00e4 hapen ja ravinteiden kuljettaminen lihaksiin on tehokkaampaa, mik\u00e4 voi edesauttaa lihasten palautumista ja v\u00e4hent\u00e4\u00e4 v\u00e4symyst\u00e4.<\/p><p data-start=\"281\" data-end=\"588\">Samalla kuona-aineet, kuten maitohappo, poistuvat helpommin kudoksista, mik\u00e4 voi lievitt\u00e4\u00e4 lihaskipuja ja -j\u00e4nnityksi\u00e4. T\u00e4m\u00e4 voi olla erityisen hy\u00f6dyllist\u00e4 liikunnan j\u00e4lkeen tai kroonisten kipujen hoidossa, sill\u00e4 lihasten ja kudosten tehokas puhdistaminen ja palautuminen parantaa my\u00f6s yleist\u00e4 hyvinvointia.<\/p><p data-start=\"590\" data-end=\"822\" data-is-last-node=\"\" data-is-only-node=\"\">Hieronta voi my\u00f6s tukea imukudosta ja edist\u00e4\u00e4 kehon detoksifikaatiota, mik\u00e4 t\u00e4ydent\u00e4\u00e4 sen fyysisi\u00e4 hy\u00f6tyj\u00e4. N\u00e4in ollen hieronta ei pelk\u00e4st\u00e4\u00e4n lievit\u00e4 j\u00e4nnityksi\u00e4, vaan my\u00f6s tukee kehon luonnollisia prosesseja ja lis\u00e4\u00e4 energiatasoja.<\/p><\/div>\n\t\t\t\t<\/div>\n\t\t\t\t\t\t\t<div class=\"elementor-accordion-item\">\n\t\t\t\t\t<div id=\"elementor-tab-title-2944\" class=\"elementor-tab-title\" data-tab=\"4\" role=\"button\" aria-controls=\"elementor-tab-content-2944\" aria-expanded=\"false\">\n\t\t\t\t\t\t\t\t\t\t\t\t\t<span class=\"elementor-accordion-icon elementor-accordion-icon-left\" aria-hidden=\"true\">\n\t\t\t\t\t\t\t\t\t\t\t\t\t\t\t<span class=\"elementor-accordion-icon-closed\"><i class=\"fas fa-plus\"><\/i><\/span>\n\t\t\t\t\t\t\t\t<span class=\"elementor-accordion-icon-opened\"><i class=\"fas fa-minus\"><\/i><\/span>\n\t\t\t\t\t\t\t\t\t\t\t\t\t\t<\/span>\n\t\t\t\t\t\t\t\t\t\t\t\t<a class=\"elementor-accordion-title\" tabindex=\"0\">Hengitys:<\/a>\n\t\t\t\t\t<\/div>\n\t\t\t\t\t<div id=\"elementor-tab-content-2944\" class=\"elementor-tab-content elementor-clearfix\" data-tab=\"4\" role=\"region\" aria-labelledby=\"elementor-tab-title-2944\"><p data-start=\"0\" data-end=\"285\">Kyll\u00e4, t\u00e4m\u00e4 on yksi aromaterapian voimakkaista hy\u00f6dyist\u00e4! Eteeriset \u00f6ljyt voivat todella vaikuttaa mielialaamme ja henkiseen hyvinvointiimme. Kun \u00f6ljyt haihtuvat ilmaan, ne voivat stimuloida aivojen alueita, jotka ovat yhteydess\u00e4 tunteisiin ja muistamiseen, kuten limbinen j\u00e4rjestelm\u00e4.<\/p><p data-start=\"287\" data-end=\"509\">Eri eteerisill\u00e4 \u00f6ljyill\u00e4 on erilaisia vaikutuksia, esimerkiksi laventeli voi edist\u00e4\u00e4 rentoutumista ja lievitt\u00e4\u00e4 stressi\u00e4, sitruuna voi pirist\u00e4\u00e4 ja nostaa mielialaa, ja piparminttu voi lis\u00e4t\u00e4 keskittymiskyky\u00e4 ja virkist\u00e4\u00e4.<\/p><p data-start=\"511\" data-end=\"787\" data-is-last-node=\"\" data-is-only-node=\"\">Kun n\u00e4m\u00e4 tuoksut yhdistyv\u00e4t rentouttavaan hierontaan, vaikutus on viel\u00e4kin syvempi, sill\u00e4 sek\u00e4 keho ett\u00e4 mieli saavat rauhoittumista ja virkistyst\u00e4 samanaikaisesti. T\u00e4m\u00e4 voi auttaa lievitt\u00e4m\u00e4\u00e4n ahdistusta, parantamaan unen laatua ja tukemaan yleist\u00e4 emotionaalista tasapainoa.<\/p><\/div>\n\t\t\t\t<\/div>\n\t\t\t\t\t\t\t<div class=\"elementor-accordion-item\">\n\t\t\t\t\t<div id=\"elementor-tab-title-2945\" class=\"elementor-tab-title\" data-tab=\"5\" role=\"button\" aria-controls=\"elementor-tab-content-2945\" aria-expanded=\"false\">\n\t\t\t\t\t\t\t\t\t\t\t\t\t<span class=\"elementor-accordion-icon elementor-accordion-icon-left\" aria-hidden=\"true\">\n\t\t\t\t\t\t\t\t\t\t\t\t\t\t\t<span class=\"elementor-accordion-icon-closed\"><i class=\"fas fa-plus\"><\/i><\/span>\n\t\t\t\t\t\t\t\t<span class=\"elementor-accordion-icon-opened\"><i class=\"fas fa-minus\"><\/i><\/span>\n\t\t\t\t\t\t\t\t\t\t\t\t\t\t<\/span>\n\t\t\t\t\t\t\t\t\t\t\t\t<a class=\"elementor-accordion-title\" tabindex=\"0\">Ihonhoito: <\/a>\n\t\t\t\t\t<\/div>\n\t\t\t\t\t<div id=\"elementor-tab-content-2945\" class=\"elementor-tab-content elementor-clearfix\" data-tab=\"5\" role=\"region\" aria-labelledby=\"elementor-tab-title-2945\"><p data-start=\"0\" data-end=\"328\">Kyll\u00e4, juuri n\u00e4in! Aromaterapiahieronta ei ainoastaan tarjoa rentoutumista ja henkist\u00e4 hyvinvointia, vaan my\u00f6s ihonhoidollisia etuja. Hieronnassa k\u00e4ytett\u00e4v\u00e4t eteeriset \u00f6ljyt, kuten jojoba\u00f6ljy, manteli\u00f6ljy tai argan\u00f6ljy, ovat luonnostaan ravitsevia ja kosteuttavia, ja ne voivat auttaa parantamaan ihon kimmoisuutta ja pehmeytt\u00e4.<\/p><p data-start=\"330\" data-end=\"542\">Eteeriset \u00f6ljyt, kuten laventeli, ruusupuu ja kamomilla, ovat erityisen hyvi\u00e4 herk\u00e4lle ja kuiville iholle. Ne voivat edist\u00e4\u00e4 ihon uusiutumista, lievitt\u00e4\u00e4 tulehduksia ja auttaa yll\u00e4pit\u00e4m\u00e4\u00e4n ihon kosteustasapainoa.<\/p><p data-start=\"544\" data-end=\"695\" data-is-last-node=\"\" data-is-only-node=\"\">N\u00e4in ollen aromaterapiahieronta on loistava tapa hoitaa ihoa samalla, kun keho ja mieli saavat hy\u00f6ty\u00e4 eteeristen \u00f6ljyjen terapeuttisista vaikutuksista.<\/p><\/div>\n\t\t\t\t<\/div>\n\t\t\t\t\t\t\t\t<\/div>\n\t\t\t\t\t\t<\/div>\n\t\t\t\t<\/div>\n\t\t\t\t<div class=\"elementor-element elementor-element-0540a77 elementor-widget elementor-widget-text-editor\" data-id=\"0540a77\" data-element_type=\"widget\" data-e-type=\"widget\" data-widget_type=\"text-editor.default\">\n\t\t\t\t<div class=\"elementor-widget-container\">\n\t\t\t\t\t\t\t\t\t<p>\u00a0doTERRA:n CPTG-sertifioidut eteeriset \u00f6ljyt tarjoavat puhtautta ja turvallisuutta, mik\u00e4 on t\u00e4rke\u00e4\u00e4 erityisesti terapeuttisessa k\u00e4yt\u00f6ss\u00e4. Se, ett\u00e4 \u00f6ljyt ovat puhtaita ja v\u00e4\u00e4renn\u00f6ksist\u00e4 vapaita, tuo lis\u00e4varmuutta niiden tehokkuudesta ja turvallisuudesta.<\/p>\t\t\t\t\t\t\t\t<\/div>\n\t\t\t\t<\/div>\n\t\t\t\t<div class=\"elementor-element elementor-element-faa1107 elementor-widget elementor-widget-bridge_button\" data-id=\"faa1107\" data-element_type=\"widget\" data-e-type=\"widget\" data-widget_type=\"bridge_button.default\">\n\t\t\t\t<div class=\"elementor-widget-container\">\n\t\t\t\t\t<a  itemprop=\"url\" href=\"https:\/\/varaa.timma.fi\/reservation\/terapiahuoneminunhyvinvointi\" target=\"_blank\"  class=\"qbutton  default\" style=\"border-radius: 64px;-moz-border-radius: 64px;-webkit-border-radius: 64px; \">VARAA T\u00c4\u00c4LT\u00c4<\/a>\t\t\t\t<\/div>\n\t\t\t\t<\/div>\n\t\t\t\t\t<\/div>\n\t\t\t\t<\/div>\n\t\t<div class=\"elementor-element elementor-element-0aaea04 e-flex e-con-boxed parallax_section_no qode_elementor_container_no e-con e-parent\" data-id=\"0aaea04\" data-element_type=\"container\" data-e-type=\"container\">\n\t\t\t\t\t<div class=\"e-con-inner\">\n\t\t\t\t<div class=\"elementor-element elementor-element-aacf18b elementor-widget elementor-widget-heading\" data-id=\"aacf18b\" data-element_type=\"widget\" data-e-type=\"widget\" data-widget_type=\"heading.default\">\n\t\t\t\t<div class=\"elementor-widget-container\">\n\t\t\t\t\t<span class=\"elementor-heading-title elementor-size-default\">Lahjakortit ja sarjakortit myynniss\u00e4 verkkokaupassa<\/span>\t\t\t\t<\/div>\n\t\t\t\t<\/div>\n\t\t\t\t\t<\/div>\n\t\t\t\t<\/div>\n\t\t\t\t<\/div>\n\t\t","protected":false},"excerpt":{"rendered":"<p>Aromaterapeuttinen hieronta on upea yhdistelm\u00e4 fyysist\u00e4 rentoutumista ja henkist\u00e4 hyvinvointia. Eteeriset \u00f6ljyt voivat vaikuttaa kehoon ja mieleen monin tavoin \u2013 ne voivat rauhoittaa, virkist\u00e4\u00e4 tai jopa tasapainottaa tunteita ja mielialaa. Esimerkiksi laventeli on tunnettu rauhoittavista ja stressi\u00e4 lievitt\u00e4vist\u00e4 ominaisuuksistaan, kun taas piparminttu voi virkist\u00e4\u00e4 ja&#8230;<\/p>\n","protected":false},"author":1,"featured_media":0,"parent":0,"menu_order":0,"comment_status":"closed","ping_status":"closed","template":"","meta":{"_monsterinsights_skip_tracking":false,"_monsterinsights_sitenote_active":false,"_monsterinsights_sitenote_note":"","_monsterinsights_sitenote_category":0,"footnotes":""},"class_list":["post-296","page","type-page","status-publish","hentry"],"_links":{"self":[{"href":"https:\/\/minunhyvinvointi.fi\/fi\/wp-json\/wp\/v2\/pages\/296","targetHints":{"allow":["GET"]}}],"collection":[{"href":"https:\/\/minunhyvinvointi.fi\/fi\/wp-json\/wp\/v2\/pages"}],"about":[{"href":"https:\/\/minunhyvinvointi.fi\/fi\/wp-json\/wp\/v2\/types\/page"}],"author":[{"embeddable":true,"href":"https:\/\/minunhyvinvointi.fi\/fi\/wp-json\/wp\/v2\/users\/1"}],"replies":[{"embeddable":true,"href":"https:\/\/minunhyvinvointi.fi\/fi\/wp-json\/wp\/v2\/comments?post=296"}],"version-history":[{"count":0,"href":"https:\/\/minunhyvinvointi.fi\/fi\/wp-json\/wp\/v2\/pages\/296\/revisions"}],"wp:attachment":[{"href":"https:\/\/minunhyvinvointi.fi\/fi\/wp-json\/wp\/v2\/media?parent=296"}],"curies":[{"name":"wp","href":"https:\/\/api.w.org\/{rel}","templated":true}]}}