{"id":258,"date":"2023-10-05T18:48:40","date_gmt":"2023-10-05T18:48:40","guid":{"rendered":"https:\/\/www.minunhyvinvointi.fi\/?page_id=258"},"modified":"2023-11-08T13:24:50","modified_gmt":"2023-11-08T13:24:50","slug":"aromaterapiadiagnostiikka","status":"publish","type":"page","link":"https:\/\/minunhyvinvointi.fi\/fi\/aromaterapiadiagnostiikka\/","title":{"rendered":"Aromaterapiadiagnostiikka"},"content":{"rendered":"<p>Aromaterapiadiagnostiikka-sanassa\u00a0 aromaterapia viittaa eteerisiin \u00f6ljyihin, kun taas diagnostiikka-sana viittaa sairauksien tai terveysongelmien tunnistamiseen ja analysointiin.<\/p>\n<p>T\u00e4ss\u00e4 yhteydess\u00e4 aromaterapiadiagnoosi viittaa menetelm\u00e4\u00e4n, jossa k\u00e4ytet\u00e4\u00e4n tuoksuja tai eteerisi\u00e4 \u00f6ljyj\u00e4 osana diagnostista prosessia. Se on menetelm\u00e4, jolla pyrit\u00e4\u00e4n tunnistamaan ja analysoimaan henkil\u00f6n terveydentilaa tai tunnetilaa tuoksujen tai eteeristen \u00f6ljyjen avulla. Termi\u00e4 k\u00e4ytet\u00e4\u00e4n my\u00f6s vaihtoehtoisen tai kokonaisvaltaisen terveydenhuollon yhteydess\u00e4, jossa se viittaa erilaisiin tieteellisiin diagnostisiin k\u00e4yt\u00e4nt\u00f6ihin.<\/p>\n<p>On t\u00e4rke\u00e4\u00e4 huomata, ett\u00e4 aromaterapian tai eteeristen \u00f6ljyjen diagnostisesta tehokkuudesta ja n\u00e4iden menetelmien k\u00e4yt\u00f6st\u00e4 terveyden diagnosoinnissa tai arvioinnissa on tieteellist\u00e4 n\u00e4ytt\u00f6\u00e4 on laajalti tunnustettu ja hyv\u00e4ksytty l\u00e4\u00e4ketieteellisess\u00e4 yhteis\u00f6ss\u00e4.<\/p>\n<style>\/*! elementor - v3.17.0 - 01-11-2023 *\/<br \/>\n.elementor-column .elementor-spacer-inner{height:var(--spacer-size)}.e-con{--container-widget-width:100%}.e-con-inner>.elementor-widget-spacer,.e-con>.elementor-widget-spacer{width:var(--container-widget-width,var(--spacer-size));--align-self:var(--container-widget-align-self,initial);--flex-shrink:0}.e-con-inner>.elementor-widget-spacer>.elementor-widget-container,.e-con>.elementor-widget-spacer>.elementor-widget-container{height:100%;width:100%}.e-con-inner>.elementor-widget-spacer>.elementor-widget-container>.elementor-spacer,.e-con>.elementor-widget-spacer>.elementor-widget-container>.elementor-spacer{height:100%}.e-con-inner>.elementor-widget-spacer>.elementor-widget-container>.elementor-spacer>.elementor-spacer-inner,.e-con>.elementor-widget-spacer>.elementor-widget-container>.elementor-spacer>.elementor-spacer-inner{height:var(--container-widget-height,var(--spacer-size))}.e-con-inner>.elementor-widget-spacer.elementor-widget-empty,.e-con>.elementor-widget-spacer.elementor-widget-empty{position:relative;min-height:22px;min-width:22px}.e-con-inner>.elementor-widget-spacer.elementor-widget-empty .elementor-widget-empty-icon,.e-con>.elementor-widget-spacer.elementor-widget-empty .elementor-widget-empty-icon{position:absolute;top:0;bottom:0;left:0;right:0;margin:auto;padding:0;width:22px;height:22px}<\/style>\n<style>\/*! elementor - v3.17.0 - 01-11-2023 *\/<br \/>\n.elementor-widget-image{text-align:center}.elementor-widget-image a{display:inline-block}.elementor-widget-image a img[src$=\".svg\"]{width:48px}.elementor-widget-image img{vertical-align:middle;display:inline-block}<\/style>\n<p>\t\t\t\t\t\t\t\t\t\t\t\t<img loading=\"lazy\" decoding=\"async\" width=\"295\" height=\"356\" src=\"https:\/\/www.minunhyvinvointi.fi\/wp-content\/uploads\/2023\/10\/Aromitherapi.png\" alt=\"\" loading=\"lazy\" srcset=\"https:\/\/minunhyvinvointi.fi\/wp-content\/uploads\/2023\/10\/Aromitherapi.png 295w, https:\/\/minunhyvinvointi.fi\/wp-content\/uploads\/2023\/10\/Aromitherapi-249x300.png 249w\" sizes=\"auto, (max-width: 295px) 100vw, 295px\" \/><\/p>\n<style>\/*! elementor - v3.17.0 - 01-11-2023 *\/<br \/>\n.elementor-heading-title{padding:0;margin:0;line-height:1}.elementor-widget-heading .elementor-heading-title[class*=elementor-size-]>a{color:inherit;font-size:inherit;line-height:inherit}.elementor-widget-heading .elementor-heading-title.elementor-size-small{font-size:15px}.elementor-widget-heading .elementor-heading-title.elementor-size-medium{font-size:19px}.elementor-widget-heading .elementor-heading-title.elementor-size-large{font-size:29px}.elementor-widget-heading .elementor-heading-title.elementor-size-xl{font-size:39px}.elementor-widget-heading .elementor-heading-title.elementor-size-xxl{font-size:59px}<\/style>\n<h3>Mit\u00e4 on aromaterapiadiagnostiikka?<\/h3>\n<p style=\"text-align: left;\">Tied\u00e4tk\u00f6, mik\u00e4 on sis\u00e4inen voimasi? Meill\u00e4 kaikilla on uskomattomia voimia, mutta arjen huolet, stressi ja jatkuva kiireen oravanpy\u00f6r\u00e4ss\u00e4 kulutavat voimavaramme. Emme pid\u00e4 huolta kehostamme ja mielest\u00e4mme, ja joskus otamme tavallaan jopa velkaa kehomme kustannuksella.<\/p>\n<p style=\"text-align: left;\">Voidaan sanoa, ett\u00e4 sinulla on paljon teht\u00e4v\u00e4\u00e4 ja paljon vastuuta. Sovittu.<\/p>\n<p style=\"text-align: left;\">Saatat ajatella, ett\u00e4 sinulla on kaikki prioriteetti. En todellakaan ole samaa mielt\u00e4.<\/p>\n<p>Ymm\u00e4rr\u00e4n, ett\u00e4 sinulla on paljon teht\u00e4vi\u00e4 ja vastuita, kiireit\u00e4 ja huolia. Mutta: mielell\u00e4ni haastan sinua ajattelemaan, onko oma hyvinvointisi sinulle prioriteetti?<\/p>\n<p>Aromaterapiadiagnostiikalla voimme selvitt\u00e4\u00e4 totuuden hyvinvointisi tilasta ja mahdolliset akuutit haasteesi. Olen itse n\u00e4hnyt ja kokenut omakohtaisten kokemusten kautta aromaterapian voiman. Tule vastaanotolleni, niin laitetaan yhdess\u00e4 t\u00e4m\u00e4 tehokas luonnonty\u00f6kalu t\u00f6ihin!<\/p>\n<p>Tuoksuterapia on yksi t\u00e4rkeimmist\u00e4 ty\u00f6kaluistani, jossa yhdistyv\u00e4t psykologian ja aromaterapian periaatteet. Testauksen aikana on mahdollista selvitt\u00e4\u00e4 syit\u00e4 terveyden ja hyvinvoinnin ongelmiin. Voimme yhdess\u00e4 kartoittaa ongelmien laajuuden sek\u00e4 l\u00f6yt\u00e4\u00e4 sopivat ratkaisut. Koska hajuaisti on ihmisen vanhin aisti, ja se on suoraan yhteydess\u00e4 alitajuntaan, antavat tuoksut todellisia vastauksia ihmisen persoonallisuudesta, tilanteesta ja terveydest\u00e4.<\/p>\n<p>Hajuaisti liittyy tunnemuistiimme eli limbisiin aivoihin, jotka vaikuttavat tunteisiimme, reaktioihin, hormonitoimintaan ja siten periaatteessa koko kehoon ja olemukseen.<\/p>\n<p>Hengitt\u00e4m\u00e4ll\u00e4 tuoksuja luomme uudelleen niit\u00e4 tiloja ja kykyj\u00e4, jotka auttavat muuttamaan vallitsevaa tilannetta &#8211; lievitt\u00e4m\u00e4\u00e4n stressi\u00e4 ja masennusta, parantamaan mielialaamme ja jopa saamaan ik\u00e4\u00e4n kuin lis\u00e4voimaa joidenkin vaikeampien ongelmien ratkaisemiseen. Testauksen tuloksena voidaan valmistaa sopiva tuoksusekoitus, joka tukee ihmist\u00e4 h\u00e4nen matkallaan kohti &#8221;uutta itse\u00e4&#8221;.<\/p>\n<p>Minulle korkea laatu on t\u00e4rke\u00e4\u00e4 kaikessa. Siksi valitsin doTERRA-\u00f6ljyt. DoTERRA (CPTG Certified Pure Therapeutic Grade) -sertifioidut Pure Therapeutic Grade -eteeriset \u00f6ljyt ovat puhtaimpia.<\/p>\n<p><a itemprop=\"url\" href=\"https:\/\/booksalon.fi\/tereapiahuone-minunhyvinvointi\" target=\"_blank\" style=\"\" rel=\"noopener\">VARAA T\u00c4\u00c4LT\u00c4<\/a><\/p>\n","protected":false},"excerpt":{"rendered":"<p>Aromaterapiadiagnostiikka-sanassa\u00a0 aromaterapia viittaa eteerisiin \u00f6ljyihin, kun taas diagnostiikka-sana viittaa sairauksien tai terveysongelmien tunnistamiseen ja analysointiin. T\u00e4ss\u00e4 yhteydess\u00e4 aromaterapiadiagnoosi viittaa menetelm\u00e4\u00e4n, jossa k\u00e4ytet\u00e4\u00e4n tuoksuja tai eteerisi\u00e4 \u00f6ljyj\u00e4 osana diagnostista prosessia. Se on menetelm\u00e4, jolla pyrit\u00e4\u00e4n tunnistamaan ja analysoimaan henkil\u00f6n terveydentilaa tai tunnetilaa tuoksujen tai eteeristen \u00f6ljyjen&#8230;<\/p>\n","protected":false},"author":1,"featured_media":0,"parent":0,"menu_order":0,"comment_status":"closed","ping_status":"closed","template":"","meta":{"_monsterinsights_skip_tracking":false,"_monsterinsights_sitenote_active":false,"_monsterinsights_sitenote_note":"","_monsterinsights_sitenote_category":0,"footnotes":""},"class_list":["post-258","page","type-page","status-publish","hentry"],"_links":{"self":[{"href":"https:\/\/minunhyvinvointi.fi\/fi\/wp-json\/wp\/v2\/pages\/258","targetHints":{"allow":["GET"]}}],"collection":[{"href":"https:\/\/minunhyvinvointi.fi\/fi\/wp-json\/wp\/v2\/pages"}],"about":[{"href":"https:\/\/minunhyvinvointi.fi\/fi\/wp-json\/wp\/v2\/types\/page"}],"author":[{"embeddable":true,"href":"https:\/\/minunhyvinvointi.fi\/fi\/wp-json\/wp\/v2\/users\/1"}],"replies":[{"embeddable":true,"href":"https:\/\/minunhyvinvointi.fi\/fi\/wp-json\/wp\/v2\/comments?post=258"}],"version-history":[{"count":0,"href":"https:\/\/minunhyvinvointi.fi\/fi\/wp-json\/wp\/v2\/pages\/258\/revisions"}],"wp:attachment":[{"href":"https:\/\/minunhyvinvointi.fi\/fi\/wp-json\/wp\/v2\/media?parent=258"}],"curies":[{"name":"wp","href":"https:\/\/api.w.org\/{rel}","templated":true}]}}