{"id":2245,"date":"2026-02-20T17:06:12","date_gmt":"2026-02-20T15:06:12","guid":{"rendered":"https:\/\/minunhyvinvointi.fi\/?page_id=2245"},"modified":"2026-02-20T17:21:20","modified_gmt":"2026-02-20T15:21:20","slug":"ehdot","status":"publish","type":"page","link":"https:\/\/minunhyvinvointi.fi\/fi\/ehdot\/","title":{"rendered":"Sopimus- ja peruutusehdot"},"content":{"rendered":"\t\t<div data-elementor-type=\"wp-page\" data-elementor-id=\"2245\" class=\"elementor elementor-2245\">\n\t\t\t\t<div class=\"elementor-element elementor-element-928a739 e-con-full e-flex parallax_section_no qode_elementor_container_no e-con e-parent\" data-id=\"928a739\" data-element_type=\"container\" data-e-type=\"container\">\n\t\t\t\t<div class=\"elementor-element elementor-element-b3b3c7c elementor-widget elementor-widget-text-editor\" data-id=\"b3b3c7c\" data-element_type=\"widget\" data-e-type=\"widget\" data-widget_type=\"text-editor.default\">\n\t\t\t\t<div class=\"elementor-widget-container\">\n\t\t\t\t\t\t\t\t\t<p style=\"text-align: left;\">PAASTORETRIITIN SOPIMUS- JA PERUUTUSEHDOT<\/p><p>Sopimusehdot<\/p><p>N\u00e4m\u00e4 sopimusehdot koskevat Mariana Kaerp\u00f5ldin j\u00e4rjest\u00e4m\u00e4\u00e4<\/p><p>paastoretriitti\u00e4.<\/p><p>Ilmoittautuminen retriitille on sitova. Ilmoittautumalla osallistuja<\/p><p>hyv\u00e4ksyy n\u00e4m\u00e4 sopimusehdot ja sitoutuu noudattamaan niit\u00e4<\/p><p>kokonaisuudessaan, ellei tapahtumakohtaisessa tiedotuksessa<\/p><p>toisin ilmoiteta.<\/p><p>1. Vastuunrajoitus<\/p><p>Osallistuja osallistuu retriitille omalla vastuullaan ja vastaa itse<\/p><p>omasta tapaturma- ja matkavakuutuksestaan. Tapahtuman<\/p><p>j\u00e4rjest\u00e4j\u00e4 ei vastaa osallistujalle tai h\u00e4nen omaisuudelleen<\/p><p>mahdollisesti aiheutuvista vahingoista, menetyksist\u00e4 tai<\/p><p>haitoista.<\/p><p>Retriitin ohjelma on suunniteltu yleisesti terveelle,<\/p><p>liikuntakykyiselle henkil\u00f6lle. Osallistuja osallistuu<\/p><p>vapaaehtoisesti ja tiedostaa paastoon sek\u00e4 siihen liittyviin<\/p><p>tukitoimiin liittyv\u00e4t yleiset riskit.<\/p><p>Osallistujan vastuulla on tarvittaessa konsultoida l\u00e4\u00e4k\u00e4ri\u00e4<\/p><p>ennen osallistumista. Raskaana olevat eiv\u00e4t voi osallistua<\/p><p>retriitille.<\/p><p>Retriitti on tarkoitettu hyvinvoinnin, palautumisen ja<\/p><p>kokonaisvaltaisen tasapainon tukemiseen. Se ei ole<\/p><p>l\u00e4\u00e4ketieteellist\u00e4 hoitoa eik\u00e4 sovellu henkil\u00f6ille, joilla on akuutti<\/p><p>vaikea el\u00e4m\u00e4ntilanne tai vakavia psyykkisi\u00e4 haasteita.<\/p><p>Paastoretriitti ei ole terapiaa eik\u00e4 fyysisten tai psyykkisten<\/p><p>sairauksien hoitoa eik\u00e4 korvaa terveydenhuollon palveluita.<\/p><p>2. Ilmoittautumismaksu ja maksuehdot<\/p><p>Retriitin kokonaishinta on 1000\u20ac.<\/p><p>Koko summa 1000 \u20ac maksetaan luottokortilla tai Klarna-<\/p><p>maksulla osamaksuna. Kaikki maksut hoidetaan verkkosivulla<\/p><p><blockquote class=\"wp-embedded-content\" data-secret=\"ZJXbecXn72\"><a href=\"https:\/\/minunhyvinvointi.fi\/\">ETUSIVU<\/a><\/blockquote><iframe class=\"wp-embedded-content\" sandbox=\"allow-scripts\" security=\"restricted\" style=\"position: absolute; visibility: hidden;\" title=\"&#8220;ETUSIVU&#8221; &#8212; Minunhyvinvointi\" src=\"https:\/\/minunhyvinvointi.fi\/embed\/#?secret=N3mbR6cW26#?secret=ZJXbecXn72\" data-secret=\"ZJXbecXn72\" width=\"600\" height=\"338\" frameborder=\"0\" marginwidth=\"0\" marginheight=\"0\" scrolling=\"no\"><\/iframe><\/p><p>3. Peruutusehdot<\/p><p>Peruutuksesta tulee ilmoittaa viipym\u00e4tt\u00e4 kirjallisesti<\/p><p>s\u00e4hk\u00f6postitse osoitteeseen:<\/p><p>info@minunhyvinvointi.fi<\/p><p>Ilmoittautuminen on sitova.<\/p><ul><li>\u00a0Peruutus on maksuton, kun se tehd\u00e4\u00e4n viimeist\u00e4\u00e4n 5<\/li><\/ul><p>viikkoa ennen retriitin alkua.<\/p><ul><li>T\u00e4m\u00e4n j\u00e4lkeen peruutus on mahdollista ainoastaan<\/li><\/ul><p>l\u00e4\u00e4k\u00e4rintodistuksella. Muussa tapauksessa j\u00e4rjest\u00e4j\u00e4ll\u00e4 on<\/p><p>oikeus veloittaa 50 % retriitin kokonaishinnasta.<\/p><ul><li>\u00a0Jos peruutus tehd\u00e4\u00e4n alle 7 vuorokautta ennen retriitin<\/li><\/ul><p>alkua, osallistuja sitoutuu maksamaan 100 % retriitin<\/p><p>hinnasta, ellei kyseess\u00e4 ole l\u00e4\u00e4k\u00e4rintodistuksella osoitettu<\/p><p>sairastuminen.<\/p><p>Osallistuja voi halutessaan siirt\u00e4\u00e4 osallistumisensa toiselle<\/p><p>henkil\u00f6lle ilmoittamalla siit\u00e4 kirjallisesti j\u00e4rjest\u00e4j\u00e4lle.<\/p><p>Mik\u00e4li peruutus johtuu \u00e4killisest\u00e4 sairastumisesta,<\/p><p>sairaslomatodistus tulee toimittaa j\u00e4rjest\u00e4j\u00e4lle viimeist\u00e4\u00e4n 7<\/p><p>vuorokauden kuluessa peruutuksesta.<\/p><p>Jos osallistuja ei ilmoita peruutuksesta tai ei toimita vaadittua<\/p><p>todistusta, osallistuja on velvollinen maksamaan retriitin<\/p><p>t\u00e4ysim\u00e4\u00e4r\u00e4isesti.<\/p><p>Mahdolliset erimielisyydet pyrit\u00e4\u00e4n ensisijaisesti ratkaisemaan<\/p><p>hyv\u00e4ss\u00e4 hengess\u00e4 neuvottelemalla.<\/p><p>Jos osallistuja ei saavu paikalle eik\u00e4 peruuta osallistumistaan,<\/p><p>j\u00e4rjest\u00e4j\u00e4ll\u00e4 on oikeus peri\u00e4 retriitin maksu t\u00e4ysim\u00e4\u00e4r\u00e4isen\u00e4.<\/p><p>Osallistujia suositellaan hankkimaan matkavakuutus \u00e4killisten<\/p><p>sairastumisten ja ennalta arvaamattomien tilanteiden varalta.<\/p><p>4. J\u00e4rjest\u00e4j\u00e4n oikeus peruuttaa retriitti<\/p><p>J\u00e4rjest\u00e4j\u00e4ll\u00e4 on oikeus peruuttaa retriitti ylivoimaisen esteen<\/p><p>(force majeure), sairastumisen tai liian v\u00e4h\u00e4isen<\/p><p>osallistujam\u00e4\u00e4r\u00e4n vuoksi.<\/p><p>Peruutuksesta ilmoitetaan osallistujille viipym\u00e4tt\u00e4. Ensisijaisena<\/p><p>vaihtoehtona retriitti pyrit\u00e4\u00e4n siirt\u00e4m\u00e4\u00e4n toiseen ajankohtaan.<\/p><p>J\u00e4rjest\u00e4j\u00e4 ei vastaa osallistujille mahdollisesti syntyvist\u00e4<\/p><p>v\u00e4lillisist\u00e4 kustannuksista, kuten matka- tai majoituskuluista.<\/p>\t\t\t\t\t\t\t\t<\/div>\n\t\t\t\t<\/div>\n\t\t\t\t<\/div>\n\t\t\t\t<\/div>\n\t\t","protected":false},"excerpt":{"rendered":"<p>PAASTORETRIITIN SOPIMUS- JA PERUUTUSEHDOT Sopimusehdot N\u00e4m\u00e4 sopimusehdot koskevat Mariana Kaerp\u00f5ldin j\u00e4rjest\u00e4m\u00e4\u00e4 paastoretriitti\u00e4. Ilmoittautuminen retriitille on sitova. Ilmoittautumalla osallistuja hyv\u00e4ksyy n\u00e4m\u00e4 sopimusehdot ja sitoutuu noudattamaan niit\u00e4 kokonaisuudessaan, ellei tapahtumakohtaisessa tiedotuksessa toisin ilmoiteta. 1. Vastuunrajoitus Osallistuja osallistuu retriitille omalla vastuullaan ja vastaa itse omasta tapaturma- ja matkavakuutuksestaan&#8230;.<\/p>\n","protected":false},"author":3,"featured_media":0,"parent":0,"menu_order":0,"comment_status":"closed","ping_status":"closed","template":"","meta":{"_monsterinsights_skip_tracking":false,"_monsterinsights_sitenote_active":false,"_monsterinsights_sitenote_note":"","_monsterinsights_sitenote_category":0,"footnotes":""},"class_list":["post-2245","page","type-page","status-publish","hentry"],"_links":{"self":[{"href":"https:\/\/minunhyvinvointi.fi\/fi\/wp-json\/wp\/v2\/pages\/2245","targetHints":{"allow":["GET"]}}],"collection":[{"href":"https:\/\/minunhyvinvointi.fi\/fi\/wp-json\/wp\/v2\/pages"}],"about":[{"href":"https:\/\/minunhyvinvointi.fi\/fi\/wp-json\/wp\/v2\/types\/page"}],"author":[{"embeddable":true,"href":"https:\/\/minunhyvinvointi.fi\/fi\/wp-json\/wp\/v2\/users\/3"}],"replies":[{"embeddable":true,"href":"https:\/\/minunhyvinvointi.fi\/fi\/wp-json\/wp\/v2\/comments?post=2245"}],"version-history":[{"count":5,"href":"https:\/\/minunhyvinvointi.fi\/fi\/wp-json\/wp\/v2\/pages\/2245\/revisions"}],"predecessor-version":[{"id":2252,"href":"https:\/\/minunhyvinvointi.fi\/fi\/wp-json\/wp\/v2\/pages\/2245\/revisions\/2252"}],"wp:attachment":[{"href":"https:\/\/minunhyvinvointi.fi\/fi\/wp-json\/wp\/v2\/media?parent=2245"}],"curies":[{"name":"wp","href":"https:\/\/api.w.org\/{rel}","templated":true}]}}