{"id":1388,"date":"2023-11-06T07:26:26","date_gmt":"2023-11-06T07:26:26","guid":{"rendered":"https:\/\/minunhyvinvointi.fi\/?page_id=1388"},"modified":"2023-11-06T07:30:12","modified_gmt":"2023-11-06T07:30:12","slug":"gdpr-fi","status":"publish","type":"page","link":"https:\/\/minunhyvinvointi.fi\/fi\/gdpr-fi\/","title":{"rendered":"GDPR"},"content":{"rendered":"\n<h3 class=\"wp-block-heading\">Keit\u00e4 olemme<\/h3>\n\n\n\n<p>Suositeltava teksti: Verkkosivustomme osoite on https:\/\/www.minunhyvinvointi.fi.<\/p>\n\n\n\n<div style=\"height:32px\" aria-hidden=\"true\" class=\"wp-block-spacer\"><\/div>\n\n\n\n<h3 class=\"wp-block-heading\">Kommentteja<\/h3>\n\n\n\n<p><strong>Ehdotettu teksti:<\/strong> Kun vierailijat j\u00e4tt\u00e4v\u00e4t kommentteja sivustolle, tallennamme kommenttilomakkeen tiedot sek\u00e4 vierailijan IP-osoitteen ja selaimen tunnisteen roskapostin tunnistamiseksi paremmin.<\/p>\n\n\n\n<p>S\u00e4hk\u00f6postiosoitteestasi luotu anonyymi tekstimerkkijono (hash), joka voidaan l\u00e4hett\u00e4\u00e4 Gravatar-palveluun sen k\u00e4yt\u00f6n varmistamiseksi. L\u00f6yd\u00e4t Gravatarin tietosuojak\u00e4yt\u00e4nn\u00f6n <\/p>\n\n\n\n<p>t\u00e4\u00e4lt\u00e4: https:\/\/automattic.com\/privacy\/. Kun kommentti on hyv\u00e4ksytty, profiilikuvasi n\u00e4kyy julkisesti kommentin vieress\u00e4.<\/p>\n\n\n\n<div style=\"height:32px\" aria-hidden=\"true\" class=\"wp-block-spacer\"><\/div>\n\n\n\n<h3 class=\"wp-block-heading\">Media<\/h3>\n\n\n\n<p><strong>Suositeltu teksti:<\/strong> Kun lataat kuvia verkkosivustolle, v\u00e4lt\u00e4 sijaintitietojen (EXIF GPS) tallentamista kuviin. Sivuston vierailijat voivat ladata kuvat ja saada kaikki niiden sis\u00e4lt\u00e4m\u00e4t sijaintitiedot.<\/p>\n\n\n\n<div style=\"height:32px\" aria-hidden=\"true\" class=\"wp-block-spacer\"><\/div>\n\n\n\n<h3 class=\"wp-block-heading\">Keksit<\/h3>\n\n\n\n<p><strong>Suositeltu teksti:<\/strong> Jos lis\u00e4\u00e4t kommentin sivustolle, voit tallentaa nimesi, s\u00e4hk\u00f6postiosoitteesi ja verkkosivuston tiedot ev\u00e4stein\u00e4. Ne on tarkoitettu mukavuusvaihtoehdoksi, koska voit v\u00e4ltt\u00e4\u00e4 n\u00e4iden tietojen sy\u00f6tt\u00e4misen uudelleen seuraavassa kommentissa. N\u00e4m\u00e4 ev\u00e4steet s\u00e4ilyv\u00e4t yhden vuoden.<\/p>\n\n\n\n<p>Kun vierailet kirjautumissivulla, asetamme v\u00e4liaikaisen ev\u00e4steen, joka tunnistaa, salliiko selaimesi ev\u00e4steet vai ei. T\u00e4m\u00e4 ev\u00e4ste ei sis\u00e4ll\u00e4 henkil\u00f6tietoja ja se poistetaan, kun verkkoselain suljetaan.<\/p>\n\n\n\n<p>Kun kirjaudut sis\u00e4\u00e4n, k\u00e4yt\u00e4mme useita ev\u00e4steit\u00e4 kirjautumistietojen ja n\u00e4ytt\u00f6vaihtoehtojen tallentamiseen. Kirjautumisev\u00e4steit\u00e4 s\u00e4ilytet\u00e4\u00e4n kaksi p\u00e4iv\u00e4\u00e4, n\u00e4ytt\u00f6asetukset yhden vuoden. Jos valitset &#8221;Muista minut&#8221;, kirjautuminen muistetaan kaksi viikkoa. Kirjautumisev\u00e4steet poistetaan, kun kirjaudut ulos tililt\u00e4si.<\/p>\n\n\n\n<p>Kun artikkelia muutetaan tai julkaistaan, selaimeesi tallennetaan uusi ev\u00e4ste. Se ei sis\u00e4ll\u00e4 henkil\u00f6tietoja ja n\u00e4ytt\u00e4\u00e4 vain muuttuneen viestin tunnisteen. Se vanhenee 1 p\u00e4iv\u00e4n kuluttua.<\/p>\n\n\n\n<div style=\"height:32px\" aria-hidden=\"true\" class=\"wp-block-spacer\"><\/div>\n\n\n\n<h3 class=\"wp-block-heading\">Lis\u00e4tty sis\u00e4lt\u00f6\u00e4 muilta sivustoilta<\/h3>\n\n\n\n<p><strong>Ehdotettu teksti:<\/strong> T\u00e4m\u00e4n verkkosivuston artikkelit voivat sis\u00e4lt\u00e4\u00e4 sis\u00e4lt\u00f6\u00e4 muista l\u00e4hteist\u00e4 (videoita, kuvia, artikkeleita jne.). He k\u00e4ytt\u00e4ytyv\u00e4t samalla tavalla kuin vieraillessaan alkuper\u00e4isell\u00e4 alkuper\u00e4sivullaan.<\/p>\n\n\n\n<p>T\u00e4m\u00e4 verkkosivusto voi ker\u00e4t\u00e4 tietoja sinusta, k\u00e4ytt\u00e4\u00e4 ev\u00e4steit\u00e4, lis\u00e4t\u00e4 kolmannen osapuolen seurantamekanismeja ja k\u00e4ytt\u00e4\u00e4 niit\u00e4 toimintasi seurantaan, jos olet luonut siell\u00e4 k\u00e4ytt\u00e4j\u00e4tilin ja kirjautunut sis\u00e4\u00e4n.<\/p>\n\n\n\n<div style=\"height:32px\" aria-hidden=\"true\" class=\"wp-block-spacer\"><\/div>\n\n\n\n<h3 class=\"wp-block-heading\">Kenen kanssa jaamme tietoja<\/h3>\n\n\n\n<p><strong>Ehdotettu teksti: <\/strong>IP-osoitteen palautuskirjasi sis\u00e4llytet\u00e4\u00e4n, kun nollaat salasanasi.<\/p>\n\n\n\n<div style=\"height:32px\" aria-hidden=\"true\" class=\"wp-block-spacer\"><\/div>\n\n\n\n<h3 class=\"wp-block-heading\">Kuinka kauan s\u00e4ilyt\u00e4mme tietoja<\/h3>\n\n\n\n<p><strong>Suositeltu teksti: <\/strong>Kommentteja ja niiden metatietoja s\u00e4ilytet\u00e4\u00e4n toistaiseksi, joten et ota k\u00e4ytt\u00f6\u00f6n my\u00f6hempien kommenttien automaattista tunnistamista ja hyv\u00e4ksymist\u00e4 l\u00e4hett\u00e4m\u00e4tt\u00e4 niit\u00e4 valvottavaksi.<\/p>\n\n\n\n<p>Sivustolle rekister\u00f6ityneiden k\u00e4ytt\u00e4jien osalta tallennamme k\u00e4ytt\u00e4j\u00e4profiiliin sy\u00f6tetyt tiedot. Kaikki k\u00e4ytt\u00e4j\u00e4t voivat n\u00e4hd\u00e4, muuttaa ja poistaa tietonsa milloin tahansa (paitsi k\u00e4ytt\u00e4j\u00e4tunnusta, jota ei voi muuttaa). N\u00e4m\u00e4 tiedot n\u00e4kyv\u00e4t ja kotisivun yll\u00e4pit\u00e4j\u00e4\u00e4 voidaan my\u00f6s vaihtaa.<\/p>\n\n\n\n<div style=\"height:32px\" aria-hidden=\"true\" class=\"wp-block-spacer\"><\/div>\n\n\n\n<h3 class=\"wp-block-heading\">K\u00e4yt\u00e4n omaa dataani<\/h3>\n\n\n\n<p><strong>Suositeltu teksti:<\/strong> Jos sinulla on k\u00e4ytt\u00e4j\u00e4tili t\u00e4ll\u00e4 sivustolla tai sinulla on kirjallisia kommentteja, voit pyyt\u00e4\u00e4 tiedoston sy\u00f6tt\u00e4m\u00e4mme henkil\u00f6tiedoilla. Voit my\u00f6s pyyt\u00e4\u00e4 kaikkien nykyisten tietojesi poistamista. T\u00e4m\u00e4 ei koske tietoja, jotka meid\u00e4n on s\u00e4ilytett\u00e4v\u00e4 hallinnollisten, oikeudellisten tai turvallisuustarpeiden vuoksi.<\/p>\n\n\n\n<div style=\"height:32px\" aria-hidden=\"true\" class=\"wp-block-spacer\"><\/div>\n\n\n\n<h3 class=\"wp-block-heading\">Kenelt\u00e4 saamme tietoja?<\/h3>\n\n\n\n<p><strong>Ehdotettu teksti:<\/strong> Vierailijoiden kommentit voidaan tarkistaa automaattisella roskapostisuodattimella.<\/p>\n","protected":false},"excerpt":{"rendered":"<p>Keit\u00e4 olemme Suositeltava teksti: Verkkosivustomme osoite on https:\/\/www.minunhyvinvointi.fi. Kommentteja Ehdotettu teksti: Kun vierailijat j\u00e4tt\u00e4v\u00e4t kommentteja sivustolle, tallennamme kommenttilomakkeen tiedot sek\u00e4 vierailijan IP-osoitteen ja selaimen tunnisteen roskapostin tunnistamiseksi paremmin. S\u00e4hk\u00f6postiosoitteestasi luotu anonyymi tekstimerkkijono (hash), joka voidaan l\u00e4hett\u00e4\u00e4 Gravatar-palveluun sen k\u00e4yt\u00f6n varmistamiseksi. L\u00f6yd\u00e4t Gravatarin tietosuojak\u00e4yt\u00e4nn\u00f6n t\u00e4\u00e4lt\u00e4: https:\/\/automattic.com\/privacy\/&#8230;.<\/p>\n","protected":false},"author":1,"featured_media":0,"parent":0,"menu_order":0,"comment_status":"closed","ping_status":"closed","template":"","meta":{"_monsterinsights_skip_tracking":false,"_monsterinsights_sitenote_active":false,"_monsterinsights_sitenote_note":"","_monsterinsights_sitenote_category":0,"footnotes":""},"class_list":["post-1388","page","type-page","status-publish","hentry"],"_links":{"self":[{"href":"https:\/\/minunhyvinvointi.fi\/fi\/wp-json\/wp\/v2\/pages\/1388","targetHints":{"allow":["GET"]}}],"collection":[{"href":"https:\/\/minunhyvinvointi.fi\/fi\/wp-json\/wp\/v2\/pages"}],"about":[{"href":"https:\/\/minunhyvinvointi.fi\/fi\/wp-json\/wp\/v2\/types\/page"}],"author":[{"embeddable":true,"href":"https:\/\/minunhyvinvointi.fi\/fi\/wp-json\/wp\/v2\/users\/1"}],"replies":[{"embeddable":true,"href":"https:\/\/minunhyvinvointi.fi\/fi\/wp-json\/wp\/v2\/comments?post=1388"}],"version-history":[{"count":0,"href":"https:\/\/minunhyvinvointi.fi\/fi\/wp-json\/wp\/v2\/pages\/1388\/revisions"}],"wp:attachment":[{"href":"https:\/\/minunhyvinvointi.fi\/fi\/wp-json\/wp\/v2\/media?parent=1388"}],"curies":[{"name":"wp","href":"https:\/\/api.w.org\/{rel}","templated":true}]}}