{"id":1247,"date":"2023-10-31T08:00:44","date_gmt":"2023-10-31T08:00:44","guid":{"rendered":"https:\/\/minunhyvinvointi.fi\/?page_id=1247"},"modified":"2025-06-25T20:19:20","modified_gmt":"2025-06-25T17:19:20","slug":"niska-hardia-hieronta","status":"publish","type":"page","link":"https:\/\/minunhyvinvointi.fi\/fi\/niska-hardia-hieronta\/","title":{"rendered":"NISKA-HARDIA HIERONTA"},"content":{"rendered":"\t\t<div data-elementor-type=\"wp-page\" data-elementor-id=\"1247\" class=\"elementor elementor-1247\">\n\t\t\t\t<div class=\"elementor-element elementor-element-e24f2f5 e-flex e-con-boxed parallax_section_no qode_elementor_container_no e-con e-parent\" data-id=\"e24f2f5\" data-element_type=\"container\" data-e-type=\"container\">\n\t\t\t\t\t<div class=\"e-con-inner\">\n\t\t\t\t<div class=\"elementor-element elementor-element-ba27c94 elementor-widget elementor-widget-image\" data-id=\"ba27c94\" data-element_type=\"widget\" data-e-type=\"widget\" data-widget_type=\"image.default\">\n\t\t\t\t<div class=\"elementor-widget-container\">\n\t\t\t\t\t\t\t\t\t\t\t\t\t\t\t<img fetchpriority=\"high\" decoding=\"async\" width=\"295\" height=\"356\" src=\"https:\/\/minunhyvinvointi.fi\/wp-content\/uploads\/2023\/10\/Urheilu.png\" class=\"attachment-large size-large wp-image-1157\" alt=\"\" srcset=\"https:\/\/minunhyvinvointi.fi\/wp-content\/uploads\/2023\/10\/Urheilu.png 295w, https:\/\/minunhyvinvointi.fi\/wp-content\/uploads\/2023\/10\/Urheilu-249x300.png 249w\" sizes=\"(max-width: 295px) 100vw, 295px\" \/>\t\t\t\t\t\t\t\t\t\t\t\t\t\t\t<\/div>\n\t\t\t\t<\/div>\n\t\t\t\t<div class=\"elementor-element elementor-element-ba635fd elementor-widget elementor-widget-heading\" data-id=\"ba635fd\" data-element_type=\"widget\" data-e-type=\"widget\" data-widget_type=\"heading.default\">\n\t\t\t\t<div class=\"elementor-widget-container\">\n\t\t\t\t\t<h5 class=\"elementor-heading-title elementor-size-default\">Niskahartiaseudun hieronta on tehokas tapa rentouttaa ja lievitt\u00e4\u00e4 kipuja, jotka usein kertyy niskaan ja hartioihin erityisesti stressaavina aikoina tai huonojen ty\u00f6skentelyasentojen vuoksi. Se voi my\u00f6s auttaa silloin, kun lihasj\u00e4nnitykset johtavat p\u00e4\u00e4ns\u00e4rkyihin tai niskan alueen j\u00e4ykkyyteen.\n\nT\u00e4m\u00e4 hieronta on erityisen hy\u00f6dyllinen niille, jotka kokevat niska-hartiaseudun kipuja tai kireyksi\u00e4 p\u00e4ivitt\u00e4isen toiminnan tai istumaty\u00f6n takia. Niskahartiaseudun hieronnassa k\u00e4ytett\u00e4v\u00e4t tekniikat voivat sis\u00e4lt\u00e4\u00e4:\n\nSormenp\u00e4\u00e4hieronta: Kevyt painaminen ja py\u00f6ritt\u00e4minen sormilla rentouttaa lihaksia ja lievitt\u00e4\u00e4 j\u00e4nnityst\u00e4.\nVenyttely ja mobilisointi: Lihaksia venytet\u00e4\u00e4n ja liikkuvuutta parannetaan erityisesti j\u00e4ykill\u00e4 alueilla.\nL\u00e4mmittelytekniikat: Lihasten l\u00e4mmitt\u00e4minen k\u00e4sin tai hierontav\u00e4lineill\u00e4 valmistaa lihakset syvemp\u00e4\u00e4 hierontaa varten.\nSyv\u00e4kudoshieronta: Voimakkaampi painallus ja syvemm\u00e4t tekniikat, jotka keskittyv\u00e4t lihaskalvoihin ja syvempiin lihaskerroksiin j\u00e4nnityksen vapauttamiseksi.\nT\u00e4m\u00e4 hieronta parantaa verenkiertoa, lievitt\u00e4\u00e4 lihaskramppeja ja v\u00e4hent\u00e4\u00e4 stressihormoneja, mik\u00e4 tuo helpotusta j\u00e4nnityksest\u00e4 ja kipuista. Se on erityisen hyv\u00e4 valinta, jos k\u00e4rsit p\u00e4\u00e4ns\u00e4ryist\u00e4, kaulan j\u00e4ykkyydest\u00e4 tai yleisest\u00e4 lihaskireydest\u00e4.\n\n\n\nS\u00e4\u00e4nn\u00f6llinen hieronta yhdistettyn\u00e4 venyttelyyn voi merkitt\u00e4v\u00e4sti parantaa liikkuvuutta ja auttaa ehk\u00e4isem\u00e4\u00e4n vammoja sek\u00e4 kehon j\u00e4ykkyytt\u00e4. Se sopii erityisesti urheilijoille, istumaty\u00f6t\u00e4 tekeville ja kaikille, jotka haluavat lis\u00e4t\u00e4 kehon joustavuutta ja liikkumisen vapautta.<\/h5>\t\t\t\t<\/div>\n\t\t\t\t<\/div>\n\t\t\t\t\t<\/div>\n\t\t\t\t<\/div>\n\t\t<div class=\"elementor-element elementor-element-45ca5dd e-flex e-con-boxed parallax_section_no qode_elementor_container_no e-con e-parent\" data-id=\"45ca5dd\" data-element_type=\"container\" data-e-type=\"container\">\n\t\t\t\t\t<div class=\"e-con-inner\">\n\t\t\t\t<div class=\"elementor-element elementor-element-ec68337 elementor-icon-list--layout-traditional elementor-list-item-link-full_width elementor-widget elementor-widget-icon-list\" data-id=\"ec68337\" data-element_type=\"widget\" data-e-type=\"widget\" data-widget_type=\"icon-list.default\">\n\t\t\t\t<div class=\"elementor-widget-container\">\n\t\t\t\t\t\t\t<ul class=\"elementor-icon-list-items\">\n\t\t\t\t\t\t\t<li class=\"elementor-icon-list-item\">\n\t\t\t\t\t\t\t\t\t\t\t<span class=\"elementor-icon-list-icon\">\n\t\t\t\t\t\t\t<i aria-hidden=\"true\" class=\"fas fa-leaf\"><\/i>\t\t\t\t\t\t<\/span>\n\t\t\t\t\t\t\t\t\t\t<span class=\"elementor-icon-list-text\">Lihaskireyden ja -j\u00e4nnityksen lievitt\u00e4minen on yksi t\u00e4rkeimmist\u00e4 hieronnan eduista. Erityisesti istumaty\u00f6, stressi ja liiallinen rasitus voivat aiheuttaa lihaksille j\u00e4nnityst\u00e4, joka taas voi johtaa kipuihin ja liikkumisrajoituksiin. Hieronnan avulla voidaan kohdistaa painetta ja tekniikoita lihaksiin, mik\u00e4 auttaa rentouttamaan ne ja palauttamaan niiden normaalin toiminnan.  Hieronnassa k\u00e4ytett\u00e4v\u00e4t tekniikat, kuten syv\u00e4kudoshieronta, sively ja venyttely, auttavat lievitt\u00e4m\u00e4\u00e4n j\u00e4nnityst\u00e4 ja parantamaan verenkiertoa. T\u00e4m\u00e4 edist\u00e4\u00e4 lihasten palautumista ja v\u00e4hent\u00e4\u00e4 lihaskramppeja sek\u00e4 kipuja. Lis\u00e4ksi hieronta stimuloi kehon rentoutumisreaktioita, mik\u00e4 voi tuoda yleist\u00e4 hyvinvointia ja auttaa mielen rauhoittumisessa.  Lihaskireyden lievitt\u00e4minen hieronnan avulla voi my\u00f6s parantaa liikkuvuutta ja joustavuutta, mik\u00e4 puolestaan tukee kehon toimivuutta ja v\u00e4hent\u00e4\u00e4 vammojen riski\u00e4.<\/span>\n\t\t\t\t\t\t\t\t\t<\/li>\n\t\t\t\t\t\t\t\t<li class=\"elementor-icon-list-item\">\n\t\t\t\t\t\t\t\t\t\t\t<span class=\"elementor-icon-list-icon\">\n\t\t\t\t\t\t\t<i aria-hidden=\"true\" class=\"fas fa-leaf\"><\/i>\t\t\t\t\t\t<\/span>\n\t\t\t\t\t\t\t\t\t\t<span class=\"elementor-icon-list-text\">Hieronta parantaa verenkiertoa erityisesti kipeill\u00e4 alueilla, sill\u00e4 se stimuloi verisuonten laajentumista ja lis\u00e4\u00e4 verenkiertoa lihaksissa ja pehmytkudoksissa. Kun verenkierto paranee, hapekas veri ja ravinteet p\u00e4\u00e4sev\u00e4t kulkeutumaan tehokkaammin lihaksiin ja kudoksiin, mik\u00e4 edist\u00e4\u00e4 niiden palautumista ja v\u00e4hent\u00e4\u00e4 tulehdusta. Samalla kuona-aineet ja j\u00e4temateriaalit poistuvat nopeammin, mik\u00e4 voi lievitt\u00e4\u00e4 kipua ja j\u00e4nnityst\u00e4.  Erityisesti syv\u00e4kudoshieronta ja muut intensiiviset tekniikat, kuten puristelu ja vaivaaminen, voivat auttaa lis\u00e4\u00e4m\u00e4\u00e4n verenkiertoa kipeill\u00e4 alueilla. T\u00e4m\u00e4 verenkierron parantaminen voi tuoda helpotusta sellaisiin kipuihin, kuten lihaskramppeihin, j\u00e4nnitysp\u00e4\u00e4ns\u00e4rkyihin ja kroonisiin kiputiloihin. Lis\u00e4ksi hieronta voi my\u00f6s edist\u00e4\u00e4 lihasten ja nivelten liikkuvuutta ja v\u00e4hent\u00e4\u00e4 j\u00e4ykkyytt\u00e4.  Kun verenkierto paranee, keho pystyy tehokkaammin k\u00e4sittelem\u00e4\u00e4n kipua ja vaurioita, mik\u00e4 edist\u00e4\u00e4 yleist\u00e4 hyvinvointia ja nopeuttaa palautumista.<\/span>\n\t\t\t\t\t\t\t\t\t<\/li>\n\t\t\t\t\t\t\t\t<li class=\"elementor-icon-list-item\">\n\t\t\t\t\t\t\t\t\t\t\t<span class=\"elementor-icon-list-icon\">\n\t\t\t\t\t\t\t<i aria-hidden=\"true\" class=\"fas fa-leaf\"><\/i>\t\t\t\t\t\t<\/span>\n\t\t\t\t\t\t\t\t\t\t<span class=\"elementor-icon-list-text\">Hieronta auttaa parantamaan liikkuvuutta ja joustavuutta monin eri tavoin. Se rentouttaa lihaksia, v\u00e4hent\u00e4\u00e4 lihaskireytt\u00e4 ja lis\u00e4\u00e4 verenkiertoa, mik\u00e4 tekee nivelist\u00e4 ja lihaksista notkeampia.<\/span>\n\t\t\t\t\t\t\t\t\t<\/li>\n\t\t\t\t\t\t\t\t<li class=\"elementor-icon-list-item\">\n\t\t\t\t\t\t\t\t\t\t\t<span class=\"elementor-icon-list-icon\">\n\t\t\t\t\t\t\t<i aria-hidden=\"true\" class=\"fas fa-leaf\"><\/i>\t\t\t\t\t\t<\/span>\n\t\t\t\t\t\t\t\t\t\t<span class=\"elementor-icon-list-text\">Hieronta voi merkitt\u00e4v\u00e4sti parantaa unen laatua, erityisesti ihmisill\u00e4, jotka k\u00e4rsiv\u00e4t stressist\u00e4, lihasj\u00e4nnityksist\u00e4 tai unih\u00e4iri\u00f6ist\u00e4. Hieronta auttaa kehoa rentoutumaan ja luo olosuhteet syvemm\u00e4lle ja palauttavammalle unelle.<\/span>\n\t\t\t\t\t\t\t\t\t<\/li>\n\t\t\t\t\t\t\t\t<li class=\"elementor-icon-list-item\">\n\t\t\t\t\t\t\t\t\t\t\t<span class=\"elementor-icon-list-icon\">\n\t\t\t\t\t\t\t<i aria-hidden=\"true\" class=\"fas fa-leaf\"><\/i>\t\t\t\t\t\t<\/span>\n\t\t\t\t\t\t\t\t\t\t<span class=\"elementor-icon-list-text\">Hieronta on yksi tehokkaimmista luonnollisista keinoista v\u00e4hent\u00e4\u00e4 stressi\u00e4 ja ahdistusta. Se vaikuttaa sek\u00e4 fyysisesti ett\u00e4 psyykkisesti, auttaen kehoa ja mielt\u00e4 rentoutumaan.<\/span>\n\t\t\t\t\t\t\t\t\t<\/li>\n\t\t\t\t\t\t<\/ul>\n\t\t\t\t\t\t<\/div>\n\t\t\t\t<\/div>\n\t\t\t\t<div class=\"elementor-element elementor-element-0a72f71 elementor-widget elementor-widget-text-editor\" data-id=\"0a72f71\" data-element_type=\"widget\" data-e-type=\"widget\" data-widget_type=\"text-editor.default\">\n\t\t\t\t<div class=\"elementor-widget-container\">\n\t\t\t\t\t\t\t\t\t<p data-start=\"0\" data-end=\"293\">Ammattitaitoinen hieroja ei ainoastaan tarjoa rentouttavaa ja tehokasta hoitoa, vaan my\u00f6s varmistaa, ett\u00e4 hieronta tukee kehon hyvinvointia turvallisesti. Lis\u00e4ksi h\u00e4n osaa arvioida, milloin hieronta ei ole suositeltavaa, esimerkiksi tietyiss\u00e4 sairauksissa tai akuuteissa vammoissa.<\/p><p data-start=\"295\" data-end=\"648\">On my\u00f6s hyv\u00e4 muistaa, ett\u00e4 hierojan ammattitaito n\u00e4kyy asiakaskohtaisessa l\u00e4hestymistavassa. Hyv\u00e4 hieroja kuuntelee asiakkaan tarpeita, kartoittaa mahdolliset ongelma-alueet ja mukauttaa hoitoa sen mukaisesti. T\u00e4m\u00e4 yksil\u00f6llinen huomio takaa parhaat mahdolliset tulokset \u2013 olipa tavoitteena kivunlievitys, lihasten palautuminen tai stressin v\u00e4hent\u00e4minen.<\/p>\t\t\t\t\t\t\t\t<\/div>\n\t\t\t\t<\/div>\n\t\t\t\t<div class=\"elementor-element elementor-element-c679440 elementor-widget elementor-widget-bridge_button\" data-id=\"c679440\" data-element_type=\"widget\" data-e-type=\"widget\" data-widget_type=\"bridge_button.default\">\n\t\t\t\t<div class=\"elementor-widget-container\">\n\t\t\t\t\t<a  itemprop=\"url\" href=\"https:\/\/varaa.timma.fi\/reservation\/terapiahuoneminunhyvinvointi\" target=\"_blank\"  class=\"qbutton  default\" style=\"border-radius: 64px;-moz-border-radius: 64px;-webkit-border-radius: 64px; \">VARAA T\u00c4\u00c4LT\u00c4<\/a>\t\t\t\t<\/div>\n\t\t\t\t<\/div>\n\t\t\t\t\t<\/div>\n\t\t\t\t<\/div>\n\t\t<div class=\"elementor-element elementor-element-43132fe e-flex e-con-boxed parallax_section_no qode_elementor_container_no e-con e-parent\" data-id=\"43132fe\" data-element_type=\"container\" data-e-type=\"container\">\n\t\t\t\t\t<div class=\"e-con-inner\">\n\t\t\t\t<div class=\"elementor-element elementor-element-cb7483b elementor-widget elementor-widget-heading\" data-id=\"cb7483b\" data-element_type=\"widget\" data-e-type=\"widget\" data-widget_type=\"heading.default\">\n\t\t\t\t<div class=\"elementor-widget-container\">\n\t\t\t\t\t<span class=\"elementor-heading-title elementor-size-default\">Lahjakortit ja sarjakortit myynniss\u00e4 verkkokaupassa<\/span>\t\t\t\t<\/div>\n\t\t\t\t<\/div>\n\t\t\t\t\t<\/div>\n\t\t\t\t<\/div>\n\t\t\t\t<\/div>\n\t\t","protected":false},"excerpt":{"rendered":"<p>Niskahartiaseudun hieronta on tehokas tapa rentouttaa ja lievitt\u00e4\u00e4 kipuja, jotka usein kertyy niskaan ja hartioihin erityisesti stressaavina aikoina tai huonojen ty\u00f6skentelyasentojen vuoksi. Se voi my\u00f6s auttaa silloin, kun lihasj\u00e4nnitykset johtavat p\u00e4\u00e4ns\u00e4rkyihin tai niskan alueen j\u00e4ykkyyteen. T\u00e4m\u00e4 hieronta on erityisen hy\u00f6dyllinen niille, jotka kokevat niska-hartiaseudun kipuja&#8230;<\/p>\n","protected":false},"author":3,"featured_media":0,"parent":0,"menu_order":0,"comment_status":"closed","ping_status":"closed","template":"","meta":{"_monsterinsights_skip_tracking":false,"_monsterinsights_sitenote_active":false,"_monsterinsights_sitenote_note":"","_monsterinsights_sitenote_category":0,"footnotes":""},"class_list":["post-1247","page","type-page","status-publish","hentry"],"_links":{"self":[{"href":"https:\/\/minunhyvinvointi.fi\/fi\/wp-json\/wp\/v2\/pages\/1247","targetHints":{"allow":["GET"]}}],"collection":[{"href":"https:\/\/minunhyvinvointi.fi\/fi\/wp-json\/wp\/v2\/pages"}],"about":[{"href":"https:\/\/minunhyvinvointi.fi\/fi\/wp-json\/wp\/v2\/types\/page"}],"author":[{"embeddable":true,"href":"https:\/\/minunhyvinvointi.fi\/fi\/wp-json\/wp\/v2\/users\/3"}],"replies":[{"embeddable":true,"href":"https:\/\/minunhyvinvointi.fi\/fi\/wp-json\/wp\/v2\/comments?post=1247"}],"version-history":[{"count":0,"href":"https:\/\/minunhyvinvointi.fi\/fi\/wp-json\/wp\/v2\/pages\/1247\/revisions"}],"wp:attachment":[{"href":"https:\/\/minunhyvinvointi.fi\/fi\/wp-json\/wp\/v2\/media?parent=1247"}],"curies":[{"name":"wp","href":"https:\/\/api.w.org\/{rel}","templated":true}]}}