{"id":488,"date":"2023-10-14T09:26:58","date_gmt":"2023-10-14T09:26:58","guid":{"rendered":"https:\/\/www.minunhyvinvointi.fi\/?page_id=488"},"modified":"2025-02-22T14:09:10","modified_gmt":"2025-02-22T12:09:10","slug":"gdpr","status":"publish","type":"page","link":"https:\/\/minunhyvinvointi.fi\/et\/gdpr\/","title":{"rendered":"GDPR"},"content":{"rendered":"<div data-elementor-type=\"wp-page\" data-elementor-id=\"488\" class=\"elementor elementor-488\">\n\t\t\t\t<div class=\"elementor-element elementor-element-17d3c736 e-flex e-con-boxed parallax_section_no qode_elementor_container_no e-con e-parent\" data-id=\"17d3c736\" data-element_type=\"container\" data-e-type=\"container\">\n\t\t\t\t\t<div class=\"e-con-inner\">\n\t\t\t\t<div class=\"elementor-element elementor-element-5610f739 elementor-widget elementor-widget-text-editor\" data-id=\"5610f739\" data-element_type=\"widget\" data-e-type=\"widget\" data-widget_type=\"text-editor.default\">\n\t\t\t\t<div class=\"elementor-widget-container\">\n\t\t\t\t\t\t\t\t\t<p data-start=\"53\" data-end=\"72\"><strong data-start=\"53\" data-end=\"72\">Keit\u00e4 me olemme<\/strong><\/p>\n<p data-start=\"74\" data-end=\"168\">Verkkosivustomme osoite on <a href=\"https:\/\/minunhyvinvointi.fi\/et\/\" target=\"_new\" rel=\"noopener\" data-start=\"101\" data-end=\"167\">https:\/\/www.minunhyvinvointi.fi<\/a>.<\/p>\n<p data-start=\"170\" data-end=\"183\"><strong data-start=\"170\" data-end=\"183\">Kommentit<\/strong><\/p>\n<p data-start=\"185\" data-end=\"349\">Kun vierailijat j\u00e4tt\u00e4v\u00e4t kommentteja sivustolle, tallennamme kommenttilomakkeen tiedot, vierailijan IP-osoitteen ja selaimen tunnisteen roskapostin tunnistamiseksi.<\/p>\n<p data-start=\"351\" data-end=\"680\">S\u00e4hk\u00f6postiosoitteestasi luodaan anonyymi tekstimerkkijono (hash), joka voidaan l\u00e4hett\u00e4\u00e4 Gravatar-palveluun sen k\u00e4yt\u00f6n varmistamiseksi. L\u00f6yd\u00e4t Gravatarin tietosuojak\u00e4yt\u00e4nn\u00f6n t\u00e4\u00e4lt\u00e4: <a href=\"https:\/\/automattic.com\/privacy\/\" target=\"_new\" rel=\"noopener\" data-start=\"532\" data-end=\"598\">https:\/\/automattic.com\/privacy\/<\/a>. Kun kommentti on hyv\u00e4ksytty, profiilikuvasi n\u00e4kyy julkisesti kommentin vieress\u00e4.<\/p>\n<p data-start=\"682\" data-end=\"691\"><strong data-start=\"682\" data-end=\"691\">Media<\/strong><\/p>\n<p data-start=\"693\" data-end=\"874\">Kun lataat kuvia verkkosivustolle, v\u00e4lt\u00e4 sijaintitietojen (EXIF GPS) tallentamista kuviin. Sivuston vierailijat voivat ladata kuvat ja saada kaikki niiden sis\u00e4lt\u00e4m\u00e4t sijaintitiedot.<\/p>\n<p data-start=\"74\" data-end=\"86\"><strong data-start=\"74\" data-end=\"86\">Ev\u00e4steet<\/strong><\/p>\n<p data-start=\"88\" data-end=\"352\">Kun lis\u00e4\u00e4t kommentin sivustolle, voimme tallentaa nimesi, s\u00e4hk\u00f6postiosoitteesi ja verkkosivustosi tiedot ev\u00e4steiksi. T\u00e4m\u00e4 on mukavuusvaihtoehto, joka est\u00e4\u00e4 sinua sy\u00f6tt\u00e4m\u00e4st\u00e4 n\u00e4it\u00e4 tietoja uudelleen seuraavassa kommentissa. N\u00e4m\u00e4 ev\u00e4steet s\u00e4ilyv\u00e4t yhden vuoden ajan.<\/p>\n<p data-start=\"354\" data-end=\"555\">Kun vierailet kirjautumissivulla, asetamme v\u00e4liaikaisen ev\u00e4steen, joka tunnistaa, salliiko selaimesi ev\u00e4steet vai ei. T\u00e4m\u00e4 ev\u00e4ste ei sis\u00e4ll\u00e4 henkil\u00f6tietoja ja se poistetaan, kun verkkoselain suljetaan.<\/p>\n<p data-start=\"557\" data-end=\"875\">Kun kirjaudut sis\u00e4\u00e4n, k\u00e4yt\u00e4mme useita ev\u00e4steit\u00e4 kirjautumistietojen ja n\u00e4ytt\u00f6vaihtoehtojen tallentamiseen. Kirjautumisev\u00e4steet s\u00e4ilytet\u00e4\u00e4n kaksi p\u00e4iv\u00e4\u00e4, n\u00e4ytt\u00f6asetukset yhden vuoden ajan. Jos valitset &#8221;Muista minut&#8221;, kirjautuminen muistetaan kaksi viikkoa. Kirjautumisev\u00e4steet poistetaan, kun kirjaudut ulos tililt\u00e4si.<\/p>\n<p data-start=\"877\" data-end=\"1078\">Kun artikkelia muutetaan tai julkaistaan, selaimeesi tallennetaan uusi ev\u00e4ste. Se ei sis\u00e4ll\u00e4 henkil\u00f6tietoja, vaan n\u00e4ytt\u00e4\u00e4 vain muuttuneen viestin tunnisteen. T\u00e4m\u00e4 ev\u00e4ste vanhenee yhden p\u00e4iv\u00e4n kuluttua.<\/p>\n<p data-start=\"67\" data-end=\"106\"><strong data-start=\"67\" data-end=\"106\">Lis\u00e4tty sis\u00e4lt\u00f6\u00e4 muilta sivustoilta<\/strong><\/p>\n<p data-start=\"108\" data-end=\"313\">T\u00e4m\u00e4n sivuston artikkelit voivat sis\u00e4lt\u00e4\u00e4 sis\u00e4lt\u00f6\u00e4 muista l\u00e4hteist\u00e4, kuten videoita, kuvia, artikkeleita jne. N\u00e4m\u00e4 elementit k\u00e4ytt\u00e4ytyv\u00e4t samalla tavalla kuin vieraillessasi alkuper\u00e4isell\u00e4 l\u00e4hdesivustolla.<\/p>\n<p data-start=\"315\" data-end=\"522\">T\u00e4m\u00e4 verkkosivusto voi ker\u00e4t\u00e4 tietoja sinusta, k\u00e4ytt\u00e4\u00e4 ev\u00e4steit\u00e4, lis\u00e4t\u00e4 kolmannen osapuolen seurantamekanismeja ja k\u00e4ytt\u00e4\u00e4 niit\u00e4 toimintaasi valvomiseen, jos olet luonut k\u00e4ytt\u00e4j\u00e4tilin ja kirjautunut sis\u00e4\u00e4n.<\/p>\n<p data-start=\"524\" data-end=\"555\"><strong data-start=\"524\" data-end=\"555\">Kenen kanssa jaamme tietoja<\/strong><\/p>\n<p data-start=\"557\" data-end=\"623\">Kun nollaat salasanasi, IP-osoitteesi lis\u00e4t\u00e4\u00e4n palautuskirjeeseen.<\/p>\n<p data-start=\"57\" data-end=\"92\"><strong data-start=\"57\" data-end=\"92\">Kuinka kauan s\u00e4ilyt\u00e4mme tietoja<\/strong><\/p>\n<p data-start=\"94\" data-end=\"242\">Kommentteja ja niiden metatietoja s\u00e4ilytet\u00e4\u00e4n toistaiseksi, jotta my\u00f6hemm\u00e4t kommentit voidaan tunnistaa ja hyv\u00e4ksy\u00e4 automaattisesti ilman valvontaa.<\/p>\n<p data-start=\"244\" data-end=\"546\">Tallennamme verkkosivustolle rekister\u00f6ityneiden k\u00e4ytt\u00e4jien tiedot, jotka he sy\u00f6tt\u00e4v\u00e4t k\u00e4ytt\u00e4j\u00e4profiiliinsa. Kaikki k\u00e4ytt\u00e4j\u00e4t voivat n\u00e4hd\u00e4, muuttaa ja poistaa tietonsa milloin tahansa (poikkeuksena on k\u00e4ytt\u00e4j\u00e4tunnus, jota ei voi muuttaa). My\u00f6s sivuston yll\u00e4pit\u00e4j\u00e4t voivat n\u00e4hd\u00e4 ja muuttaa n\u00e4it\u00e4 tietoja.<\/p>\n<p data-start=\"548\" data-end=\"582\"><strong data-start=\"548\" data-end=\"582\">Mitk\u00e4 ovat oikeudet tietoihisi<\/strong><\/p>\n<p data-start=\"584\" data-end=\"958\">Jos sinulla on k\u00e4ytt\u00e4j\u00e4tili t\u00e4ll\u00e4 verkkosivustolla tai olet j\u00e4tt\u00e4nyt kommentteja, voit pyyt\u00e4\u00e4 meilt\u00e4 tiedoston, joka sis\u00e4lt\u00e4\u00e4 sinua koskevia henkil\u00f6tietoja, mukaan lukien antamasi tiedot. Voit my\u00f6s pyyt\u00e4\u00e4 kaikkien sinua koskevien tietojen poistamista. T\u00e4m\u00e4 ei koske tietoja, joita meid\u00e4n on s\u00e4ilytett\u00e4v\u00e4 hallinnollisten, oikeudellisten tai turvallisuustarpeiden perusteella.<\/p>\n<p data-start=\"960\" data-end=\"985\"><strong data-start=\"960\" data-end=\"985\">Minne l\u00e4het\u00e4mme dataa<\/strong><\/p>\n<p data-start=\"987\" data-end=\"1073\">Vierailijoiden kommentit voidaan tarkistaa automaattisen roskapostisuodattimen avulla.<\/p>\t\t\t\t\t\t\t\t<\/div>\n\t\t\t\t<\/div>\n\t\t\t\t\t<\/div>\n\t\t\t\t<\/div>\n\t\t\t\t<\/div>","protected":false},"excerpt":{"rendered":"<p>Keit\u00e4 me olemme Verkkosivustomme osoite on https:\/\/www.minunhyvinvointi.fi. Kommentit Kun vierailijat j\u00e4tt\u00e4v\u00e4t kommentteja sivustolle, tallennamme kommenttilomakkeen tiedot, vierailijan IP-osoitteen ja selaimen tunnisteen roskapostin tunnistamiseksi. S\u00e4hk\u00f6postiosoitteestasi luodaan anonyymi tekstimerkkijono (hash), joka voidaan l\u00e4hett\u00e4\u00e4 Gravatar-palveluun sen k\u00e4yt\u00f6n varmistamiseksi. L\u00f6yd\u00e4t Gravatarin tietosuojak\u00e4yt\u00e4nn\u00f6n t\u00e4\u00e4lt\u00e4: https:\/\/automattic.com\/privacy\/. Kun kommentti on hyv\u00e4ksytty, profiilikuvasi&#8230;<\/p>","protected":false},"author":1,"featured_media":0,"parent":0,"menu_order":0,"comment_status":"closed","ping_status":"closed","template":"","meta":{"_monsterinsights_skip_tracking":false,"_monsterinsights_sitenote_active":false,"_monsterinsights_sitenote_note":"","_monsterinsights_sitenote_category":0,"footnotes":""},"class_list":["post-488","page","type-page","status-publish","hentry"],"_links":{"self":[{"href":"https:\/\/minunhyvinvointi.fi\/et\/wp-json\/wp\/v2\/pages\/488","targetHints":{"allow":["GET"]}}],"collection":[{"href":"https:\/\/minunhyvinvointi.fi\/et\/wp-json\/wp\/v2\/pages"}],"about":[{"href":"https:\/\/minunhyvinvointi.fi\/et\/wp-json\/wp\/v2\/types\/page"}],"author":[{"embeddable":true,"href":"https:\/\/minunhyvinvointi.fi\/et\/wp-json\/wp\/v2\/users\/1"}],"replies":[{"embeddable":true,"href":"https:\/\/minunhyvinvointi.fi\/et\/wp-json\/wp\/v2\/comments?post=488"}],"version-history":[{"count":0,"href":"https:\/\/minunhyvinvointi.fi\/et\/wp-json\/wp\/v2\/pages\/488\/revisions"}],"wp:attachment":[{"href":"https:\/\/minunhyvinvointi.fi\/et\/wp-json\/wp\/v2\/media?parent=488"}],"curies":[{"name":"wp","href":"https:\/\/api.w.org\/{rel}","templated":true}]}}