{"id":394,"date":"2023-10-11T08:47:38","date_gmt":"2023-10-11T08:47:38","guid":{"rendered":"https:\/\/www.minunhyvinvointi.fi\/?page_id=394"},"modified":"2025-06-25T20:17:41","modified_gmt":"2025-06-25T17:17:41","slug":"infrapunahoit","status":"publish","type":"page","link":"https:\/\/minunhyvinvointi.fi\/et\/infrapunahoit\/","title":{"rendered":"Mik\u00e4 on infrapunahoit?"},"content":{"rendered":"<div data-elementor-type=\"wp-page\" data-elementor-id=\"394\" class=\"elementor elementor-394\">\n\t\t\t\t<div class=\"elementor-element elementor-element-43429fc e-flex e-con-boxed parallax_section_no qode_elementor_container_no e-con e-parent\" data-id=\"43429fc\" data-element_type=\"container\" data-e-type=\"container\">\n\t\t\t\t\t<div class=\"e-con-inner\">\n\t\t\t\t<div class=\"elementor-element elementor-element-816c735 elementor-widget elementor-widget-heading\" data-id=\"816c735\" data-element_type=\"widget\" data-e-type=\"widget\" data-widget_type=\"heading.default\">\n\t\t\t\t<div class=\"elementor-widget-container\">\n\t\t\t\t\t<h2 class=\"elementor-heading-title elementor-size-default\">Infrapunahoito<\/h2>\t\t\t\t<\/div>\n\t\t\t\t<\/div>\n\t\t\t\t\t<\/div>\n\t\t\t\t<\/div>\n\t\t<div class=\"elementor-element elementor-element-c24104e e-flex e-con-boxed parallax_section_no qode_elementor_container_no e-con e-parent\" data-id=\"c24104e\" data-element_type=\"container\" data-e-type=\"container\">\n\t\t\t\t\t<div class=\"e-con-inner\">\n\t\t<div class=\"elementor-element elementor-element-f151e6b e-con-full e-flex parallax_section_no qode_elementor_container_no e-con e-child\" data-id=\"f151e6b\" data-element_type=\"container\" data-e-type=\"container\">\n\t\t\t\t<div class=\"elementor-element elementor-element-36716a0 elementor-widget elementor-widget-image\" data-id=\"36716a0\" data-element_type=\"widget\" data-e-type=\"widget\" data-widget_type=\"image.default\">\n\t\t\t\t<div class=\"elementor-widget-container\">\n\t\t\t\t\t\t\t\t\t\t\t\t\t\t\t<img fetchpriority=\"high\" decoding=\"async\" width=\"570\" height=\"570\" src=\"https:\/\/minunhyvinvointi.fi\/wp-content\/uploads\/2023\/10\/Infrapunahoto-570x570.jpg\" class=\"attachment-portfolio-square size-portfolio-square wp-image-818\" alt=\"\" srcset=\"https:\/\/minunhyvinvointi.fi\/wp-content\/uploads\/2023\/10\/Infrapunahoto-570x570.jpg 570w, https:\/\/minunhyvinvointi.fi\/wp-content\/uploads\/2023\/10\/Infrapunahoto-150x150.jpg 150w, https:\/\/minunhyvinvointi.fi\/wp-content\/uploads\/2023\/10\/Infrapunahoto-500x500.jpg 500w, https:\/\/minunhyvinvointi.fi\/wp-content\/uploads\/2023\/10\/Infrapunahoto-1000x1000.jpg 1000w, https:\/\/minunhyvinvointi.fi\/wp-content\/uploads\/2023\/10\/Infrapunahoto-300x300.jpg 300w, https:\/\/minunhyvinvointi.fi\/wp-content\/uploads\/2023\/10\/Infrapunahoto-100x100.jpg 100w\" sizes=\"(max-width: 570px) 100vw, 570px\" \/>\t\t\t\t\t\t\t\t\t\t\t\t\t\t\t<\/div>\n\t\t\t\t<\/div>\n\t\t\t\t<\/div>\n\t\t\t\t<div class=\"elementor-element elementor-element-82983e8 elementor-widget elementor-widget-spacer\" data-id=\"82983e8\" data-element_type=\"widget\" data-e-type=\"widget\" data-widget_type=\"spacer.default\">\n\t\t\t\t<div class=\"elementor-widget-container\">\n\t\t\t\t\t\t\t<div class=\"elementor-spacer\">\n\t\t\t<div class=\"elementor-spacer-inner\"><\/div>\n\t\t<\/div>\n\t\t\t\t\t\t<\/div>\n\t\t\t\t<\/div>\n\t\t<div class=\"elementor-element elementor-element-a6cf3c2 e-con-full e-flex parallax_section_no qode_elementor_container_no e-con e-child\" data-id=\"a6cf3c2\" data-element_type=\"container\" data-e-type=\"container\">\n\t\t\t\t<\/div>\n\t\t\t\t\t<\/div>\n\t\t\t\t<\/div>\n\t\t<div class=\"elementor-element elementor-element-3bdaf28 e-flex e-con-boxed parallax_section_no qode_elementor_container_no e-con e-parent\" data-id=\"3bdaf28\" data-element_type=\"container\" data-e-type=\"container\">\n\t\t\t\t\t<div class=\"e-con-inner\">\n\t\t\t\t<div class=\"elementor-element elementor-element-15492b9 elementor-widget elementor-widget-heading\" data-id=\"15492b9\" data-element_type=\"widget\" data-e-type=\"widget\" data-widget_type=\"heading.default\">\n\t\t\t\t<div class=\"elementor-widget-container\">\n\t\t\t\t\t<h5 class=\"elementor-heading-title elementor-size-default\">Infrapunahoito tarjoaa monia positiivisia vaikutuksia keholle ja mielelle. T\u00e4ss\u00e4 joitakin infrapunahoidon hy\u00f6dyt:\n\nLihasten rentoutuminen ja kivunlievitys: Infrapunasaunat ja infrapunahoito voivat auttaa lievitt\u00e4m\u00e4\u00e4n lihasj\u00e4nnityst\u00e4 ja kipua. L\u00e4mp\u00f6 laajentaa verisuonia, mik\u00e4 parantaa verenkiertoa ja rentouttaa lihaksia.\n\nVerenkierron parantaminen: Infrapunahoito lis\u00e4\u00e4 verenkiertoa, mik\u00e4 voi edist\u00e4\u00e4 happea ja ravinteita kulkeutumista kehon eri osiin. T\u00e4m\u00e4 voi nopeuttaa kehon palautumista rasituksesta ja edist\u00e4\u00e4 solujen uudistumista.\n\nStressin ja ahdistuksen v\u00e4hent\u00e4minen: L\u00e4mmin ja rentouttava infrapunahoito voi v\u00e4hent\u00e4\u00e4 stressi\u00e4 ja ahdistusta, edist\u00e4en henkist\u00e4 ja fyysist\u00e4 hyvinvointia.\n\nIhon terveys: Infrapunahoito voi edist\u00e4\u00e4 ihon terveytt\u00e4 stimuloimalla kollageenin tuotantoa, joka voi parantaa ihon kimmoisuutta ja ulkon\u00e4k\u00f6\u00e4. Se voi my\u00f6s auttaa puhdistamaan huokosia ja poistamaan myrkkyj\u00e4.\n\nToksinien poistaminen: L\u00e4mp\u00f6 voi auttaa avustamaan kehoa poistamaan myrkkyj\u00e4 ja kuona-aineita, koska hikoilu edist\u00e4\u00e4 kehon puhdistautumista.\n\nPainonhallinta ja rasvanpoltto: Infrapunahoito voi tukea aineenvaihduntaa ja edist\u00e4\u00e4 rasvanpolttoa, erityisesti yhdess\u00e4 liikunnan kanssa.\n\nKivunlievitys tietyiss\u00e4 sairauksissa: Infrapunahoito on suosittu muun muassa nivelkivun, kuten nivelrikon tai fibromyalgian, hoitomuotona. L\u00e4mp\u00f6 voi v\u00e4hent\u00e4\u00e4 kipua ja parantaa liikkuvuutta.\n\nInfrapunahoito on turvallinen ja rentouttava tapa edist\u00e4\u00e4 kehon ja mielen hyvinvointia, mutta on aina hyv\u00e4 keskustella l\u00e4\u00e4k\u00e4rin kanssa, jos sinulla on erityisi\u00e4 terveysongelmia ennen hoidon aloittamista.<\/h5>\t\t\t\t<\/div>\n\t\t\t\t<\/div>\n\t\t\t\t\t<\/div>\n\t\t\t\t<\/div>\n\t\t<div class=\"elementor-element elementor-element-a1d460f e-flex e-con-boxed parallax_section_no qode_elementor_container_no e-con e-parent\" data-id=\"a1d460f\" data-element_type=\"container\" data-e-type=\"container\">\n\t\t\t\t\t<div class=\"e-con-inner\">\n\t\t\t\t<div class=\"elementor-element elementor-element-89e3e9c elementor-icon-list--layout-traditional elementor-list-item-link-full_width elementor-widget elementor-widget-icon-list\" data-id=\"89e3e9c\" data-element_type=\"widget\" data-e-type=\"widget\" data-widget_type=\"icon-list.default\">\n\t\t\t\t<div class=\"elementor-widget-container\">\n\t\t\t\t\t\t\t<ul class=\"elementor-icon-list-items\">\n\t\t\t\t\t\t\t<li class=\"elementor-icon-list-item\">\n\t\t\t\t\t\t\t\t\t\t\t<span class=\"elementor-icon-list-icon\">\n\t\t\t\t\t\t\t<i aria-hidden=\"true\" class=\"fas fa-leaf\"><\/i>\t\t\t\t\t\t<\/span>\n\t\t\t\t\t\t\t\t\t\t<span class=\"elementor-icon-list-text\">Paras tapa korjata vartalon muotoa<\/span>\n\t\t\t\t\t\t\t\t\t<\/li>\n\t\t\t\t\t\t\t\t<li class=\"elementor-icon-list-item\">\n\t\t\t\t\t\t\t\t\t\t\t<span class=\"elementor-icon-list-icon\">\n\t\t\t\t\t\t\t<i aria-hidden=\"true\" class=\"fas fa-leaf\"><\/i>\t\t\t\t\t\t<\/span>\n\t\t\t\t\t\t\t\t\t\t<span class=\"elementor-icon-list-text\">Merkitt\u00e4v\u00e4 vaikutus selluliittiin ja ihon s\u00e4vyyn<\/span>\n\t\t\t\t\t\t\t\t\t<\/li>\n\t\t\t\t\t\t\t\t<li class=\"elementor-icon-list-item\">\n\t\t\t\t\t\t\t\t\t\t\t<span class=\"elementor-icon-list-icon\">\n\t\t\t\t\t\t\t<i aria-hidden=\"true\" class=\"fas fa-leaf\"><\/i>\t\t\t\t\t\t<\/span>\n\t\t\t\t\t\t\t\t\t\t<span class=\"elementor-icon-list-text\">Poistaa ylim\u00e4\u00e4r\u00e4ist\u00e4 vett\u00e4 kehosta<\/span>\n\t\t\t\t\t\t\t\t\t<\/li>\n\t\t\t\t\t\t\t\t<li class=\"elementor-icon-list-item\">\n\t\t\t\t\t\t\t\t\t\t\t<span class=\"elementor-icon-list-icon\">\n\t\t\t\t\t\t\t<i aria-hidden=\"true\" class=\"fas fa-leaf\"><\/i>\t\t\t\t\t\t<\/span>\n\t\t\t\t\t\t\t\t\t\t<span class=\"elementor-icon-list-text\">Soveltuu l\u00e4mmittelyyn ennen harjoittelua ja rentoutumiseen treenin j\u00e4lkeen<\/span>\n\t\t\t\t\t\t\t\t\t<\/li>\n\t\t\t\t\t\t\t\t<li class=\"elementor-icon-list-item\">\n\t\t\t\t\t\t\t\t\t\t\t<span class=\"elementor-icon-list-icon\">\n\t\t\t\t\t\t\t<i aria-hidden=\"true\" class=\"fas fa-leaf\"><\/i>\t\t\t\t\t\t<\/span>\n\t\t\t\t\t\t\t\t\t\t<span class=\"elementor-icon-list-text\">Ruiskuttaa lihaksiin happipitoista verta, mik\u00e4 nopeuttaa kuona-aineiden poistumista<\/span>\n\t\t\t\t\t\t\t\t\t<\/li>\n\t\t\t\t\t\t\t\t<li class=\"elementor-icon-list-item\">\n\t\t\t\t\t\t\t\t\t\t\t<span class=\"elementor-icon-list-icon\">\n\t\t\t\t\t\t\t<i aria-hidden=\"true\" class=\"fas fa-leaf\"><\/i>\t\t\t\t\t\t<\/span>\n\t\t\t\t\t\t\t\t\t\t<span class=\"elementor-icon-list-text\">Fysioterapiatuki reuman, niveltulehduksen aiheuttamiin kroonisiin vartalo-, niska- ja selk\u00e4kipuihin<\/span>\n\t\t\t\t\t\t\t\t\t<\/li>\n\t\t\t\t\t\t\t\t<li class=\"elementor-icon-list-item\">\n\t\t\t\t\t\t\t\t\t\t\t<span class=\"elementor-icon-list-icon\">\n\t\t\t\t\t\t\t<i aria-hidden=\"true\" class=\"fas fa-leaf\"><\/i>\t\t\t\t\t\t<\/span>\n\t\t\t\t\t\t\t\t\t\t<span class=\"elementor-icon-list-text\">Palauttaa ja puhdistaa ihoa, parantaa ihon kuntoa, stimuloi solujen uusiutumista<\/span>\n\t\t\t\t\t\t\t\t\t<\/li>\n\t\t\t\t\t\t\t\t<li class=\"elementor-icon-list-item\">\n\t\t\t\t\t\t\t\t\t\t\t<span class=\"elementor-icon-list-icon\">\n\t\t\t\t\t\t\t<i aria-hidden=\"true\" class=\"fas fa-leaf\"><\/i>\t\t\t\t\t\t<\/span>\n\t\t\t\t\t\t\t\t\t\t<span class=\"elementor-icon-list-text\">V\u00e4hent\u00e4\u00e4 stressi\u00e4 ja v\u00e4symyst\u00e4<\/span>\n\t\t\t\t\t\t\t\t\t<\/li>\n\t\t\t\t\t\t\t\t<li class=\"elementor-icon-list-item\">\n\t\t\t\t\t\t\t\t\t\t\t<span class=\"elementor-icon-list-icon\">\n\t\t\t\t\t\t\t<i aria-hidden=\"true\" class=\"fas fa-leaf\"><\/i>\t\t\t\t\t\t<\/span>\n\t\t\t\t\t\t\t\t\t\t<span class=\"elementor-icon-list-text\">Vahvistaa kehon vastustuskyky\u00e4<\/span>\n\t\t\t\t\t\t\t\t\t<\/li>\n\t\t\t\t\t\t<\/ul>\n\t\t\t\t\t\t<\/div>\n\t\t\t\t<\/div>\n\t\t\t\t\t<\/div>\n\t\t\t\t<\/div>\n\t\t<div class=\"elementor-element elementor-element-f8e2e8e e-flex e-con-boxed parallax_section_no qode_elementor_container_no e-con e-parent\" data-id=\"f8e2e8e\" data-element_type=\"container\" data-e-type=\"container\">\n\t\t\t\t\t<div class=\"e-con-inner\">\n\t\t\t\t<div class=\"elementor-element elementor-element-b56c630 elementor-widget elementor-widget-text-editor\" data-id=\"b56c630\" data-element_type=\"widget\" data-e-type=\"widget\" data-widget_type=\"text-editor.default\">\n\t\t\t\t<div class=\"elementor-widget-container\">\n\t\t\t\t\t\t\t\t\t<h4>Kuvaus<\/h4><p data-start=\"0\" data-end=\"383\">Infrapunahoito on todella monipuolinen ja tehokas hoitomuoto, joka voi auttaa monenlaisissa terveys- ja kauneusongelmissa. Se edist\u00e4\u00e4 rasvanpolttoa ja aineenvaihduntaa, lievitt\u00e4\u00e4 lihaskireyksi\u00e4, parantaa verenkiertoa ja stimuloi lymfakiertoa. Lis\u00e4ksi se auttaa poistamaan ylim\u00e4\u00e4r\u00e4ist\u00e4 nestett\u00e4 ja kuona-aineita kehosta, mik\u00e4 voi edesauttaa kehonmuokkausta ja parantaa ihon ulkon\u00e4k\u00f6\u00e4.<\/p><p data-start=\"0\" data-end=\"383\">\u00a0<\/p><p data-start=\"0\" data-end=\"347\">Infrapunahoito on erinomainen valinta liikunnan j\u00e4lkeiseen palautumiseen! Sen l\u00e4mp\u00f6 voi auttaa lievitt\u00e4m\u00e4\u00e4n lihaskipuja ja -j\u00e4nnityksi\u00e4, parantaa verenkiertoa, edist\u00e4\u00e4 hapen ja ravinteiden kulkeutumista kudoksiin, ja n\u00e4in nopeuttaa palautumista. Infrapunahoito voi my\u00f6s v\u00e4hent\u00e4\u00e4 tulehdusta ja edist\u00e4\u00e4 kehon luonnollista paranemisprosessia.<\/p><p data-start=\"349\" data-end=\"555\" data-is-last-node=\"\" data-is-only-node=\"\">Jos on tiedossa kova treeni tai urheilusuoritus, infrapunahoito voi auttaa kehoa rentoutumaan ja v\u00e4hent\u00e4\u00e4 vammojen riski\u00e4.<\/p><p data-start=\"385\" data-end=\"583\" data-is-last-node=\"\" data-is-only-node=\"\">\u00a0<\/p><p data-start=\"385\" data-end=\"583\" data-is-last-node=\"\" data-is-only-node=\"\">Infrapunahoito voi olla eritt\u00e4in hy\u00f6dyllinen, jos huolestut kehosi muodosta, ylim\u00e4\u00e4r\u00e4isist\u00e4 kiloista, tulehtuneista kudoksista ja nesteen kertymisest\u00e4. Se stimuloi aineenvaihduntaa, edist\u00e4\u00e4 rasvanpolttoa ja auttaa poistamaan ylim\u00e4\u00e4r\u00e4ist\u00e4 nestett\u00e4 kehossa. L\u00e4mp\u00f6 syv\u00e4lt\u00e4 kudoksista edist\u00e4\u00e4 verenkiertoa ja lymfakiertoa, mik\u00e4 v\u00e4hent\u00e4\u00e4 turvotusta ja parantaa ihon ja kudosten elastisuutta.<\/p><p data-start=\"385\" data-end=\"583\" data-is-last-node=\"\" data-is-only-node=\"\">\u00a0<\/p><p>\u00a0<\/p><p>Infrapunahoito on my\u00f6s hy\u00f6dyllinen reuman, niveltulehduksen, osteokondroosin tai iho-ongelmien hoidossa. L\u00e4mp\u00f6hoito lievitt\u00e4\u00e4 kipua ja j\u00e4ykkyytt\u00e4, parantaa verenkiertoa ja edist\u00e4\u00e4 kudosten palautumista. Se my\u00f6s v\u00e4hent\u00e4\u00e4 tulehdusta ja edist\u00e4\u00e4 solujen uusiutumista, mik\u00e4 on erityisen hy\u00f6dyllist\u00e4 ihon ja sidekudosten terveydelle.<\/p><p>\u00a0<\/p><p data-start=\"0\" data-end=\"358\">L\u00e4mp\u00f6 syv\u00e4ll\u00e4 kudoksissa auttaa rentouttamaan lihaksia ja pehment\u00e4m\u00e4\u00e4n j\u00e4nnityksi\u00e4, parantaa verenkiertoa ja tukee aineenvaihduntaa. Sen ansiosta keho pystyy tehokkaammin poistamaan ylim\u00e4\u00e4r\u00e4isi\u00e4 nesteit\u00e4 ja kuona-aineita, mik\u00e4 voi auttaa muun muassa turvotuksen ja tulehdusten v\u00e4hent\u00e4misess\u00e4.<\/p><p data-start=\"360\" data-end=\"554\">Infrapunahoito on eritt\u00e4in hy\u00f6dyllinen my\u00f6s palautumiseen liikunnan j\u00e4lkeen tai lihasj\u00e4nnityksen lievitt\u00e4miseen. Se on pehme\u00e4, mutta tehokas tapa parantaa hyvinvointia kokonaisvaltaisesti.<\/p><p data-start=\"360\" data-end=\"554\">\u00a0<\/p><p data-start=\"0\" data-end=\"358\">Infrapunahoito ehdottomasti tukea laihdutusprosessia ja parantaa kokonaisvaltaista terveytt\u00e4. Syv\u00e4 l\u00e4mp\u00f6 stimuloi rasvanpolttoa, parantaa aineenvaihduntaa ja edesauttaa kehon luonnollista puhdistautumista poistamalla kuona-aineita ja ylim\u00e4\u00e4r\u00e4ist\u00e4 nestett\u00e4. Samalla se rentouttaa lihaksia ja edist\u00e4\u00e4 palautumista, mik\u00e4 tukee paremmin yleist\u00e4 hyvinvointia.<\/p><p data-start=\"360\" data-end=\"512\">S\u00e4\u00e4nn\u00f6llinen infrapunahoito on tehokas osa painonhallintaa ja kehon kiinteytt\u00e4mist\u00e4 yhdess\u00e4 terveellisten ruokailutottumusten ja liikunnan kanssa.<\/p><p data-start=\"360\" data-end=\"512\">\u00a0<\/p><p data-start=\"0\" data-end=\"275\">Infrapunahoito, tarjoaa monenlaisia etuja, jotka ulottuvat fyysisest\u00e4 hyvinvoinnista aina henkiseen rentoutumiseen. Se ei pelk\u00e4st\u00e4\u00e4n tue kehon kuntoutusta, vaan voi my\u00f6s parantaa ihon kuntoa, lievitt\u00e4\u00e4 stressi\u00e4 ja edist\u00e4\u00e4 mielenterveytt\u00e4.<\/p><p data-start=\"277\" data-end=\"323\">Infrapunahoito voi olla erityisen hy\u00f6dyllinen:<\/p><ul data-start=\"325\" data-end=\"812\"><li data-start=\"325\" data-end=\"479\"><strong data-start=\"327\" data-end=\"345\">Kuntoutuksessa<\/strong>: V\u00e4hent\u00e4\u00e4 lihasj\u00e4nnityksi\u00e4, lievitt\u00e4\u00e4 kipuja ja parantaa verenkiertoa, mik\u00e4 nopeuttaa palautumista urheilusuorituksista tai vammasta.<\/li><li data-start=\"480\" data-end=\"591\"><strong data-start=\"482\" data-end=\"516\">Esteettisiss\u00e4 vartalohoidoissa<\/strong>: Edist\u00e4\u00e4 rasvanpolttoa ja kiinteytt\u00e4\u00e4 ihoa, mik\u00e4 tukee vartalon muotoilua.<\/li><li data-start=\"592\" data-end=\"692\"><strong data-start=\"594\" data-end=\"613\">Rentoutumisessa<\/strong>: L\u00e4mp\u00f6 rauhoittaa kehoa ja mielt\u00e4, auttaen v\u00e4hent\u00e4m\u00e4\u00e4n stressi\u00e4 ja ahdistusta.<\/li><li data-start=\"693\" data-end=\"812\"><strong data-start=\"695\" data-end=\"723\">Yleisess\u00e4 hyvinvoinnissa<\/strong>: Tukee kehon puhdistautumisprosessia, parantaa aineenvaihduntaa ja nostaa energiatasoja.<\/li><\/ul><p data-start=\"814\" data-end=\"953\" data-is-last-node=\"\" data-is-only-node=\"\">Monet ihmiset kokevat holistisen l\u00e4mp\u00f6hoidon t\u00e4ydent\u00e4v\u00e4n hyvinvointiaan ja terveytt\u00e4\u00e4n, kun sit\u00e4 k\u00e4ytet\u00e4\u00e4n osana tasapainoista el\u00e4m\u00e4ntapaa.<\/p><p>Infrapuna on eri asia<\/p><p>Se eroaa infrapunasaunasta siin\u00e4, ett\u00e4 l\u00e4mp\u00f6 suuntautuu vain kehoon, ja koska ymp\u00e4r\u00f6iv\u00e4n ilman l\u00e4mp\u00f6tila pysyy samana, se ei ylikuormita syd\u00e4nt\u00e4 ja muita kehon j\u00e4rjestelmi\u00e4, eik\u00e4 normaali kuormitus kasva. T\u00e4m\u00e4n ansiosta iho ja ihonalaiset kudokset l\u00e4mpenev\u00e4t riitt\u00e4v\u00e4n syv\u00e4sti, veri p\u00e4\u00e4see rentoutuneisiin kudoksiin ja alkaa intensiivinen rasvanpoltto ja hikoilu poistaa kuona-aineita kehosta.<\/p><p>\u00a0<\/p><p data-start=\"0\" data-end=\"316\">Infrapunahoito tarjoaa erinomaisia etuja, kuten syv\u00e4 l\u00e4mmitys, joka auttaa parantamaan verenkiertoa ja aineenvaihduntaa tehokkaasti. Koska infrapunahoito tunkeutuu kudoksiin syvemm\u00e4lle kuin perinteinen saunahoito, se voi vaikuttaa lihaksistoon, rasvakudoksiin ja ihoon huomattavasti voimakkaammin. T\u00e4m\u00e4 mahdollistaa:<\/p><ol data-start=\"318\" data-end=\"1122\"><li data-start=\"318\" data-end=\"449\"><strong data-start=\"321\" data-end=\"347\">Tehokkaan rasvanpolton<\/strong>: Infrapunahoidon syv\u00e4 l\u00e4mp\u00f6 tehostaa rasvanpolttoa ja auttaa kehoa polttamaan kaloreita jopa levossa.<\/li><li data-start=\"450\" data-end=\"607\"><strong data-start=\"453\" data-end=\"481\">Nopeampi aineenvaihdunta<\/strong>: L\u00e4mp\u00f6 lis\u00e4\u00e4 verenkiertoa, mik\u00e4 puolestaan edist\u00e4\u00e4 ravinteiden kuljettamista kudoksiin ja kuona-aineiden poistumista kehosta.<\/li><li data-start=\"608\" data-end=\"782\"><strong data-start=\"611\" data-end=\"631\">Hikoilu ja detox<\/strong>: Infrapunahoito saa aikaan voimakkaamman hikoilun kuin perinteinen sauna, mik\u00e4 auttaa kehoa poistamaan myrkkyj\u00e4 ja ylim\u00e4\u00e4r\u00e4ist\u00e4 nestett\u00e4 tehokkaammin.<\/li><li data-start=\"783\" data-end=\"928\"><strong data-start=\"786\" data-end=\"812\">Lihasten rentoutuminen<\/strong>: Syv\u00e4 l\u00e4mp\u00f6 rentouttaa lihaksia ja lievitt\u00e4\u00e4 kipuja, mik\u00e4 voi auttaa urheilusuoritusten j\u00e4lkeisess\u00e4 palautumisessa.<\/li><li data-start=\"929\" data-end=\"1122\"><strong data-start=\"932\" data-end=\"962\">Sopii kaikille ik\u00e4ryhmille<\/strong>: Koska infrapunal\u00e4mm\u00f6n intensiteetti on s\u00e4\u00e4dett\u00e4viss\u00e4 ja se ei ylikuormita syd\u00e4nt\u00e4 tai verenkiertoa, se on turvallinen vaihtoehto my\u00f6s vanhuksille ja lapsille.<\/li><\/ol><p data-start=\"1124\" data-end=\"1391\" data-is-last-node=\"\" data-is-only-node=\"\">Hoito on yleens\u00e4 tehokkainta, kun sit\u00e4 tehd\u00e4\u00e4n s\u00e4\u00e4nn\u00f6llisesti, ja tuloksia voidaan alkaa n\u00e4hd\u00e4 jo muutaman hoitokerran j\u00e4lkeen. Keskim\u00e4\u00e4rin 10\u201315 hoitokertaa voivat johtaa pysyviin ja n\u00e4kyviin tuloksiin, erityisesti jos hoito yhdistet\u00e4\u00e4n terveellisiin el\u00e4m\u00e4ntapoihin.<\/p><p data-start=\"1124\" data-end=\"1391\" data-is-last-node=\"\" data-is-only-node=\"\">\u00a0<\/p><p data-start=\"0\" data-end=\"107\">Infrapunahoito tarjoaa kokonaisvaltaisia etuja kehon hyvinvoinnille. Sen avulla voit saavuttaa:<\/p><ol data-start=\"109\" data-end=\"1261\"><li data-start=\"109\" data-end=\"302\"><p data-start=\"112\" data-end=\"302\"><strong data-start=\"112\" data-end=\"161\">Verenkierron ja aineenvaihdunnan tehostuminen<\/strong>: Infrapunal\u00e4mm\u00f6n syv\u00e4lle tunkeutuvat aallot aktivoivat verenkiertoa, mik\u00e4 puolestaan nopeuttaa aineenvaihduntaa ja edesauttaa rasvanpolttoa.<\/p><\/li><li data-start=\"307\" data-end=\"468\"><p data-start=\"310\" data-end=\"468\"><strong data-start=\"310\" data-end=\"354\">Lihaskireyksien ja kipujen lievitt\u00e4minen<\/strong>: L\u00e4mp\u00f6 rentouttaa lihaksia ja voi auttaa lievitt\u00e4m\u00e4\u00e4n kroonista kipua, kuten lihaskireyksi\u00e4 ja niveltulehduksia.<\/p><\/li><li data-start=\"470\" data-end=\"740\"><p data-start=\"473\" data-end=\"740\"><strong data-start=\"473\" data-end=\"519\">Nesteen poisto ja turvotuksen v\u00e4hent\u00e4minen<\/strong>: Infrapunahoito edist\u00e4\u00e4 nesteen kiertoa kehossa, auttaen poistamaan ylim\u00e4\u00e4r\u00e4ist\u00e4 nestett\u00e4 ja v\u00e4hent\u00e4m\u00e4\u00e4n turvotusta, mik\u00e4 voi olla erityisen hy\u00f6dyllist\u00e4 raskauden aikana tai pitk\u00e4aikaisen seisomisen ja istumisen j\u00e4lkeen.<\/p><\/li><li data-start=\"742\" data-end=\"893\"><p data-start=\"745\" data-end=\"893\"><strong data-start=\"745\" data-end=\"774\">Tulehdusten lievitt\u00e4minen<\/strong>: Syv\u00e4 l\u00e4mp\u00f6 stimuloi kehon luonnollisia parantumisprosesseja, v\u00e4hent\u00e4en tulehdusta ja tukemalla kudosten palautumista.<\/p><\/li><li data-start=\"895\" data-end=\"1032\"><p data-start=\"898\" data-end=\"1032\"><strong data-start=\"898\" data-end=\"928\">Ihon terveyden edist\u00e4minen<\/strong>: L\u00e4mp\u00f6 hoitaa ihon pintaa ja voi parantaa ihon verenkiertoa, tehden ihosta kirkkaamman ja kimmoisamman.<\/p><\/li><li data-start=\"1034\" data-end=\"1261\"><p data-start=\"1037\" data-end=\"1261\"><strong data-start=\"1037\" data-end=\"1075\">Syv\u00e4 rentoutuminen ilman rasitusta<\/strong>: Infrapunahoito tarjoaa rentoutumisen ilman perinteisten saunojen korkeaa l\u00e4mp\u00f6tilaa, mik\u00e4 tekee siit\u00e4 miellytt\u00e4v\u00e4mm\u00e4n ja turvallisemman erityisesti niille, jotka eiv\u00e4t sied\u00e4 kuumuutta.<\/p><\/li><\/ol><p data-start=\"1263\" data-end=\"1412\" data-is-last-node=\"\" data-is-only-node=\"\">N\u00e4iden hy\u00f6dyn lis\u00e4ksi infrapunahoito on eritt\u00e4in turvallinen ja tehokas hoitomuoto, joka voidaan mukauttaa yksil\u00f6llisiin tarpeisiin ja olosuhteisiin.<\/p>\t\t\t\t\t\t\t\t<\/div>\n\t\t\t\t<\/div>\n\t\t\t\t<div class=\"elementor-element elementor-element-e6cb534 elementor-widget elementor-widget-bridge_button\" data-id=\"e6cb534\" data-element_type=\"widget\" data-e-type=\"widget\" data-widget_type=\"bridge_button.default\">\n\t\t\t\t<div class=\"elementor-widget-container\">\n\t\t\t\t\t<a  itemprop=\"url\" href=\"https:\/\/varaa.timma.fi\/reservation\/terapiahuoneminunhyvinvointi\" target=\"_blank\"  class=\"qbutton  default\" style=\"border-radius: 64px;-moz-border-radius: 64px;-webkit-border-radius: 64px; \">VARAA T\u00c4\u00c4LT\u00c4<\/a>\t\t\t\t<\/div>\n\t\t\t\t<\/div>\n\t\t\t\t\t<\/div>\n\t\t\t\t<\/div>\n\t\t\t\t<\/div>","protected":false},"excerpt":{"rendered":"<p>Infrapunahoito Infrapunahoito tarjoaa monia positiivisia vaikutuksia keholle ja mielelle. T\u00e4ss\u00e4 joitakin infrapunahoidon hy\u00f6dyt: Lihasten rentoutuminen ja kivunlievitys: Infrapunasaunat ja infrapunahoito voivat auttaa lievitt\u00e4m\u00e4\u00e4n lihasj\u00e4nnityst\u00e4 ja kipua. L\u00e4mp\u00f6 laajentaa verisuonia, mik\u00e4 parantaa verenkiertoa ja rentouttaa lihaksia. Verenkierron parantaminen: Infrapunahoito lis\u00e4\u00e4 verenkiertoa, mik\u00e4 voi edist\u00e4\u00e4 happea ja&#8230;<\/p>","protected":false},"author":1,"featured_media":0,"parent":0,"menu_order":0,"comment_status":"closed","ping_status":"closed","template":"","meta":{"_monsterinsights_skip_tracking":false,"_monsterinsights_sitenote_active":false,"_monsterinsights_sitenote_note":"","_monsterinsights_sitenote_category":0,"footnotes":""},"class_list":["post-394","page","type-page","status-publish","hentry"],"_links":{"self":[{"href":"https:\/\/minunhyvinvointi.fi\/et\/wp-json\/wp\/v2\/pages\/394","targetHints":{"allow":["GET"]}}],"collection":[{"href":"https:\/\/minunhyvinvointi.fi\/et\/wp-json\/wp\/v2\/pages"}],"about":[{"href":"https:\/\/minunhyvinvointi.fi\/et\/wp-json\/wp\/v2\/types\/page"}],"author":[{"embeddable":true,"href":"https:\/\/minunhyvinvointi.fi\/et\/wp-json\/wp\/v2\/users\/1"}],"replies":[{"embeddable":true,"href":"https:\/\/minunhyvinvointi.fi\/et\/wp-json\/wp\/v2\/comments?post=394"}],"version-history":[{"count":0,"href":"https:\/\/minunhyvinvointi.fi\/et\/wp-json\/wp\/v2\/pages\/394\/revisions"}],"wp:attachment":[{"href":"https:\/\/minunhyvinvointi.fi\/et\/wp-json\/wp\/v2\/media?parent=394"}],"curies":[{"name":"wp","href":"https:\/\/api.w.org\/{rel}","templated":true}]}}