{"id":368,"date":"2023-10-11T08:18:00","date_gmt":"2023-10-11T08:18:00","guid":{"rendered":"https:\/\/www.minunhyvinvointi.fi\/?page_id=368"},"modified":"2025-06-25T20:16:39","modified_gmt":"2025-06-25T17:16:39","slug":"klassinen-hieronta","status":"publish","type":"page","link":"https:\/\/minunhyvinvointi.fi\/et\/klassinen-hieronta\/","title":{"rendered":"Klassinen hieronta"},"content":{"rendered":"<div data-elementor-type=\"wp-page\" data-elementor-id=\"368\" class=\"elementor elementor-368\">\n\t\t\t\t<div class=\"elementor-element elementor-element-edefc2a e-flex e-con-boxed parallax_section_no qode_elementor_container_no e-con e-parent\" data-id=\"edefc2a\" data-element_type=\"container\" data-e-type=\"container\">\n\t\t\t\t\t<div class=\"e-con-inner\">\n\t\t\t\t<div class=\"elementor-element elementor-element-c93d157 elementor-widget elementor-widget-heading\" data-id=\"c93d157\" data-element_type=\"widget\" data-e-type=\"widget\" data-widget_type=\"heading.default\">\n\t\t\t\t<div class=\"elementor-widget-container\">\n\t\t\t\t\t<h5 class=\"elementor-heading-title elementor-size-default\">Klassinen hieronta on monipuolinen ja rentouttava hoitomuoto, joka keskittyy kehon lihasj\u00e4nnitysten lievitt\u00e4miseen ja verenkierron parantamiseen. T\u00e4ss\u00e4 hierontatekniikassa k\u00e4ytet\u00e4\u00e4n perinteisi\u00e4 liikkeit\u00e4, kuten silittely\u00e4, vaivaamista, hankausta ja taputtelua, jotka auttavat lievitt\u00e4m\u00e4\u00e4n lihaskipuja, parantamaan liikkuvuutta ja edist\u00e4m\u00e4\u00e4n yleist\u00e4 hyvinvointia.\n\nHieronnan aikana voidaan my\u00f6s vaikuttaa kehon pehmytkudoksiin. Se edist\u00e4\u00e4 rentoutumista, v\u00e4hent\u00e4\u00e4 stressi\u00e4 ja lievitt\u00e4\u00e4 j\u00e4nnityksi\u00e4. Klassinen hieronta voi olla my\u00f6s hy\u00f6dyllinen kehon tasapainottamisessa ja mielialan kohentamisessa. Se soveltuu hyvin niin stressin lievitt\u00e4miseen kuin lihasj\u00e4nnityksen v\u00e4hent\u00e4miseen, ja se on erinomainen valinta my\u00f6s niille, jotka kaipaavat yleist\u00e4 hyvinvointia ja rentoutumista.<\/h5>\t\t\t\t<\/div>\n\t\t\t\t<\/div>\n\t\t\t\t<div class=\"elementor-element elementor-element-20d6a8a elementor-widget elementor-widget-image\" data-id=\"20d6a8a\" data-element_type=\"widget\" data-e-type=\"widget\" data-widget_type=\"image.default\">\n\t\t\t\t<div class=\"elementor-widget-container\">\n\t\t\t\t\t\t\t\t\t\t\t\t\t\t\t<img fetchpriority=\"high\" decoding=\"async\" width=\"275\" height=\"183\" src=\"https:\/\/minunhyvinvointi.fi\/wp-content\/uploads\/2023\/10\/Klassinen-hieronta-2.jpg\" class=\"attachment-full size-full wp-image-967\" alt=\"\" \/>\t\t\t\t\t\t\t\t\t\t\t\t\t\t\t<\/div>\n\t\t\t\t<\/div>\n\t\t\t\t\t<\/div>\n\t\t\t\t<\/div>\n\t\t<div class=\"elementor-element elementor-element-adf4e31 e-flex e-con-boxed parallax_section_no qode_elementor_container_no e-con e-parent\" data-id=\"adf4e31\" data-element_type=\"container\" data-e-type=\"container\">\n\t\t\t\t\t<div class=\"e-con-inner\">\n\t\t\t\t<div class=\"elementor-element elementor-element-743b9ca elementor-widget elementor-widget-text-editor\" data-id=\"743b9ca\" data-element_type=\"widget\" data-e-type=\"widget\" data-widget_type=\"text-editor.default\">\n\t\t\t\t<div class=\"elementor-widget-container\">\n\t\t\t\t\t\t\t\t\t<p>T\u00e4ss\u00e4 on joitain klassisen hieronnan p\u00e4\u00e4ominaisuuksia ja etuja:<\/p>\t\t\t\t\t\t\t\t<\/div>\n\t\t\t\t<\/div>\n\t\t\t\t<div class=\"elementor-element elementor-element-271ad28 elementor-icon-list--layout-traditional elementor-list-item-link-full_width elementor-widget elementor-widget-icon-list\" data-id=\"271ad28\" data-element_type=\"widget\" data-e-type=\"widget\" data-widget_type=\"icon-list.default\">\n\t\t\t\t<div class=\"elementor-widget-container\">\n\t\t\t\t\t\t\t<ul class=\"elementor-icon-list-items\">\n\t\t\t\t\t\t\t<li class=\"elementor-icon-list-item\">\n\t\t\t\t\t\t\t\t\t\t\t<span class=\"elementor-icon-list-icon\">\n\t\t\t\t\t\t\t<i aria-hidden=\"true\" class=\"fas fa-leaf\"><\/i>\t\t\t\t\t\t<\/span>\n\t\t\t\t\t\t\t\t\t\t<span class=\"elementor-icon-list-text\">Tekniikat Klassisessa hieronnassa k\u00e4ytet\u00e4\u00e4n monenlaisia tekniikoita, kuten harjaamista, hankausta, puristamista, ravistelua ja taputtelua. N\u00e4m\u00e4 tekniikat auttavat lievitt\u00e4m\u00e4\u00e4n lihasj\u00e4nnityst\u00e4, parantamaan verenkiertoa ja rentouttamaan kehoa. Jokainen tekniikka valitaan asiakkaan tarpeiden mukaan, ja hierontaan voidaan lis\u00e4t\u00e4 erityisi\u00e4 liikkeit\u00e4 sen mukaan, millaista hoitoa asiakas tarvitsee.<\/span>\n\t\t\t\t\t\t\t\t\t<\/li>\n\t\t\t\t\t\t\t\t<li class=\"elementor-icon-list-item\">\n\t\t\t\t\t\t\t\t\t\t\t<span class=\"elementor-icon-list-icon\">\n\t\t\t\t\t\t\t<i aria-hidden=\"true\" class=\"fas fa-leaf\"><\/i>\t\t\t\t\t\t<\/span>\n\t\t\t\t\t\t\t\t\t\t<span class=\"elementor-icon-list-text\">Rentoutuminen Hieronta auttaa rentouttamaan lihaksia ja v\u00e4hent\u00e4m\u00e4\u00e4n stressi\u00e4, mik\u00e4 edist\u00e4\u00e4 parempaa unta ja parantaa yleist\u00e4 el\u00e4m\u00e4nlaatua. Se auttaa my\u00f6s vapauttamaan kehon j\u00e4nnityksist\u00e4, mik\u00e4 voi johtaa syvemp\u00e4\u00e4n rentoutumiseen ja mielen rauhoittumiseen. S\u00e4\u00e4nn\u00f6llinen hieronta voi parantaa hyvinvointia ja tukea kehon luonnollista tasapainoa.<\/span>\n\t\t\t\t\t\t\t\t\t<\/li>\n\t\t\t\t\t\t\t\t<li class=\"elementor-icon-list-item\">\n\t\t\t\t\t\t\t\t\t\t\t<span class=\"elementor-icon-list-icon\">\n\t\t\t\t\t\t\t<i aria-hidden=\"true\" class=\"fas fa-leaf\"><\/i>\t\t\t\t\t\t<\/span>\n\t\t\t\t\t\t\t\t\t\t<span class=\"elementor-icon-list-text\">Parantaa verenkiertoa Hieronta edist\u00e4\u00e4 verenkiertoa, mik\u00e4 auttaa kuljettamaan happea ja ravinteita lihaksiin sek\u00e4 poistamaan kuona-aineita kehosta. Parempi verenkierto voi nopeuttaa lihasten palautumista, v\u00e4hent\u00e4\u00e4 turvotusta ja lievitt\u00e4\u00e4 kipuja. Se tukee my\u00f6s elimist\u00f6n luonnollisia parantumisprosesseja ja edist\u00e4\u00e4 yleist\u00e4 terveytt\u00e4.<\/span>\n\t\t\t\t\t\t\t\t\t<\/li>\n\t\t\t\t\t\t\t\t<li class=\"elementor-icon-list-item\">\n\t\t\t\t\t\t\t\t\t\t\t<span class=\"elementor-icon-list-icon\">\n\t\t\t\t\t\t\t<i aria-hidden=\"true\" class=\"fas fa-leaf\"><\/i>\t\t\t\t\t\t<\/span>\n\t\t\t\t\t\t\t\t\t\t<span class=\"elementor-icon-list-text\">Liikkuvuuden parantaminen Hieronta auttaa lis\u00e4\u00e4m\u00e4\u00e4n lihasten ja nivelten liikkuvuutta sek\u00e4 joustavuutta. Se rentouttaa lihaksia, vapauttaa j\u00e4nnityksi\u00e4 ja parantaa nivelten liikerataa. S\u00e4\u00e4nn\u00f6llinen hieronta voi v\u00e4hent\u00e4\u00e4 liikkumisen rajoitteita ja tukea kehon liikkuvuutta, mik\u00e4 voi ehk\u00e4ist\u00e4 vammoja ja parantaa liikuntakyky\u00e4.<\/span>\n\t\t\t\t\t\t\t\t\t<\/li>\n\t\t\t\t\t\t\t\t<li class=\"elementor-icon-list-item\">\n\t\t\t\t\t\t\t\t\t\t\t<span class=\"elementor-icon-list-icon\">\n\t\t\t\t\t\t\t<i aria-hidden=\"true\" class=\"fas fa-leaf\"><\/i>\t\t\t\t\t\t<\/span>\n\t\t\t\t\t\t\t\t\t\t<span class=\"elementor-icon-list-text\">Kivunlievitys Hieronta on tehokas keino lievitt\u00e4\u00e4 erilaisia kipuja, kuten p\u00e4\u00e4ns\u00e4rky\u00e4, niska-hartia-alueen j\u00e4nnityst\u00e4 ja lihasj\u00e4nnityksi\u00e4. Se voi auttaa rentouttamaan kireit\u00e4 lihaksia, parantamaan verenkiertoa ja vapauttamaan kehon j\u00e4nnityksi\u00e4, mik\u00e4 puolestaan lievitt\u00e4\u00e4 kipuja ja edist\u00e4\u00e4 nopeampaa palautumista.<\/span>\n\t\t\t\t\t\t\t\t\t<\/li>\n\t\t\t\t\t\t\t\t<li class=\"elementor-icon-list-item\">\n\t\t\t\t\t\t\t\t\t\t\t<span class=\"elementor-icon-list-icon\">\n\t\t\t\t\t\t\t<i aria-hidden=\"true\" class=\"fas fa-leaf\"><\/i>\t\t\t\t\t\t<\/span>\n\t\t\t\t\t\t\t\t\t\t<span class=\"elementor-icon-list-text\">Edist\u00e4\u00e4 henkist\u00e4 hyvinvointia Monet kokevat hieronnan j\u00e4lkeen henkist\u00e4 rentoutumista ja mielihyv\u00e4\u00e4. Hieronta voi v\u00e4hent\u00e4\u00e4 stressi\u00e4 ja ahdistusta, edist\u00e4en mielenrauhaa ja parantaen yleist\u00e4 hyvinvointia. Se tarjoaa my\u00f6s mahdollisuuden irrottautua arjen kiireist\u00e4 ja keskitty\u00e4 omaan hyvinvointiin.<\/span>\n\t\t\t\t\t\t\t\t\t<\/li>\n\t\t\t\t\t\t<\/ul>\n\t\t\t\t\t\t<\/div>\n\t\t\t\t<\/div>\n\t\t\t\t\t<\/div>\n\t\t\t\t<\/div>\n\t\t<div class=\"elementor-element elementor-element-63c85cc e-flex e-con-boxed parallax_section_no qode_elementor_container_no e-con e-parent\" data-id=\"63c85cc\" data-element_type=\"container\" data-e-type=\"container\">\n\t\t\t\t\t<div class=\"e-con-inner\">\n\t\t\t\t<div class=\"elementor-element elementor-element-ccf6ada elementor-widget elementor-widget-text-editor\" data-id=\"ccf6ada\" data-element_type=\"widget\" data-e-type=\"widget\" data-widget_type=\"text-editor.default\">\n\t\t\t\t<div class=\"elementor-widget-container\">\n\t\t\t\t\t\t\t\t\t<p><strong data-start=\"217\" data-end=\"274\">Klassinen hieronta edist\u00e4\u00e4 my\u00f6s henkist\u00e4 hyvinvointia<\/strong>, sill\u00e4 se auttaa v\u00e4hent\u00e4m\u00e4\u00e4n stressi\u00e4 ja ahdistusta. Hieronta stimuloi kehon rentoutumisreaktiota, mik\u00e4 voi rauhoittaa mielt\u00e4 ja tuoda mukanaan positiivisia tuntemuksia. Monet kokevat hieronnan j\u00e4lkeen mielihyv\u00e4\u00e4 ja mielen rauhoittumista, mik\u00e4 voi parantaa yleist\u00e4 el\u00e4m\u00e4nlaatua ja lis\u00e4t\u00e4 elinvoimaisuutta. T\u00e4m\u00e4 henkinen rentoutuminen voi my\u00f6s tukea parempaa keskittymiskyky\u00e4 ja auttaa k\u00e4sittelem\u00e4\u00e4n arjen haasteita.<\/p>\t\t\t\t\t\t\t\t<\/div>\n\t\t\t\t<\/div>\n\t\t\t\t<div class=\"elementor-element elementor-element-cc0ad7c elementor-widget elementor-widget-bridge_button\" data-id=\"cc0ad7c\" data-element_type=\"widget\" data-e-type=\"widget\" data-widget_type=\"bridge_button.default\">\n\t\t\t\t<div class=\"elementor-widget-container\">\n\t\t\t\t\t<a  itemprop=\"url\" href=\"https:\/\/varaa.timma.fi\/reservation\/terapiahuoneminunhyvinvointi\" target=\"_blank\"  class=\"qbutton  default\" style=\"border-radius: 64px;-moz-border-radius: 64px;-webkit-border-radius: 64px; \">VARAA T\u00c4\u00c4LT\u00c4<\/a>\t\t\t\t<\/div>\n\t\t\t\t<\/div>\n\t\t\t\t<div class=\"elementor-element elementor-element-6c9e666 elementor-widget elementor-widget-heading\" data-id=\"6c9e666\" data-element_type=\"widget\" data-e-type=\"widget\" data-widget_type=\"heading.default\">\n\t\t\t\t<div class=\"elementor-widget-container\">\n\t\t\t\t\t<span class=\"elementor-heading-title elementor-size-default\">Lahjakortit ja sarjakortit myynniss\u00e4 verkkokaupassa<\/span>\t\t\t\t<\/div>\n\t\t\t\t<\/div>\n\t\t\t\t\t<\/div>\n\t\t\t\t<\/div>\n\t\t\t\t<\/div>","protected":false},"excerpt":{"rendered":"<p>Klassinen hieronta on monipuolinen ja rentouttava hoitomuoto, joka keskittyy kehon lihasj\u00e4nnitysten lievitt\u00e4miseen ja verenkierron parantamiseen. T\u00e4ss\u00e4 hierontatekniikassa k\u00e4ytet\u00e4\u00e4n perinteisi\u00e4 liikkeit\u00e4, kuten silittely\u00e4, vaivaamista, hankausta ja taputtelua, jotka auttavat lievitt\u00e4m\u00e4\u00e4n lihaskipuja, parantamaan liikkuvuutta ja edist\u00e4m\u00e4\u00e4n yleist\u00e4 hyvinvointia. Hieronnan aikana voidaan my\u00f6s vaikuttaa kehon pehmytkudoksiin. Se edist\u00e4\u00e4&#8230;<\/p>","protected":false},"author":1,"featured_media":0,"parent":0,"menu_order":0,"comment_status":"closed","ping_status":"closed","template":"","meta":{"_monsterinsights_skip_tracking":false,"_monsterinsights_sitenote_active":false,"_monsterinsights_sitenote_note":"","_monsterinsights_sitenote_category":0,"footnotes":""},"class_list":["post-368","page","type-page","status-publish","hentry"],"_links":{"self":[{"href":"https:\/\/minunhyvinvointi.fi\/et\/wp-json\/wp\/v2\/pages\/368","targetHints":{"allow":["GET"]}}],"collection":[{"href":"https:\/\/minunhyvinvointi.fi\/et\/wp-json\/wp\/v2\/pages"}],"about":[{"href":"https:\/\/minunhyvinvointi.fi\/et\/wp-json\/wp\/v2\/types\/page"}],"author":[{"embeddable":true,"href":"https:\/\/minunhyvinvointi.fi\/et\/wp-json\/wp\/v2\/users\/1"}],"replies":[{"embeddable":true,"href":"https:\/\/minunhyvinvointi.fi\/et\/wp-json\/wp\/v2\/comments?post=368"}],"version-history":[{"count":0,"href":"https:\/\/minunhyvinvointi.fi\/et\/wp-json\/wp\/v2\/pages\/368\/revisions"}],"wp:attachment":[{"href":"https:\/\/minunhyvinvointi.fi\/et\/wp-json\/wp\/v2\/media?parent=368"}],"curies":[{"name":"wp","href":"https:\/\/api.w.org\/{rel}","templated":true}]}}