{"id":327,"date":"2023-10-07T19:30:49","date_gmt":"2023-10-07T19:30:49","guid":{"rendered":"https:\/\/www.minunhyvinvointi.fi\/?page_id=327"},"modified":"2025-06-25T20:12:12","modified_gmt":"2025-06-25T17:12:12","slug":"body-wraps","status":"publish","type":"page","link":"https:\/\/minunhyvinvointi.fi\/et\/body-wraps\/","title":{"rendered":"Body Wraps"},"content":{"rendered":"<div data-elementor-type=\"wp-page\" data-elementor-id=\"327\" class=\"elementor elementor-327\">\n\t\t\t\t<div class=\"elementor-element elementor-element-bb04f13 e-flex e-con-boxed parallax_section_no qode_elementor_container_no e-con e-parent\" data-id=\"bb04f13\" data-element_type=\"container\" data-e-type=\"container\">\n\t\t\t\t\t<div class=\"e-con-inner\">\n\t\t\t\t<div class=\"elementor-element elementor-element-60c2f0a elementor-widget elementor-widget-text-editor\" data-id=\"60c2f0a\" data-element_type=\"widget\" data-e-type=\"widget\" data-widget_type=\"text-editor.default\">\n\t\t\t\t<div class=\"elementor-widget-container\">\n\t\t\t\t\t\t\t\t\t<p data-start=\"59\" data-end=\"134\"><strong data-start=\"59\" data-end=\"134\">Kasvis-CO2-uutteet ja rakkolev\u00e4kompleksi v\u00e4hent\u00e4v\u00e4t tulehdusta kehossa.<\/strong><\/p><p data-start=\"136\" data-end=\"290\">N\u00e4m\u00e4 luonnolliset aineet tukevat kudosten aineenvaihduntaa ja edist\u00e4v\u00e4t j\u00e4tetuotteiden erittymist\u00e4, auttaen kehoa puhdistumaan ja palautumaan tehokkaasti.<\/p>\t\t\t\t\t\t\t\t<\/div>\n\t\t\t\t<\/div>\n\t\t\t\t<div class=\"elementor-element elementor-element-b1c21ca elementor-widget elementor-widget-text-editor\" data-id=\"b1c21ca\" data-element_type=\"widget\" data-e-type=\"widget\" data-widget_type=\"text-editor.default\">\n\t\t\t\t<div class=\"elementor-widget-container\">\n\t\t\t\t\t\t\t\t\t<p data-start=\"60\" data-end=\"82\"><strong data-start=\"60\" data-end=\"82\">100 % LUONNOLLINEN<\/strong><\/p><p data-start=\"84\" data-end=\"98\"><strong data-start=\"84\" data-end=\"98\">BODY WRAPS<\/strong><\/p><p data-start=\"100\" data-end=\"138\"><strong data-start=\"100\" data-end=\"138\">ON PUHDAS VIRON LUONNOLLINEN TUOTE<\/strong><\/p><p data-start=\"140\" data-end=\"207\">T\u00e4m\u00e4 on puhdas ja luonnollinen tuote, joka on valmistettu Virossa.<\/p>\t\t\t\t\t\t\t\t<\/div>\n\t\t\t\t<\/div>\n\t\t\t\t<div class=\"elementor-element elementor-element-a53259d elementor-widget elementor-widget-text-editor\" data-id=\"a53259d\" data-element_type=\"widget\" data-e-type=\"widget\" data-widget_type=\"text-editor.default\">\n\t\t\t\t<div class=\"elementor-widget-container\">\n\t\t\t\t\t\t\t\t\t<p>Prosessi tukee kudosten aineenvaihduntaa ja j\u00e4tetuotteiden erittymist\u00e4.<\/p>\t\t\t\t\t\t\t\t<\/div>\n\t\t\t\t<\/div>\n\t\t\t\t<div class=\"elementor-element elementor-element-d9c04f5 elementor-icon-list--layout-traditional elementor-list-item-link-full_width elementor-widget elementor-widget-icon-list\" data-id=\"d9c04f5\" data-element_type=\"widget\" data-e-type=\"widget\" data-widget_type=\"icon-list.default\">\n\t\t\t\t<div class=\"elementor-widget-container\">\n\t\t\t\t\t\t\t<ul class=\"elementor-icon-list-items\">\n\t\t\t\t\t\t\t<li class=\"elementor-icon-list-item\">\n\t\t\t\t\t\t\t\t\t\t\t<span class=\"elementor-icon-list-icon\">\n\t\t\t\t\t\t\t<i aria-hidden=\"true\" class=\"fas fa-leaf\"><\/i>\t\t\t\t\t\t<\/span>\n\t\t\t\t\t\t\t\t\t\t<span class=\"elementor-icon-list-text\">Kapillaariverenkierron stimulointi tukee verisuonten ja suonien terveytt\u00e4 ja vahvistaa niit\u00e4. Lymfaattisen virtauksen stimulointi puolestaan edist\u00e4\u00e4 ylim\u00e4\u00e4r\u00e4isen veden ja j\u00e4tetuotteiden poistumista.<\/span>\n\t\t\t\t\t\t\t\t\t<\/li>\n\t\t\t\t\t\t\t\t<li class=\"elementor-icon-list-item\">\n\t\t\t\t\t\t\t\t\t\t\t<span class=\"elementor-icon-list-icon\">\n\t\t\t\t\t\t\t<i aria-hidden=\"true\" class=\"fas fa-leaf\"><\/i>\t\t\t\t\t\t<\/span>\n\t\t\t\t\t\t\t\t\t\t<span class=\"elementor-icon-list-text\">Eteeristen \u00f6ljyjen sekoitus tukee maksan toimintaa ja detox-prosesseja, parantaen samalla muiden vaikuttavien aineiden vaikutusta.<\/span>\n\t\t\t\t\t\t\t\t\t<\/li>\n\t\t\t\t\t\t\t\t<li class=\"elementor-icon-list-item\">\n\t\t\t\t\t\t\t\t\t\t\t<span class=\"elementor-icon-list-icon\">\n\t\t\t\t\t\t\t<i aria-hidden=\"true\" class=\"fas fa-leaf\"><\/i>\t\t\t\t\t\t<\/span>\n\t\t\t\t\t\t\t\t\t\t<span class=\"elementor-icon-list-text\">Epsom-suola (englanninkielinen suola) ja Kuolleenmeren suolat ovat luonnollisia bioaktiivisia magnesiumyhdisteiden l\u00e4hteit\u00e4. Magnesium on yksi t\u00e4rkeimmist\u00e4 mineraaleista, ja nyky\u00e4\u00e4n l\u00e4hes joka toinen ihminen kokee magnesiumin puutosta. Yksi vahvimmista magnesiumin elimist\u00f6n varastoinnin esteist\u00e4 on stressi, joka on tuhoisaa. Kelaatit ovat yksi tehokkaimmista tavoista palauttaa magnesiumvarat \u2013 ulkoinen k\u00e4ytt\u00f6 on tehokkaampaa kuin suun kautta otettu, koska se imeytyy suolistosta huonommin kuin ihon l\u00e4pi, jolloin magnesium p\u00e4\u00e4see suoraan verenkiertoon. Lis\u00e4ksi ne stimuloivat muiden k\u00e4\u00e4reiden vaikuttavia aineita, tukien lymfakiertoa ja parantaen magnesiumin imeytymist\u00e4 entisest\u00e4\u00e4n.<\/span>\n\t\t\t\t\t\t\t\t\t<\/li>\n\t\t\t\t\t\t\t\t<li class=\"elementor-icon-list-item\">\n\t\t\t\t\t\t\t\t\t\t\t<span class=\"elementor-icon-list-icon\">\n\t\t\t\t\t\t\t<i aria-hidden=\"true\" class=\"fas fa-leaf\"><\/i>\t\t\t\t\t\t<\/span>\n\t\t\t\t\t\t\t\t\t\t<span class=\"elementor-icon-list-text\">HAPPY FEET SPA -jalkak\u00e4\u00e4reit\u00e4 suositellaan k\u00e4ytett\u00e4v\u00e4ksi \"raskaissa jaloissa\", suonikohjujen ja fyysisen rasituksen yhteydess\u00e4.<\/span>\n\t\t\t\t\t\t\t\t\t<\/li>\n\t\t\t\t\t\t\t\t<li class=\"elementor-icon-list-item\">\n\t\t\t\t\t\t\t\t\t\t\t<span class=\"elementor-icon-list-icon\">\n\t\t\t\t\t\t\t<i aria-hidden=\"true\" class=\"fas fa-leaf\"><\/i>\t\t\t\t\t\t<\/span>\n\t\t\t\t\t\t\t\t\t\t<span class=\"elementor-icon-list-text\">BODY ACTIVATOR -vartalo-, k\u00e4si- ja jalkak\u00e4\u00e4reet sis\u00e4lt\u00e4v\u00e4t runsaasti magnesiumia, joka rentouttaa kudoksia ja tukee koko kehon palautumisprosessia. Ne sopivat tulehtuneisiin kudoksiin, kroonisiin sairauksiin ja tukevat posttraumaattisia tiloja, mukaan lukien kohtaukset. K\u00e4\u00e4reet sopivat hyvin my\u00f6s hierontatoimenpiteiden yhteyteen.<\/span>\n\t\t\t\t\t\t\t\t\t<\/li>\n\t\t\t\t\t\t<\/ul>\n\t\t\t\t\t\t<\/div>\n\t\t\t\t<\/div>\n\t\t\t\t<div class=\"elementor-element elementor-element-b35d94f elementor-widget elementor-widget-spacer\" data-id=\"b35d94f\" data-element_type=\"widget\" data-e-type=\"widget\" data-widget_type=\"spacer.default\">\n\t\t\t\t<div class=\"elementor-widget-container\">\n\t\t\t\t\t\t\t<div class=\"elementor-spacer\">\n\t\t\t<div class=\"elementor-spacer-inner\"><\/div>\n\t\t<\/div>\n\t\t\t\t\t\t<\/div>\n\t\t\t\t<\/div>\n\t\t\t\t\t<\/div>\n\t\t\t\t<\/div>\n\t\t<div class=\"elementor-element elementor-element-da4ecb6 e-flex e-con-boxed parallax_section_no qode_elementor_container_no e-con e-parent\" data-id=\"da4ecb6\" data-element_type=\"container\" data-e-type=\"container\">\n\t\t\t\t\t<div class=\"e-con-inner\">\n\t\t<div class=\"elementor-element elementor-element-3524d22 e-con-full e-flex parallax_section_no qode_elementor_container_no e-con e-child\" data-id=\"3524d22\" data-element_type=\"container\" data-e-type=\"container\">\n\t\t\t\t<div class=\"elementor-element elementor-element-8b4080d elementor-widget elementor-widget-image\" data-id=\"8b4080d\" data-element_type=\"widget\" data-e-type=\"widget\" data-widget_type=\"image.default\">\n\t\t\t\t<div class=\"elementor-widget-container\">\n\t\t\t\t\t\t\t\t\t\t\t\t\t\t\t<img fetchpriority=\"high\" decoding=\"async\" width=\"683\" height=\"1024\" src=\"https:\/\/minunhyvinvointi.fi\/wp-content\/uploads\/2023\/11\/Happy-feet-683x1024.jpg\" class=\"attachment-large size-large wp-image-1524\" alt=\"\" srcset=\"https:\/\/minunhyvinvointi.fi\/wp-content\/uploads\/2023\/11\/Happy-feet-683x1024.jpg 683w, https:\/\/minunhyvinvointi.fi\/wp-content\/uploads\/2023\/11\/Happy-feet-200x300.jpg 200w, https:\/\/minunhyvinvointi.fi\/wp-content\/uploads\/2023\/11\/Happy-feet-768x1152.jpg 768w, https:\/\/minunhyvinvointi.fi\/wp-content\/uploads\/2023\/11\/Happy-feet-1024x1536.jpg 1024w, https:\/\/minunhyvinvointi.fi\/wp-content\/uploads\/2023\/11\/Happy-feet-1365x2048.jpg 1365w, https:\/\/minunhyvinvointi.fi\/wp-content\/uploads\/2023\/11\/Happy-feet-700x1050.jpg 700w, https:\/\/minunhyvinvointi.fi\/wp-content\/uploads\/2023\/11\/Happy-feet-600x900.jpg 600w, https:\/\/minunhyvinvointi.fi\/wp-content\/uploads\/2023\/11\/Happy-feet-scaled.jpg 1707w\" sizes=\"(max-width: 683px) 100vw, 683px\" \/>\t\t\t\t\t\t\t\t\t\t\t\t\t\t\t<\/div>\n\t\t\t\t<\/div>\n\t\t\t\t<\/div>\n\t\t\t\t<div class=\"elementor-element elementor-element-23be680 elementor-widget elementor-widget-spacer\" data-id=\"23be680\" data-element_type=\"widget\" data-e-type=\"widget\" data-widget_type=\"spacer.default\">\n\t\t\t\t<div class=\"elementor-widget-container\">\n\t\t\t\t\t\t\t<div class=\"elementor-spacer\">\n\t\t\t<div class=\"elementor-spacer-inner\"><\/div>\n\t\t<\/div>\n\t\t\t\t\t\t<\/div>\n\t\t\t\t<\/div>\n\t\t<div class=\"elementor-element elementor-element-abb5528 e-con-full e-flex parallax_section_no qode_elementor_container_no e-con e-child\" data-id=\"abb5528\" data-element_type=\"container\" data-e-type=\"container\">\n\t\t\t\t<div class=\"elementor-element elementor-element-fbb0cf1 elementor-widget elementor-widget-image\" data-id=\"fbb0cf1\" data-element_type=\"widget\" data-e-type=\"widget\" data-widget_type=\"image.default\">\n\t\t\t\t<div class=\"elementor-widget-container\">\n\t\t\t\t\t\t\t\t\t\t\t\t\t\t\t<img decoding=\"async\" width=\"683\" height=\"1024\" src=\"https:\/\/minunhyvinvointi.fi\/wp-content\/uploads\/2023\/11\/Body-activators-683x1024.jpg\" class=\"attachment-large size-large wp-image-1505\" alt=\"\" srcset=\"https:\/\/minunhyvinvointi.fi\/wp-content\/uploads\/2023\/11\/Body-activators-683x1024.jpg 683w, https:\/\/minunhyvinvointi.fi\/wp-content\/uploads\/2023\/11\/Body-activators-200x300.jpg 200w, https:\/\/minunhyvinvointi.fi\/wp-content\/uploads\/2023\/11\/Body-activators-768x1152.jpg 768w, https:\/\/minunhyvinvointi.fi\/wp-content\/uploads\/2023\/11\/Body-activators-1024x1536.jpg 1024w, https:\/\/minunhyvinvointi.fi\/wp-content\/uploads\/2023\/11\/Body-activators-1365x2048.jpg 1365w, https:\/\/minunhyvinvointi.fi\/wp-content\/uploads\/2023\/11\/Body-activators-700x1050.jpg 700w, https:\/\/minunhyvinvointi.fi\/wp-content\/uploads\/2023\/11\/Body-activators-600x900.jpg 600w, https:\/\/minunhyvinvointi.fi\/wp-content\/uploads\/2023\/11\/Body-activators-scaled.jpg 1707w\" sizes=\"(max-width: 683px) 100vw, 683px\" \/>\t\t\t\t\t\t\t\t\t\t\t\t\t\t\t<\/div>\n\t\t\t\t<\/div>\n\t\t\t\t<\/div>\n\t\t\t\t\t<\/div>\n\t\t\t\t<\/div>\n\t\t<div class=\"elementor-element elementor-element-2780298 e-flex e-con-boxed parallax_section_no qode_elementor_container_no e-con e-parent\" data-id=\"2780298\" data-element_type=\"container\" data-e-type=\"container\">\n\t\t\t\t\t<div class=\"e-con-inner\">\n\t\t\t\t<div class=\"elementor-element elementor-element-1cde3eb elementor-widget elementor-widget-bridge_button\" data-id=\"1cde3eb\" data-element_type=\"widget\" data-e-type=\"widget\" data-widget_type=\"bridge_button.default\">\n\t\t\t\t<div class=\"elementor-widget-container\">\n\t\t\t\t\t<a  itemprop=\"url\" href=\"https:\/\/varaa.timma.fi\/reservation\/terapiahuoneminunhyvinvointi\" target=\"_blank\"  class=\"qbutton  default\" style=\"border-radius: 64px;-moz-border-radius: 64px;-webkit-border-radius: 64px; \">VARAA T\u00c4\u00c4LT\u00c4<\/a>\t\t\t\t<\/div>\n\t\t\t\t<\/div>\n\t\t\t\t\t<\/div>\n\t\t\t\t<\/div>\n\t\t\t\t<\/div>","protected":false},"excerpt":{"rendered":"<p>Kasvis-CO2-uutteet ja rakkolev\u00e4kompleksi v\u00e4hent\u00e4v\u00e4t tulehdusta kehossa. N\u00e4m\u00e4 luonnolliset aineet tukevat kudosten aineenvaihduntaa ja edist\u00e4v\u00e4t j\u00e4tetuotteiden erittymist\u00e4, auttaen kehoa puhdistumaan ja palautumaan tehokkaasti. 100 % LUONNOLLINEN BODY WRAPS ON PUHDAS VIRON LUONNOLLINEN TUOTE T\u00e4m\u00e4 on puhdas ja luonnollinen tuote, joka on valmistettu Virossa. Prosessi tukee kudosten&#8230;<\/p>","protected":false},"author":1,"featured_media":0,"parent":0,"menu_order":0,"comment_status":"closed","ping_status":"closed","template":"","meta":{"_monsterinsights_skip_tracking":false,"_monsterinsights_sitenote_active":false,"_monsterinsights_sitenote_note":"","_monsterinsights_sitenote_category":0,"footnotes":""},"class_list":["post-327","page","type-page","status-publish","hentry"],"_links":{"self":[{"href":"https:\/\/minunhyvinvointi.fi\/et\/wp-json\/wp\/v2\/pages\/327","targetHints":{"allow":["GET"]}}],"collection":[{"href":"https:\/\/minunhyvinvointi.fi\/et\/wp-json\/wp\/v2\/pages"}],"about":[{"href":"https:\/\/minunhyvinvointi.fi\/et\/wp-json\/wp\/v2\/types\/page"}],"author":[{"embeddable":true,"href":"https:\/\/minunhyvinvointi.fi\/et\/wp-json\/wp\/v2\/users\/1"}],"replies":[{"embeddable":true,"href":"https:\/\/minunhyvinvointi.fi\/et\/wp-json\/wp\/v2\/comments?post=327"}],"version-history":[{"count":0,"href":"https:\/\/minunhyvinvointi.fi\/et\/wp-json\/wp\/v2\/pages\/327\/revisions"}],"wp:attachment":[{"href":"https:\/\/minunhyvinvointi.fi\/et\/wp-json\/wp\/v2\/media?parent=327"}],"curies":[{"name":"wp","href":"https:\/\/api.w.org\/{rel}","templated":true}]}}