{"id":137,"date":"2020-06-20T18:47:58","date_gmt":"2020-06-20T18:47:58","guid":{"rendered":"https:\/\/bridge374.qodeinteractive.com\/?page_id=137"},"modified":"2025-09-12T20:32:38","modified_gmt":"2025-09-12T17:32:38","slug":"hinnasto","status":"publish","type":"page","link":"https:\/\/minunhyvinvointi.fi\/et\/hinnasto\/","title":{"rendered":"Hinnakiri"},"content":{"rendered":"<div data-elementor-type=\"wp-page\" data-elementor-id=\"137\" class=\"elementor elementor-137\">\n\t\t\t\t\t\t<section class=\"elementor-section elementor-top-section elementor-element elementor-element-6b2f9d6a elementor-section-full_width elementor-section-height-default elementor-section-height-default parallax_section_no qode_elementor_container_no\" data-id=\"6b2f9d6a\" data-element_type=\"section\" data-e-type=\"section\" data-settings=\"{&quot;background_background&quot;:&quot;classic&quot;}\">\n\t\t\t\t\t\t<div class=\"elementor-container elementor-column-gap-default\">\n\t\t\t\t\t<div class=\"elementor-column elementor-col-100 elementor-top-column elementor-element elementor-element-14b44a8f\" data-id=\"14b44a8f\" data-element_type=\"column\" data-e-type=\"column\" data-settings=\"{&quot;background_background&quot;:&quot;classic&quot;}\">\n\t\t\t<div class=\"elementor-widget-wrap elementor-element-populated\">\n\t\t\t\t\t\t<div class=\"elementor-element elementor-element-7e53242d elementor-widget elementor-widget-spacer\" data-id=\"7e53242d\" data-element_type=\"widget\" data-e-type=\"widget\" data-widget_type=\"spacer.default\">\n\t\t\t\t<div class=\"elementor-widget-container\">\n\t\t\t\t\t\t\t<div class=\"elementor-spacer\">\n\t\t\t<div class=\"elementor-spacer-inner\"><\/div>\n\t\t<\/div>\n\t\t\t\t\t\t<\/div>\n\t\t\t\t<\/div>\n\t\t\t\t<div class=\"elementor-element elementor-element-2ddd62ea elementor-widget elementor-widget-image\" data-id=\"2ddd62ea\" data-element_type=\"widget\" data-e-type=\"widget\" data-widget_type=\"image.default\">\n\t\t\t\t<div class=\"elementor-widget-container\">\n\t\t\t\t\t\t\t\t\t\t\t\t\t\t\t<img decoding=\"async\" width=\"43\" height=\"40\" src=\"https:\/\/minunhyvinvointi.fi\/wp-content\/uploads\/2020\/06\/section-flower-image-2.png\" class=\"attachment-large size-large wp-image-45\" alt=\"f\" \/>\t\t\t\t\t\t\t\t\t\t\t\t\t\t\t<\/div>\n\t\t\t\t<\/div>\n\t\t\t\t<div class=\"elementor-element elementor-element-267aa85c elementor-widget elementor-widget-heading\" data-id=\"267aa85c\" data-element_type=\"widget\" data-e-type=\"widget\" data-widget_type=\"heading.default\">\n\t\t\t\t<div class=\"elementor-widget-container\">\n\t\t\t\t\t<h3 class=\"elementor-heading-title elementor-size-default\">Teenused<\/h3>\t\t\t\t<\/div>\n\t\t\t\t<\/div>\n\t\t\t\t<div class=\"elementor-element elementor-element-533af90b elementor-widget elementor-widget-spacer\" data-id=\"533af90b\" data-element_type=\"widget\" data-e-type=\"widget\" data-widget_type=\"spacer.default\">\n\t\t\t\t<div class=\"elementor-widget-container\">\n\t\t\t\t\t\t\t<div class=\"elementor-spacer\">\n\t\t\t<div class=\"elementor-spacer-inner\"><\/div>\n\t\t<\/div>\n\t\t\t\t\t\t<\/div>\n\t\t\t\t<\/div>\n\t\t\t\t<div class=\"elementor-element elementor-element-eb57db1 elementor-widget elementor-widget-heading\" data-id=\"eb57db1\" data-element_type=\"widget\" data-e-type=\"widget\" data-widget_type=\"heading.default\">\n\t\t\t\t<div class=\"elementor-widget-container\">\n\t\t\t\t\t<h5 class=\"elementor-heading-title elementor-size-default\">Jos,et p\u00e4\u00e4se sovittuun tapaamiseen, muista perua varattu aika viimeist\u00e4\u00e4n kello 8 k\u00e4yntip\u00e4iv\u00e4n\u00e4. Ilman ilmoitusta laskuatan normaali k\u00e4yntimaksu. Perutukse\u0146 voi teh\u00e4 my\u0151s teksitivi\u00e8till\u00e4 numeroon\u00a0 <a href=\"tel:4050364\">+358 405088364<\/a><\/h5>\t\t\t\t<\/div>\n\t\t\t\t<\/div>\n\t\t\t\t<div class=\"elementor-element elementor-element-492754bb elementor-widget elementor-widget-spacer\" data-id=\"492754bb\" data-element_type=\"widget\" data-e-type=\"widget\" data-widget_type=\"spacer.default\">\n\t\t\t\t<div class=\"elementor-widget-container\">\n\t\t\t\t\t\t\t<div class=\"elementor-spacer\">\n\t\t\t<div class=\"elementor-spacer-inner\"><\/div>\n\t\t<\/div>\n\t\t\t\t\t\t<\/div>\n\t\t\t\t<\/div>\n\t\t\t\t<section class=\"elementor-section elementor-inner-section elementor-element elementor-element-598ba7dc elementor-section-full_width qode_elementor_container_inner elementor-section-height-default elementor-section-height-default parallax_section_no\" data-id=\"598ba7dc\" data-element_type=\"section\" data-e-type=\"section\">\n\t\t\t\t\t\t<div class=\"elementor-container elementor-column-gap-default\">\n\t\t\t\t\t<div class=\"elementor-column elementor-col-50 elementor-inner-column elementor-element elementor-element-5146a7a\" data-id=\"5146a7a\" data-element_type=\"column\" data-e-type=\"column\">\n\t\t\t<div class=\"elementor-widget-wrap elementor-element-populated\">\n\t\t\t\t\t\t<div class=\"elementor-element elementor-element-3dff1a8c elementor-widget elementor-widget-heading\" data-id=\"3dff1a8c\" data-element_type=\"widget\" data-e-type=\"widget\" data-widget_type=\"heading.default\">\n\t\t\t\t<div class=\"elementor-widget-container\">\n\t\t\t\t\t<h4 class=\"elementor-heading-title elementor-size-default\">Massaa\u017eiteenused<\/h4>\t\t\t\t<\/div>\n\t\t\t\t<\/div>\n\t\t\t\t<div class=\"elementor-element elementor-element-47a6ad15 elementor-widget elementor-widget-bridge_advanced_pricing_list\" data-id=\"47a6ad15\" data-element_type=\"widget\" data-e-type=\"widget\" data-widget_type=\"bridge_advanced_pricing_list.default\">\n\t\t\t\t<div class=\"elementor-widget-container\">\n\t\t\t\t\t<div class=\"qode-advanced-pricing-list\">\n\t<div class=\"qode-apl-header\">\n\t\t<div class=\"qode-apl-title-holder\">\n\t\t\t<h3 class=\"qode-apl-title\" >\n\t\t\t\t\t\t\t<\/h3>\n\t\t<\/div>\n\t<\/div>\n\t<div class=\"qode-apl-items\">\n\t\t\t\t\t<div class=\"qode-apl-item\">\n\t\t\t\t<div class=\"qode-apl-item-top\">\n\t\t\t\t\t<p class=\"qode-apl-item-title\" >\n\t\t\t\t\t\tKlassinen hieronta 30 min\t\t\t\t\t<\/p>\n\t\t\t\t\t<div class=\"qode-apl-line\" style=\"border-style:dotted;border-color:rgba(255, 255, 255, 0.48)\"><\/div>\n\t\t\t\t\t<p class=\"qode-apl-item-price\" >\n\t\t\t\t\t\t40\u20ac\t\t\t\t\t<\/p>\n\t\t\t\t<\/div>\n\t\t\t\t\t\t\t<\/div>\n\t\t\t\t\t<div class=\"qode-apl-item\">\n\t\t\t\t<div class=\"qode-apl-item-top\">\n\t\t\t\t\t<p class=\"qode-apl-item-title\" >\n\t\t\t\t\t\tKlassinen hieronta 45 min\t\t\t\t\t<\/p>\n\t\t\t\t\t<div class=\"qode-apl-line\" style=\"border-style:dotted;border-color:rgba(255, 255, 255, 0.48)\"><\/div>\n\t\t\t\t\t<p class=\"qode-apl-item-price\" >\n\t\t\t\t\t\t55\u20ac\t\t\t\t\t<\/p>\n\t\t\t\t<\/div>\n\t\t\t\t\t\t\t<\/div>\n\t\t\t\t\t<div class=\"qode-apl-item\">\n\t\t\t\t<div class=\"qode-apl-item-top\">\n\t\t\t\t\t<p class=\"qode-apl-item-title\" >\n\t\t\t\t\t\tKlassikaline massaa\u017e \u2013 60 min\t\t\t\t\t<\/p>\n\t\t\t\t\t<div class=\"qode-apl-line\" style=\"border-style:dotted;border-color:rgba(255, 255, 255, 0.48)\"><\/div>\n\t\t\t\t\t<p class=\"qode-apl-item-price\" >\n\t\t\t\t\t\t60\u20ac\t\t\t\t\t<\/p>\n\t\t\t\t<\/div>\n\t\t\t\t\t\t\t<\/div>\n\t\t\t\t\t<div class=\"qode-apl-item\">\n\t\t\t\t<div class=\"qode-apl-item-top\">\n\t\t\t\t\t<p class=\"qode-apl-item-title\" >\n\t\t\t\t\t\tKlassikaline massaa\u017e \u2013 90 min\t\t\t\t\t<\/p>\n\t\t\t\t\t<div class=\"qode-apl-line\" style=\"border-style:dotted;border-color:rgba(255, 255, 255, 0.48)\"><\/div>\n\t\t\t\t\t<p class=\"qode-apl-item-price\" >\n\t\t\t\t\t\t85\u20ac\t\t\t\t\t<\/p>\n\t\t\t\t<\/div>\n\t\t\t\t\t\t\t<\/div>\n\t\t\t\t\t<div class=\"qode-apl-item\">\n\t\t\t\t<div class=\"qode-apl-item-top\">\n\t\t\t\t\t<p class=\"qode-apl-item-title\" >\n\t\t\t\t\t\tKlassikaline massaa\u017e \u2013 120 min\t\t\t\t\t<\/p>\n\t\t\t\t\t<div class=\"qode-apl-line\" style=\"border-style:dotted;border-color:rgba(255, 255, 255, 0.48)\"><\/div>\n\t\t\t\t\t<p class=\"qode-apl-item-price\" >\n\t\t\t\t\t\t110\u20ac\t\t\t\t\t<\/p>\n\t\t\t\t<\/div>\n\t\t\t\t\t\t\t<\/div>\n\t\t\t\t\t<div class=\"qode-apl-item\">\n\t\t\t\t<div class=\"qode-apl-item-top\">\n\t\t\t\t\t<p class=\"qode-apl-item-title\" >\n\t\t\t\t\t\tUrheiluhieronta 30 min\t\t\t\t\t<\/p>\n\t\t\t\t\t<div class=\"qode-apl-line\" style=\"border-style:dotted;border-color:rgba(255, 255, 255, 0.48)\"><\/div>\n\t\t\t\t\t<p class=\"qode-apl-item-price\" >\n\t\t\t\t\t\t40\u20ac\t\t\t\t\t<\/p>\n\t\t\t\t<\/div>\n\t\t\t\t\t\t\t<\/div>\n\t\t\t\t\t<div class=\"qode-apl-item\">\n\t\t\t\t<div class=\"qode-apl-item-top\">\n\t\t\t\t\t<p class=\"qode-apl-item-title\" >\n\t\t\t\t\t\tSpordimassaa\u017e \u2013 60 min\t\t\t\t\t<\/p>\n\t\t\t\t\t<div class=\"qode-apl-line\" style=\"border-style:dotted;border-color:rgba(255, 255, 255, 0.48)\"><\/div>\n\t\t\t\t\t<p class=\"qode-apl-item-price\" >\n\t\t\t\t\t\t60\u20ac\t\t\t\t\t<\/p>\n\t\t\t\t<\/div>\n\t\t\t\t\t\t\t<\/div>\n\t\t\t\t\t<div class=\"qode-apl-item\">\n\t\t\t\t<div class=\"qode-apl-item-top\">\n\t\t\t\t\t<p class=\"qode-apl-item-title\" >\n\t\t\t\t\t\tUrheiluhieronta 90 min\t\t\t\t\t<\/p>\n\t\t\t\t\t<div class=\"qode-apl-line\" style=\"border-style:dotted;border-color:rgba(255, 255, 255, 0.48)\"><\/div>\n\t\t\t\t\t<p class=\"qode-apl-item-price\" >\n\t\t\t\t\t\t85\u20ac\t\t\t\t\t<\/p>\n\t\t\t\t<\/div>\n\t\t\t\t\t\t\t<\/div>\n\t\t\t\t\t<div class=\"qode-apl-item\">\n\t\t\t\t<div class=\"qode-apl-item-top\">\n\t\t\t\t\t<p class=\"qode-apl-item-title\" >\n\t\t\t\t\t\tNiska \u2013 ja hardiahieronta 45 min\t\t\t\t\t<\/p>\n\t\t\t\t\t<div class=\"qode-apl-line\" style=\"border-style:dotted;border-color:rgba(255, 255, 255, 0.48)\"><\/div>\n\t\t\t\t\t<p class=\"qode-apl-item-price\" >\n\t\t\t\t\t\t55\u20ac\t\t\t\t\t<\/p>\n\t\t\t\t<\/div>\n\t\t\t\t\t\t\t<\/div>\n\t\t\t\t\t<div class=\"qode-apl-item\">\n\t\t\t\t<div class=\"qode-apl-item-top\">\n\t\t\t\t\t<p class=\"qode-apl-item-title\" >\n\t\t\t\t\t\tM\u00e4lumislihaste k\u00e4sitlus \u2013 45 min\t\t\t\t\t<\/p>\n\t\t\t\t\t<div class=\"qode-apl-line\" style=\"border-style:dotted;border-color:rgba(255, 255, 255, 0.48)\"><\/div>\n\t\t\t\t\t<p class=\"qode-apl-item-price\" >\n\t\t\t\t\t\t60\u20ac\t\t\t\t\t<\/p>\n\t\t\t\t<\/div>\n\t\t\t\t\t\t\t<\/div>\n\t\t\t\t\t<div class=\"qode-apl-item\">\n\t\t\t\t<div class=\"qode-apl-item-top\">\n\t\t\t\t\t<p class=\"qode-apl-item-title\" >\n\t\t\t\t\t\tM\u00e4lumislihaste k\u00e4sitlus \u2013 60 min\t\t\t\t\t<\/p>\n\t\t\t\t\t<div class=\"qode-apl-line\" style=\"border-style:dotted;border-color:rgba(255, 255, 255, 0.48)\"><\/div>\n\t\t\t\t\t<p class=\"qode-apl-item-price\" >\n\t\t\t\t\t\t70\u20ac\t\t\t\t\t<\/p>\n\t\t\t\t<\/div>\n\t\t\t\t\t\t\t<\/div>\n\t\t\t\t\t<div class=\"qode-apl-item\">\n\t\t\t\t<div class=\"qode-apl-item-top\">\n\t\t\t\t\t<p class=\"qode-apl-item-title\" >\n\t\t\t\t\t\tRasedusmassaa\u017e \u2013 60 min\t\t\t\t\t<\/p>\n\t\t\t\t\t<div class=\"qode-apl-line\" style=\"border-style:dotted;border-color:rgba(255, 255, 255, 0.48)\"><\/div>\n\t\t\t\t\t<p class=\"qode-apl-item-price\" >\n\t\t\t\t\t\t65\u20ac\t\t\t\t\t<\/p>\n\t\t\t\t<\/div>\n\t\t\t\t\t\t\t<\/div>\n\t\t\t\t\t<div class=\"qode-apl-item\">\n\t\t\t\t<div class=\"qode-apl-item-top\">\n\t\t\t\t\t<p class=\"qode-apl-item-title\" >\n\t\t\t\t\t\tTriggerpunktmassaa\u017e \u2013 45 min\t\t\t\t\t<\/p>\n\t\t\t\t\t<div class=\"qode-apl-line\" style=\"border-style:dotted;border-color:rgba(255, 255, 255, 0.48)\"><\/div>\n\t\t\t\t\t<p class=\"qode-apl-item-price\" >\n\t\t\t\t\t\t55\u20ac\t\t\t\t\t<\/p>\n\t\t\t\t<\/div>\n\t\t\t\t\t\t\t<\/div>\n\t\t\t\t\t<div class=\"qode-apl-item\">\n\t\t\t\t<div class=\"qode-apl-item-top\">\n\t\t\t\t\t<p class=\"qode-apl-item-title\" >\n\t\t\t\t\t\tKuumakivimassaa\u017e \u2013 90 min\t\t\t\t\t<\/p>\n\t\t\t\t\t<div class=\"qode-apl-line\" style=\"border-style:dotted;border-color:rgba(255, 255, 255, 0.48)\"><\/div>\n\t\t\t\t\t<p class=\"qode-apl-item-price\" >\n\t\t\t\t\t\t100\u20ac\t\t\t\t\t<\/p>\n\t\t\t\t<\/div>\n\t\t\t\t\t\t\t<\/div>\n\t\t\t\t\t<div class=\"qode-apl-item\">\n\t\t\t\t<div class=\"qode-apl-item-top\">\n\t\t\t\t\t<p class=\"qode-apl-item-title\" >\n\t\t\t\t\t\tAroomimassaa\u017e \u2013 90 min\t\t\t\t\t<\/p>\n\t\t\t\t\t<div class=\"qode-apl-line\" style=\"border-style:dotted;border-color:rgba(255, 255, 255, 0.48)\"><\/div>\n\t\t\t\t\t<p class=\"qode-apl-item-price\" >\n\t\t\t\t\t\t100\u20ac\t\t\t\t\t<\/p>\n\t\t\t\t<\/div>\n\t\t\t\t\t\t\t<\/div>\n\t\t\t\t\t<div class=\"qode-apl-item\">\n\t\t\t\t<div class=\"qode-apl-item-top\">\n\t\t\t\t\t<p class=\"qode-apl-item-title\" >\n\t\t\t\t\t\tYrttihieronta 90min\t\t\t\t\t<\/p>\n\t\t\t\t\t<div class=\"qode-apl-line\" style=\"border-style:dotted;border-color:rgba(255, 255, 255, 0.48)\"><\/div>\n\t\t\t\t\t<p class=\"qode-apl-item-price\" >\n\t\t\t\t\t\t100\u20ac\t\t\t\t\t<\/p>\n\t\t\t\t<\/div>\n\t\t\t\t\t\t\t<\/div>\n\t\t\t\t\t<div class=\"qode-apl-item\">\n\t\t\t\t<div class=\"qode-apl-item-top\">\n\t\t\t\t\t<p class=\"qode-apl-item-title\" >\n\t\t\t\t\t\t\t\t\t\t\t<\/p>\n\t\t\t\t\t<div class=\"qode-apl-line\" style=\"border-style:dotted;border-color:rgba(255, 255, 255, 0.48)\"><\/div>\n\t\t\t\t\t<p class=\"qode-apl-item-price\" >\n\t\t\t\t\t\t\t\t\t\t\t<\/p>\n\t\t\t\t<\/div>\n\t\t\t\t\t\t\t<\/div>\n\t\t\t<\/div>\n<\/div>\t\t\t\t<\/div>\n\t\t\t\t<\/div>\n\t\t\t\t\t<\/div>\n\t\t<\/div>\n\t\t\t\t<div class=\"elementor-column elementor-col-50 elementor-inner-column elementor-element elementor-element-435737a2\" data-id=\"435737a2\" data-element_type=\"column\" data-e-type=\"column\">\n\t\t\t<div class=\"elementor-widget-wrap elementor-element-populated\">\n\t\t\t\t\t\t<div class=\"elementor-element elementor-element-06371eb elementor-widget elementor-widget-heading\" data-id=\"06371eb\" data-element_type=\"widget\" data-e-type=\"widget\" data-widget_type=\"heading.default\">\n\t\t\t\t<div class=\"elementor-widget-container\">\n\t\t\t\t\t<h4 class=\"elementor-heading-title elementor-size-default\">Kehahooldused<\/h4>\t\t\t\t<\/div>\n\t\t\t\t<\/div>\n\t\t\t\t<div class=\"elementor-element elementor-element-b987ae8 elementor-widget elementor-widget-bridge_advanced_pricing_list\" data-id=\"b987ae8\" data-element_type=\"widget\" data-e-type=\"widget\" data-widget_type=\"bridge_advanced_pricing_list.default\">\n\t\t\t\t<div class=\"elementor-widget-container\">\n\t\t\t\t\t<div class=\"qode-advanced-pricing-list\">\n\t<div class=\"qode-apl-header\">\n\t\t<div class=\"qode-apl-title-holder\">\n\t\t\t<h3 class=\"qode-apl-title\" >\n\t\t\t\t\t\t\t<\/h3>\n\t\t<\/div>\n\t<\/div>\n\t<div class=\"qode-apl-items\">\n\t\t\t\t\t<div class=\"qode-apl-item\">\n\t\t\t\t<div class=\"qode-apl-item-top\">\n\t\t\t\t\t<p class=\"qode-apl-item-title\" >\n\t\t\t\t\t\tInfrapunateraapia \u2013 60 min\t\t\t\t\t<\/p>\n\t\t\t\t\t<div class=\"qode-apl-line\" style=\"border-style:dotted\"><\/div>\n\t\t\t\t\t<p class=\"qode-apl-item-price\" >\n\t\t\t\t\t\t60\u20ac\t\t\t\t\t<\/p>\n\t\t\t\t<\/div>\n\t\t\t\t\t\t\t<\/div>\n\t\t\t\t\t<div class=\"qode-apl-item\">\n\t\t\t\t<div class=\"qode-apl-item-top\">\n\t\t\t\t\t<p class=\"qode-apl-item-title\" >\n\t\t\t\t\t\tLymfaatinen Hieronta 30 min\t\t\t\t\t<\/p>\n\t\t\t\t\t<div class=\"qode-apl-line\" style=\"border-style:dotted\"><\/div>\n\t\t\t\t\t<p class=\"qode-apl-item-price\" >\n\t\t\t\t\t\t50\u20ac\t\t\t\t\t<\/p>\n\t\t\t\t<\/div>\n\t\t\t\t\t\t\t<\/div>\n\t\t\t\t\t<div class=\"qode-apl-item\">\n\t\t\t\t<div class=\"qode-apl-item-top\">\n\t\t\t\t\t<p class=\"qode-apl-item-title\" >\n\t\t\t\t\t\tLymfaatinen Hieronta 60 min\t\t\t\t\t<\/p>\n\t\t\t\t\t<div class=\"qode-apl-line\" style=\"border-style:dotted\"><\/div>\n\t\t\t\t\t<p class=\"qode-apl-item-price\" >\n\t\t\t\t\t\t75\u20ac\t\t\t\t\t<\/p>\n\t\t\t\t<\/div>\n\t\t\t\t\t\t\t<\/div>\n\t\t\t\t\t<div class=\"qode-apl-item\">\n\t\t\t\t<div class=\"qode-apl-item-top\">\n\t\t\t\t\t<p class=\"qode-apl-item-title\" >\n\t\t\t\t\t\tLymfaatinen Hieronta 90 min\t\t\t\t\t<\/p>\n\t\t\t\t\t<div class=\"qode-apl-line\" style=\"border-style:dotted\"><\/div>\n\t\t\t\t\t<p class=\"qode-apl-item-price\" >\n\t\t\t\t\t\t100\u20ac\t\t\t\t\t<\/p>\n\t\t\t\t<\/div>\n\t\t\t\t\t\t\t<\/div>\n\t\t\t\t\t<div class=\"qode-apl-item\">\n\t\t\t\t<div class=\"qode-apl-item-top\">\n\t\t\t\t\t<p class=\"qode-apl-item-title\" >\n\t\t\t\t\t\tShiatsu \u2013 100 min\t\t\t\t\t<\/p>\n\t\t\t\t\t<div class=\"qode-apl-line\" style=\"border-style:dotted\"><\/div>\n\t\t\t\t\t<p class=\"qode-apl-item-price\" >\n\t\t\t\t\t\t85\u20ac\t\t\t\t\t<\/p>\n\t\t\t\t<\/div>\n\t\t\t\t\t\t\t<\/div>\n\t\t\t<\/div>\n<\/div>\t\t\t\t<\/div>\n\t\t\t\t<\/div>\n\t\t\t\t<div class=\"elementor-element elementor-element-d57bc41 elementor-widget elementor-widget-spacer\" data-id=\"d57bc41\" data-element_type=\"widget\" data-e-type=\"widget\" data-widget_type=\"spacer.default\">\n\t\t\t\t<div class=\"elementor-widget-container\">\n\t\t\t\t\t\t\t<div class=\"elementor-spacer\">\n\t\t\t<div class=\"elementor-spacer-inner\"><\/div>\n\t\t<\/div>\n\t\t\t\t\t\t<\/div>\n\t\t\t\t<\/div>\n\t\t\t\t<div class=\"elementor-element elementor-element-47b03145 elementor-widget elementor-widget-heading\" data-id=\"47b03145\" data-element_type=\"widget\" data-e-type=\"widget\" data-widget_type=\"heading.default\">\n\t\t\t\t<div class=\"elementor-widget-container\">\n\t\t\t\t\t<h4 class=\"elementor-heading-title elementor-size-default\">TERAAPIAD<\/h4>\t\t\t\t<\/div>\n\t\t\t\t<\/div>\n\t\t\t\t<div class=\"elementor-element elementor-element-7abae8ef elementor-widget elementor-widget-bridge_advanced_pricing_list\" data-id=\"7abae8ef\" data-element_type=\"widget\" data-e-type=\"widget\" data-widget_type=\"bridge_advanced_pricing_list.default\">\n\t\t\t\t<div class=\"elementor-widget-container\">\n\t\t\t\t\t<div class=\"qode-advanced-pricing-list\">\n\t<div class=\"qode-apl-header\">\n\t\t<div class=\"qode-apl-title-holder\">\n\t\t\t<h3 class=\"qode-apl-title\" >\n\t\t\t\t\t\t\t<\/h3>\n\t\t<\/div>\n\t<\/div>\n\t<div class=\"qode-apl-items\">\n\t\t\t\t\t<div class=\"qode-apl-item\">\n\t\t\t\t<div class=\"qode-apl-item-top\">\n\t\t\t\t\t<p class=\"qode-apl-item-title\" >\n\t\t\t\t\t\tAroomiteraapia \u2013 90 min\t\t\t\t\t<\/p>\n\t\t\t\t\t<div class=\"qode-apl-line\" style=\"border-style:dotted\"><\/div>\n\t\t\t\t\t<p class=\"qode-apl-item-price\" >\n\t\t\t\t\t\t75\u20ac\t\t\t\t\t<\/p>\n\t\t\t\t<\/div>\n\t\t\t\t\t\t\t<\/div>\n\t\t\t\t\t<div class=\"qode-apl-item\">\n\t\t\t\t<div class=\"qode-apl-item-top\">\n\t\t\t\t\t<p class=\"qode-apl-item-title\" >\n\t\t\t\t\t\tBachi \u00f5ieteraapia \u2013 3 \u00d7 90 min\t\t\t\t\t<\/p>\n\t\t\t\t\t<div class=\"qode-apl-line\" style=\"border-style:dotted\"><\/div>\n\t\t\t\t\t<p class=\"qode-apl-item-price\" >\n\t\t\t\t\t\t235\u20ac\t\t\t\t\t<\/p>\n\t\t\t\t<\/div>\n\t\t\t\t\t\t\t<\/div>\n\t\t\t\t\t<div class=\"qode-apl-item\">\n\t\t\t\t<div class=\"qode-apl-item-top\">\n\t\t\t\t\t<p class=\"qode-apl-item-title\" >\n\t\t\t\t\t\tToitumisn\u00f5ustamine \u2013 60 min \t\t\t\t\t<\/p>\n\t\t\t\t\t<div class=\"qode-apl-line\" style=\"border-style:dotted\"><\/div>\n\t\t\t\t\t<p class=\"qode-apl-item-price\" >\n\t\t\t\t\t\t60\u20ac\t\t\t\t\t<\/p>\n\t\t\t\t<\/div>\n\t\t\t\t\t\t\t<\/div>\n\t\t\t<\/div>\n<\/div>\t\t\t\t<\/div>\n\t\t\t\t<\/div>\n\t\t\t\t<div class=\"elementor-element elementor-element-967230b elementor-widget elementor-widget-spacer\" data-id=\"967230b\" data-element_type=\"widget\" data-e-type=\"widget\" data-widget_type=\"spacer.default\">\n\t\t\t\t<div class=\"elementor-widget-container\">\n\t\t\t\t\t\t\t<div class=\"elementor-spacer\">\n\t\t\t<div class=\"elementor-spacer-inner\"><\/div>\n\t\t<\/div>\n\t\t\t\t\t\t<\/div>\n\t\t\t\t<\/div>\n\t\t\t\t<div class=\"elementor-element elementor-element-2192521 elementor-widget elementor-widget-bridge_button\" data-id=\"2192521\" data-element_type=\"widget\" data-e-type=\"widget\" data-widget_type=\"bridge_button.default\">\n\t\t\t\t<div class=\"elementor-widget-container\">\n\t\t\t\t\t<a  itemprop=\"url\" href=\"https:\/\/varaa.timma.fi\/reservation\/terapiahuoneminunhyvinvointi\" target=\"_blank\"  class=\"qbutton  default\" style=\"border-radius: 64px;-moz-border-radius: 64px;-webkit-border-radius: 64px; \">Broneeri siit<\/a>\t\t\t\t<\/div>\n\t\t\t\t<\/div>\n\t\t\t\t\t<\/div>\n\t\t<\/div>\n\t\t\t\t\t<\/div>\n\t\t<\/section>\n\t\t\t\t\t<\/div>\n\t\t<\/div>\n\t\t\t\t\t<\/div>\n\t\t<\/section>\n\t\t\t\t<\/div>","protected":false},"excerpt":{"rendered":"<p>Palvelut Jos,et p\u00e4\u00e4se sovittuun tapaamiseen, muista perua varattu aika viimeist\u00e4\u00e4n kello 8 k\u00e4yntip\u00e4iv\u00e4n\u00e4. Ilman ilmoitusta laskuatan normaali k\u00e4yntimaksu. Perutukse\u0146 voi teh\u00e4 my\u0151s teksitivi\u00e8till\u00e4 numeroon\u00a0 +358 405088364 HIERONTA Klassinen hieronta 30 min 40\u20ac Klassinen hieronta 45 min 55\u20ac Klassinen hieronta 60 min 60\u20ac Klassinen hieronta 90&#8230;<\/p>","protected":false},"author":1,"featured_media":0,"parent":0,"menu_order":0,"comment_status":"closed","ping_status":"closed","template":"full_width.php","meta":{"_monsterinsights_skip_tracking":false,"_monsterinsights_sitenote_active":false,"_monsterinsights_sitenote_note":"","_monsterinsights_sitenote_category":0,"footnotes":""},"class_list":["post-137","page","type-page","status-publish","hentry"],"_links":{"self":[{"href":"https:\/\/minunhyvinvointi.fi\/et\/wp-json\/wp\/v2\/pages\/137","targetHints":{"allow":["GET"]}}],"collection":[{"href":"https:\/\/minunhyvinvointi.fi\/et\/wp-json\/wp\/v2\/pages"}],"about":[{"href":"https:\/\/minunhyvinvointi.fi\/et\/wp-json\/wp\/v2\/types\/page"}],"author":[{"embeddable":true,"href":"https:\/\/minunhyvinvointi.fi\/et\/wp-json\/wp\/v2\/users\/1"}],"replies":[{"embeddable":true,"href":"https:\/\/minunhyvinvointi.fi\/et\/wp-json\/wp\/v2\/comments?post=137"}],"version-history":[{"count":0,"href":"https:\/\/minunhyvinvointi.fi\/et\/wp-json\/wp\/v2\/pages\/137\/revisions"}],"wp:attachment":[{"href":"https:\/\/minunhyvinvointi.fi\/et\/wp-json\/wp\/v2\/media?parent=137"}],"curies":[{"name":"wp","href":"https:\/\/api.w.org\/{rel}","templated":true}]}}